{"id":1042,"date":"2021-06-23T09:24:01","date_gmt":"2021-06-23T09:24:01","guid":{"rendered":"https:\/\/distrimob.be\/referenzen\/"},"modified":"2025-11-26T07:28:27","modified_gmt":"2025-11-26T07:28:27","slug":"referenzen","status":"publish","type":"page","link":"https:\/\/distrimob.be\/de\/referenzen\/","title":{"rendered":"Referenzen"},"content":{"rendered":"\t\t<div data-elementor-type=\"wp-page\" data-elementor-id=\"1042\" class=\"elementor elementor-1042 elementor-53\" data-elementor-post-type=\"page\">\n\t\t\t\t\t\t<section class=\"elementor-section elementor-top-section elementor-element elementor-element-7c8b1145 elementor-section-boxed elementor-section-height-default elementor-section-height-default elementor-invisible\" data-id=\"7c8b1145\" data-element_type=\"section\" data-e-type=\"section\" data-settings=\"{&quot;background_background&quot;:&quot;classic&quot;,&quot;animation&quot;:&quot;fadeIn&quot;}\">\n\t\t\t\t\t\t<div class=\"elementor-container elementor-column-gap-default\">\n\t\t\t\t\t<div class=\"elementor-column elementor-col-50 elementor-top-column elementor-element elementor-element-2f71bc05\" data-id=\"2f71bc05\" data-element_type=\"column\" data-e-type=\"column\">\n\t\t\t<div class=\"elementor-widget-wrap elementor-element-populated\">\n\t\t\t\t\t\t<div class=\"elementor-element elementor-element-4589285d elementor-widget elementor-widget-heading\" data-id=\"4589285d\" data-element_type=\"widget\" data-e-type=\"widget\" data-widget_type=\"heading.default\">\n\t\t\t\t<div class=\"elementor-widget-container\">\n\t\t\t\t\t<h1 class=\"elementor-heading-title elementor-size-default\"><span style=\"color:#03ccf1\">DistriMob<\/span> im Stra\u00dfenbild<\/h1>\t\t\t\t<\/div>\n\t\t\t\t<\/div>\n\t\t\t\t<div class=\"elementor-element elementor-element-4f423219 elementor-widget elementor-widget-heading\" data-id=\"4f423219\" data-element_type=\"widget\" data-e-type=\"widget\" data-widget_type=\"heading.default\">\n\t\t\t\t<div class=\"elementor-widget-container\">\n\t\t\t\t\t<h2 class=\"elementor-heading-title elementor-size-default\">Entscheiden Sie sich f\u00fcr umweltfreundliche, hochwertige Personenbef\u00f6rderung<\/h2>\t\t\t\t<\/div>\n\t\t\t\t<\/div>\n\t\t\t\t<div class=\"elementor-element elementor-element-3f91e768 elementor-widget elementor-widget-text-editor\" data-id=\"3f91e768\" data-element_type=\"widget\" data-e-type=\"widget\" data-widget_type=\"text-editor.default\">\n\t\t\t\t<div class=\"elementor-widget-container\">\n\t\t\t\t\t\t\t\t\t<p>Die E-Shuttlebusse von Distrimob bereichern das Stra\u00dfenbild in St\u00e4dten und Gemeinden. Hier sehen Sie praktische Beispiele f\u00fcr unsere ma\u00dfgeschneiderten elektrischen \u00f6ffentlichen Verkehrsmittel.<\/p>\n\t\t\t\t\t\t\t\t<\/div>\n\t\t\t\t<\/div>\n\t\t\t\t\t<\/div>\n\t\t<\/div>\n\t\t\t\t<div class=\"elementor-column elementor-col-50 elementor-top-column elementor-element elementor-element-6bb312d5 elementor-hidden-phone\" data-id=\"6bb312d5\" data-element_type=\"column\" data-e-type=\"column\">\n\t\t\t<div class=\"elementor-widget-wrap elementor-element-populated\">\n\t\t\t\t\t\t<div class=\"elementor-element elementor-element-a8d055f elementor-widget elementor-widget-image\" data-id=\"a8d055f\" data-element_type=\"widget\" data-e-type=\"widget\" data-widget_type=\"image.default\">\n\t\t\t\t<div class=\"elementor-widget-container\">\n\t\t\t\t\t\t\t\t\t\t\t\t\t\t\t<img fetchpriority=\"high\" decoding=\"async\" width=\"567\" height=\"540\" src=\"https:\/\/distrimob.be\/wp-content\/uploads\/2021\/07\/bg-icon.png\" class=\"attachment-large size-large wp-image-927\" alt=\"\" srcset=\"https:\/\/distrimob.be\/wp-content\/uploads\/2021\/07\/bg-icon.png 567w, https:\/\/distrimob.be\/wp-content\/uploads\/2021\/07\/bg-icon-300x286.png 300w\" sizes=\"(max-width: 567px) 100vw, 567px\" \/>\t\t\t\t\t\t\t\t\t\t\t\t\t\t\t<\/div>\n\t\t\t\t<\/div>\n\t\t\t\t\t<\/div>\n\t\t<\/div>\n\t\t\t\t\t<\/div>\n\t\t<\/section>\n\t\t\t\t<section class=\"elementor-section elementor-top-section elementor-element elementor-element-6c94be0d elementor-section-boxed elementor-section-height-default elementor-section-height-default elementor-invisible\" data-id=\"6c94be0d\" data-element_type=\"section\" data-e-type=\"section\" data-settings=\"{&quot;background_background&quot;:&quot;classic&quot;,&quot;animation&quot;:&quot;fadeIn&quot;}\">\n\t\t\t\t\t\t<div class=\"elementor-container elementor-column-gap-no\">\n\t\t\t\t\t<div class=\"elementor-column elementor-col-50 elementor-top-column elementor-element elementor-element-b6d3303\" data-id=\"b6d3303\" data-element_type=\"column\" data-e-type=\"column\" data-settings=\"{&quot;background_background&quot;:&quot;classic&quot;}\">\n\t\t\t<div class=\"elementor-widget-wrap elementor-element-populated\">\n\t\t\t\t\t\t<div class=\"elementor-element elementor-element-608d31b4 elementor-view-default elementor-widget elementor-widget-icon\" data-id=\"608d31b4\" data-element_type=\"widget\" data-e-type=\"widget\" data-widget_type=\"icon.default\">\n\t\t\t\t<div class=\"elementor-widget-container\">\n\t\t\t\t\t\t\t<div class=\"elementor-icon-wrapper\">\n\t\t\t<div class=\"elementor-icon\">\n\t\t\t<svg xmlns=\"http:\/\/www.w3.org\/2000\/svg\" xmlns:xlink=\"http:\/\/www.w3.org\/1999\/xlink\" id=\"Laag_1\" x=\"0px\" y=\"0px\" viewBox=\"0 0 1841.9 382.9\" xml:space=\"preserve\"><path fill-rule=\"evenodd\" fill=\"#3EBEE4\" d=\"M388.1,60.6c-14.6-15-32.3-26.7-51.7-34.5l-3.8-1.3h-148c-11.3,0-20.5,9.2-20.5,20.5  v46.2c0,7.9-6.4,14.2-14.2,14.2H48.5c-14.6,0.3-26.2,12.3-26,26.8c-0.1,14.6,11.5,26.6,26.1,27.1h101.3c7.9,0,14.2,6.4,14.2,14.2v35  c0,7.9-6.4,14.2-14.2,14.2H48.5c-14.6,0.3-26.2,12.2-26,26.8c-0.1,14.6,11.5,26.6,26.1,27.1h101.3c7.9,0,14.2,6.4,14.2,14.2v32.9  c0,18.7,15.2,33.9,33.9,33.9h133.5c14.5-0.3,26.1-12.2,25.9-26.8c0.1-14.6-11.4-26.6-26-27.2H230c-7.9,0-14.2-6.4-14.2-14.2V93  c0-7.9,6.4-14.2,14.2-14.2h89.8c2.3,0,4.6,0.6,6.7,1.7c10.9,5.8,20.8,13.5,29.2,22.6c21.7,24.1,32.8,55.9,30.8,88.2  c-0.7,31.8,12.2,62.3,35.4,84c20.7,18.1,44.1,28,71.6,27.8l1300-0.3c14.6-0.3,26.2-12.3,26-26.8c0.1-14.6-11.5-26.6-26.1-27.1  l-1299.3,0.3c-36.8,0.1-56.6-24.2-55.9-58.6C439.2,142.3,421.2,95.6,388.1,60.6z\"><\/path><\/svg>\t\t\t<\/div>\n\t\t<\/div>\n\t\t\t\t\t\t<\/div>\n\t\t\t\t<\/div>\n\t\t\t\t<div class=\"elementor-element elementor-element-551a0ae elementor-widget elementor-widget-text-editor\" data-id=\"551a0ae\" data-element_type=\"widget\" data-e-type=\"widget\" data-widget_type=\"text-editor.default\">\n\t\t\t\t<div class=\"elementor-widget-container\">\n\t\t\t\t\t\t\t\t\t<p>Die Gemeinde Knokke-Heist hat zusammen mit Distrimob ein Testprojekt durchgef\u00fchrt, bei dem elektrische Kleinbusse den \u00f6ffentlichen Nahverkehr erg\u00e4nzten. Die Kleinbusse verbinden die Haupteinkaufsstra\u00dfen von Knokke-Heist nach einem festen Fahrplan. So entstand auch die Bezeichnung Shopping-Shuttle.<\/p>\n\t\t\t\t\t\t\t\t<\/div>\n\t\t\t\t<\/div>\n\t\t\t\t<div class=\"elementor-element elementor-element-de64d33 elementor-widget elementor-widget-text-editor\" data-id=\"de64d33\" data-element_type=\"widget\" data-e-type=\"widget\" data-widget_type=\"text-editor.default\">\n\t\t\t\t<div class=\"elementor-widget-container\">\n\t\t\t\t\t\t\t\t\t<p>Diese elektrischen Shopping-Kleinbusse sind eine ideale Mobilit\u00e4tsl\u00f6sung. Sie sind klein, wendig und zu 100 Prozent elektrisch, was dazu beitr\u00e4gt, die Luft im Stadtzentrum sauber zu halten. Die Kleinbusse wurden ausgiebig durch Fahrg\u00e4ste sowie den st\u00e4dtischen und provinziellen Beh\u00f6rden getestet und f\u00fcr gut befunden.<\/p>\n\t\t\t\t\t\t\t\t<\/div>\n\t\t\t\t<\/div>\n\t\t\t\t\t<\/div>\n\t\t<\/div>\n\t\t\t\t<div class=\"elementor-column elementor-col-50 elementor-top-column elementor-element elementor-element-2831aeea\" data-id=\"2831aeea\" data-element_type=\"column\" data-e-type=\"column\" data-settings=\"{&quot;background_background&quot;:&quot;classic&quot;}\">\n\t\t\t<div class=\"elementor-widget-wrap elementor-element-populated\">\n\t\t\t\t\t\t<div class=\"elementor-element elementor-element-2071011 elementor-widget elementor-widget-text-editor\" data-id=\"2071011\" data-element_type=\"widget\" data-e-type=\"widget\" data-widget_type=\"text-editor.default\">\n\t\t\t\t<div class=\"elementor-widget-container\">\n\t\t\t\t\t\t\t\t\t<p>Mittlerweile wird dieses Vorgehen in mehreren St\u00e4dten umgesetzt. Distrimob bietet auch einen Shuttle-Service zum Shoppen im Zentrum von L\u00f6wen an. Die Kleinbusse werden auch auf die jeweiligen Jahreszeiten abgestimmt. Geschlossene Kleinbusse werden im Winter und offene Modelle im Sommer eingesetzt, wobei es sich immer um Elektrofahrzeuge handelt. Diese Zusammenarbeit mit Lieft Leuven sorgt auch f\u00fcr zufriedene Ladenbesitzer.<\/p>\n\t\t\t\t\t\t\t\t<\/div>\n\t\t\t\t<\/div>\n\t\t\t\t<div class=\"elementor-element elementor-element-bd7d3fb elementor-widget elementor-widget-heading\" data-id=\"bd7d3fb\" data-element_type=\"widget\" data-e-type=\"widget\" data-widget_type=\"heading.default\">\n\t\t\t\t<div class=\"elementor-widget-container\">\n\t\t\t\t\t<h3 class=\"elementor-heading-title elementor-size-default\">Unsere Aktivit\u00e4ten beschr\u00e4nken sich nicht nur auf das Durchf\u00fchren von Shopping-Shuttles. Auch Parkplatzbetreiber, Eventveranstalter und internationale Organisationen nehmen die Dienste von Distrimob in Anspruch.<\/h3>\t\t\t\t<\/div>\n\t\t\t\t<\/div>\n\t\t\t\t<div class=\"elementor-element elementor-element-76f8d10 elementor-widget-divider--view-line elementor-widget elementor-widget-divider\" data-id=\"76f8d10\" data-element_type=\"widget\" data-e-type=\"widget\" data-widget_type=\"divider.default\">\n\t\t\t\t<div class=\"elementor-widget-container\">\n\t\t\t\t\t\t\t<div class=\"elementor-divider\">\n\t\t\t<span class=\"elementor-divider-separator\">\n\t\t\t\t\t\t<\/span>\n\t\t<\/div>\n\t\t\t\t\t\t<\/div>\n\t\t\t\t<\/div>\n\t\t\t\t<div class=\"elementor-element elementor-element-4358b22 elementor-widget elementor-widget-heading\" data-id=\"4358b22\" data-element_type=\"widget\" data-e-type=\"widget\" data-widget_type=\"heading.default\">\n\t\t\t\t<div class=\"elementor-widget-container\">\n\t\t\t\t\t<h3 class=\"elementor-heading-title elementor-size-default\">DISTRIMOB SHUTTLES VERBESSERN DIE ERREICHBARKEIT DES NATURPARKS HET ZWIN.<\/h3>\t\t\t\t<\/div>\n\t\t\t\t<\/div>\n\t\t\t\t<div class=\"elementor-element elementor-element-77c76d3 elementor-widget elementor-widget-text-editor\" data-id=\"77c76d3\" data-element_type=\"widget\" data-e-type=\"widget\" data-widget_type=\"text-editor.default\">\n\t\t\t\t<div class=\"elementor-widget-container\">\n\t\t\t\t\t\t\t\t\t<p>In einem Gebiet mit wenigen Transportm\u00f6glichkeiten und wenig \u00f6ffentlichen Verkehrsmitteln k\u00f6nnen die elektrischen Kleinbusse von Distrimob zur Verbesserung der Erreichbarkeit der Au\u00dfenbezirke eingesetzt werden.<\/p>\n\t\t\t\t\t\t\t\t<\/div>\n\t\t\t\t<\/div>\n\t\t\t\t\t<\/div>\n\t\t<\/div>\n\t\t\t\t\t<\/div>\n\t\t<\/section>\n\t\t\t\t<section class=\"elementor-section elementor-top-section elementor-element elementor-element-1fc3f0e9 elementor-reverse-tablet elementor-reverse-mobile elementor-section-boxed elementor-section-height-default elementor-section-height-default elementor-invisible\" data-id=\"1fc3f0e9\" data-element_type=\"section\" data-e-type=\"section\" data-settings=\"{&quot;background_background&quot;:&quot;classic&quot;,&quot;animation&quot;:&quot;fadeIn&quot;}\">\n\t\t\t\t\t\t<div class=\"elementor-container elementor-column-gap-no\">\n\t\t\t\t\t<div class=\"elementor-column elementor-col-100 elementor-top-column elementor-element elementor-element-72cff08c\" data-id=\"72cff08c\" data-element_type=\"column\" data-e-type=\"column\">\n\t\t\t<div class=\"elementor-widget-wrap elementor-element-populated\">\n\t\t\t\t\t\t<div class=\"elementor-element elementor-element-6cd48da elementor-widget elementor-widget-gallery\" data-id=\"6cd48da\" data-element_type=\"widget\" data-e-type=\"widget\" data-settings=\"{&quot;columns_mobile&quot;:2,&quot;gap&quot;:{&quot;unit&quot;:&quot;px&quot;,&quot;size&quot;:1,&quot;sizes&quot;:[]},&quot;gap_tablet&quot;:{&quot;unit&quot;:&quot;px&quot;,&quot;size&quot;:1,&quot;sizes&quot;:[]},&quot;gap_mobile&quot;:{&quot;unit&quot;:&quot;px&quot;,&quot;size&quot;:1,&quot;sizes&quot;:[]},&quot;columns&quot;:1,&quot;lazyload&quot;:&quot;yes&quot;,&quot;gallery_layout&quot;:&quot;grid&quot;,&quot;columns_tablet&quot;:2,&quot;link_to&quot;:&quot;file&quot;,&quot;aspect_ratio&quot;:&quot;3:2&quot;,&quot;overlay_background&quot;:&quot;yes&quot;,&quot;content_hover_animation&quot;:&quot;fade-in&quot;}\" data-widget_type=\"gallery.default\">\n\t\t\t\t<div class=\"elementor-widget-container\">\n\t\t\t\t\t\t\t<div class=\"elementor-gallery__container\">\n\t\t\t\t\t\t\t<a class=\"e-gallery-item elementor-gallery-item elementor-animated-content\" href=\"https:\/\/distrimob.be\/wp-content\/uploads\/2025\/08\/01.jpg\" data-elementor-open-lightbox=\"yes\" data-elementor-lightbox-slideshow=\"6cd48da\" data-e-action-hash=\"#elementor-action%3Aaction%3Dlightbox%26settings%3DeyJpZCI6MjA1MywidXJsIjoiaHR0cHM6XC9cL2Rpc3RyaW1vYi5iZVwvd3AtY29udGVudFwvdXBsb2Fkc1wvMjAyNVwvMDhcLzAxLmpwZyIsInNsaWRlc2hvdyI6IjZjZDQ4ZGEifQ%3D%3D\">\n\t\t\t\t\t<div class=\"e-gallery-image elementor-gallery-item__image\" data-thumbnail=\"https:\/\/distrimob.be\/wp-content\/uploads\/2025\/08\/01-768x512.jpg\" data-width=\"768\" data-height=\"512\" aria-label=\"\" role=\"img\" ><\/div>\n\t\t\t\t\t\t\t\t\t\t\t<div class=\"elementor-gallery-item__overlay\"><\/div>\n\t\t\t\t\t\t\t\t\t\t\t\t\t\t<\/a>\n\t\t\t\t\t<\/div>\n\t\t\t\t\t<\/div>\n\t\t\t\t<\/div>\n\t\t\t\t\t<\/div>\n\t\t<\/div>\n\t\t\t\t\t<\/div>\n\t\t<\/section>\n\t\t\t\t<\/div>\n\t\t","protected":false},"excerpt":{"rendered":"<p>DistriMob im Stra\u00dfenbild Entscheiden Sie sich f\u00fcr umweltfreundliche, hochwertige Personenbef\u00f6rderung Die E-Shuttlebusse von Distrimob bereichern das Stra\u00dfenbild in St\u00e4dten und Gemeinden. Hier sehen Sie praktische Beispiele f\u00fcr unsere ma\u00dfgeschneiderten elektrischen \u00f6ffentlichen Verkehrsmittel. Die Gemeinde Knokke-Heist hat zusammen mit Distrimob ein Testprojekt durchgef\u00fchrt, bei dem elektrische Kleinbusse den \u00f6ffentlichen Nahverkehr erg\u00e4nzten. Die Kleinbusse verbinden die Haupteinkaufsstra\u00dfen [&hellip;]<\/p>\n","protected":false},"author":1,"featured_media":0,"parent":0,"menu_order":0,"comment_status":"closed","ping_status":"closed","template":"elementor_header_footer","meta":{"footnotes":""},"class_list":["post-1042","page","type-page","status-publish","hentry"],"yoast_head":"<!-- This site is optimized with the Yoast SEO plugin v26.9 - https:\/\/yoast.com\/product\/yoast-seo-wordpress\/ -->\n<title>DistriMob E-Shuttlebusse: Umweltfreundliche und hochwertige Personenbef\u00f6rderung<\/title>\n<meta name=\"description\" content=\"DistriMob im Stra\u00dfenbild. Hier sehen Sie Fotos unserer E-Shuttlebusse in Aktion: im Einsatz als ma\u00dfgeschneiderter elektrischer Nahverkehr.\" \/>\n<meta name=\"robots\" content=\"index, follow, max-snippet:-1, max-image-preview:large, max-video-preview:-1\" \/>\n<link rel=\"canonical\" href=\"https:\/\/distrimob.be\/de\/referenzen\/\" \/>\n<meta property=\"og:locale\" content=\"de_DE\" \/>\n<meta property=\"og:type\" content=\"article\" \/>\n<meta property=\"og:title\" content=\"DistriMob E-Shuttlebusse: Umweltfreundliche und hochwertige Personenbef\u00f6rderung\" \/>\n<meta property=\"og:description\" content=\"DistriMob im Stra\u00dfenbild. Hier sehen Sie Fotos unserer E-Shuttlebusse in Aktion: im Einsatz als ma\u00dfgeschneiderter elektrischer Nahverkehr.\" \/>\n<meta property=\"og:url\" content=\"https:\/\/distrimob.be\/de\/referenzen\/\" \/>\n<meta property=\"og:site_name\" content=\"DistriMob e-shuttlebus\" \/>\n<meta property=\"article:modified_time\" content=\"2025-11-26T07:28:27+00:00\" \/>\n<meta property=\"og:image\" content=\"https:\/\/distrimob.be\/wp-content\/uploads\/2021\/07\/bg-icon.png\" \/>\n\t<meta property=\"og:image:width\" content=\"567\" \/>\n\t<meta property=\"og:image:height\" content=\"540\" \/>\n\t<meta property=\"og:image:type\" content=\"image\/png\" \/>\n<meta name=\"twitter:card\" content=\"summary_large_image\" \/>\n<meta name=\"twitter:label1\" content=\"Gesch\u00e4tzte Lesezeit\" \/>\n\t<meta name=\"twitter:data1\" content=\"1\u00a0Minute\" \/>\n<script type=\"application\/ld+json\" class=\"yoast-schema-graph\">{\"@context\":\"https:\/\/schema.org\",\"@graph\":[{\"@type\":\"WebPage\",\"@id\":\"https:\/\/distrimob.be\/de\/referenzen\/\",\"url\":\"https:\/\/distrimob.be\/de\/referenzen\/\",\"name\":\"DistriMob E-Shuttlebusse: Umweltfreundliche und hochwertige Personenbef\u00f6rderung\",\"isPartOf\":{\"@id\":\"https:\/\/distrimob.be\/de\/#website\"},\"primaryImageOfPage\":{\"@id\":\"https:\/\/distrimob.be\/de\/referenzen\/#primaryimage\"},\"image\":{\"@id\":\"https:\/\/distrimob.be\/de\/referenzen\/#primaryimage\"},\"thumbnailUrl\":\"https:\/\/distrimob.be\/wp-content\/uploads\/2021\/07\/bg-icon.png\",\"datePublished\":\"2021-06-23T09:24:01+00:00\",\"dateModified\":\"2025-11-26T07:28:27+00:00\",\"description\":\"DistriMob im Stra\u00dfenbild. Hier sehen Sie Fotos unserer E-Shuttlebusse in Aktion: im Einsatz als ma\u00dfgeschneiderter elektrischer Nahverkehr.\",\"breadcrumb\":{\"@id\":\"https:\/\/distrimob.be\/de\/referenzen\/#breadcrumb\"},\"inLanguage\":\"de\",\"potentialAction\":[{\"@type\":\"ReadAction\",\"target\":[\"https:\/\/distrimob.be\/de\/referenzen\/\"]}]},{\"@type\":\"ImageObject\",\"inLanguage\":\"de\",\"@id\":\"https:\/\/distrimob.be\/de\/referenzen\/#primaryimage\",\"url\":\"https:\/\/distrimob.be\/wp-content\/uploads\/2021\/07\/bg-icon.png\",\"contentUrl\":\"https:\/\/distrimob.be\/wp-content\/uploads\/2021\/07\/bg-icon.png\"},{\"@type\":\"BreadcrumbList\",\"@id\":\"https:\/\/distrimob.be\/de\/referenzen\/#breadcrumb\",\"itemListElement\":[{\"@type\":\"ListItem\",\"position\":1,\"name\":\"Home\",\"item\":\"https:\/\/distrimob.be\/de\/\"},{\"@type\":\"ListItem\",\"position\":2,\"name\":\"Referenzen\"}]},{\"@type\":\"WebSite\",\"@id\":\"https:\/\/distrimob.be\/de\/#website\",\"url\":\"https:\/\/distrimob.be\/de\/\",\"name\":\"DistriMob e-shuttlebus\",\"description\":\"Elektrisch openbaar vervoer op maat\",\"publisher\":{\"@id\":\"https:\/\/distrimob.be\/de\/#organization\"},\"potentialAction\":[{\"@type\":\"SearchAction\",\"target\":{\"@type\":\"EntryPoint\",\"urlTemplate\":\"https:\/\/distrimob.be\/de\/?s={search_term_string}\"},\"query-input\":{\"@type\":\"PropertyValueSpecification\",\"valueRequired\":true,\"valueName\":\"search_term_string\"}}],\"inLanguage\":\"de\"},{\"@type\":\"Organization\",\"@id\":\"https:\/\/distrimob.be\/de\/#organization\",\"name\":\"DistriMob e-shuttlebussen\",\"url\":\"https:\/\/distrimob.be\/de\/\",\"logo\":{\"@type\":\"ImageObject\",\"inLanguage\":\"de\",\"@id\":\"https:\/\/distrimob.be\/de\/#\/schema\/logo\/image\/\",\"url\":\"https:\/\/distrimob.be\/wp-content\/uploads\/2021\/07\/Distrimob-logo.png\",\"contentUrl\":\"https:\/\/distrimob.be\/wp-content\/uploads\/2021\/07\/Distrimob-logo.png\",\"width\":542,\"height\":163,\"caption\":\"DistriMob e-shuttlebussen\"},\"image\":{\"@id\":\"https:\/\/distrimob.be\/de\/#\/schema\/logo\/image\/\"}}]}<\/script>\n<!-- \/ Yoast SEO plugin. -->","yoast_head_json":{"title":"DistriMob E-Shuttlebusse: Umweltfreundliche und hochwertige Personenbef\u00f6rderung","description":"DistriMob im Stra\u00dfenbild. Hier sehen Sie Fotos unserer E-Shuttlebusse in Aktion: im Einsatz als ma\u00dfgeschneiderter elektrischer Nahverkehr.","robots":{"index":"index","follow":"follow","max-snippet":"max-snippet:-1","max-image-preview":"max-image-preview:large","max-video-preview":"max-video-preview:-1"},"canonical":"https:\/\/distrimob.be\/de\/referenzen\/","og_locale":"de_DE","og_type":"article","og_title":"DistriMob E-Shuttlebusse: Umweltfreundliche und hochwertige Personenbef\u00f6rderung","og_description":"DistriMob im Stra\u00dfenbild. Hier sehen Sie Fotos unserer E-Shuttlebusse in Aktion: im Einsatz als ma\u00dfgeschneiderter elektrischer Nahverkehr.","og_url":"https:\/\/distrimob.be\/de\/referenzen\/","og_site_name":"DistriMob e-shuttlebus","article_modified_time":"2025-11-26T07:28:27+00:00","og_image":[{"width":567,"height":540,"url":"https:\/\/distrimob.be\/wp-content\/uploads\/2021\/07\/bg-icon.png","type":"image\/png"}],"twitter_card":"summary_large_image","twitter_misc":{"Gesch\u00e4tzte Lesezeit":"1\u00a0Minute"},"schema":{"@context":"https:\/\/schema.org","@graph":[{"@type":"WebPage","@id":"https:\/\/distrimob.be\/de\/referenzen\/","url":"https:\/\/distrimob.be\/de\/referenzen\/","name":"DistriMob E-Shuttlebusse: Umweltfreundliche und hochwertige Personenbef\u00f6rderung","isPartOf":{"@id":"https:\/\/distrimob.be\/de\/#website"},"primaryImageOfPage":{"@id":"https:\/\/distrimob.be\/de\/referenzen\/#primaryimage"},"image":{"@id":"https:\/\/distrimob.be\/de\/referenzen\/#primaryimage"},"thumbnailUrl":"https:\/\/distrimob.be\/wp-content\/uploads\/2021\/07\/bg-icon.png","datePublished":"2021-06-23T09:24:01+00:00","dateModified":"2025-11-26T07:28:27+00:00","description":"DistriMob im Stra\u00dfenbild. Hier sehen Sie Fotos unserer E-Shuttlebusse in Aktion: im Einsatz als ma\u00dfgeschneiderter elektrischer Nahverkehr.","breadcrumb":{"@id":"https:\/\/distrimob.be\/de\/referenzen\/#breadcrumb"},"inLanguage":"de","potentialAction":[{"@type":"ReadAction","target":["https:\/\/distrimob.be\/de\/referenzen\/"]}]},{"@type":"ImageObject","inLanguage":"de","@id":"https:\/\/distrimob.be\/de\/referenzen\/#primaryimage","url":"https:\/\/distrimob.be\/wp-content\/uploads\/2021\/07\/bg-icon.png","contentUrl":"https:\/\/distrimob.be\/wp-content\/uploads\/2021\/07\/bg-icon.png"},{"@type":"BreadcrumbList","@id":"https:\/\/distrimob.be\/de\/referenzen\/#breadcrumb","itemListElement":[{"@type":"ListItem","position":1,"name":"Home","item":"https:\/\/distrimob.be\/de\/"},{"@type":"ListItem","position":2,"name":"Referenzen"}]},{"@type":"WebSite","@id":"https:\/\/distrimob.be\/de\/#website","url":"https:\/\/distrimob.be\/de\/","name":"DistriMob e-shuttlebus","description":"Elektrisch openbaar vervoer op maat","publisher":{"@id":"https:\/\/distrimob.be\/de\/#organization"},"potentialAction":[{"@type":"SearchAction","target":{"@type":"EntryPoint","urlTemplate":"https:\/\/distrimob.be\/de\/?s={search_term_string}"},"query-input":{"@type":"PropertyValueSpecification","valueRequired":true,"valueName":"search_term_string"}}],"inLanguage":"de"},{"@type":"Organization","@id":"https:\/\/distrimob.be\/de\/#organization","name":"DistriMob e-shuttlebussen","url":"https:\/\/distrimob.be\/de\/","logo":{"@type":"ImageObject","inLanguage":"de","@id":"https:\/\/distrimob.be\/de\/#\/schema\/logo\/image\/","url":"https:\/\/distrimob.be\/wp-content\/uploads\/2021\/07\/Distrimob-logo.png","contentUrl":"https:\/\/distrimob.be\/wp-content\/uploads\/2021\/07\/Distrimob-logo.png","width":542,"height":163,"caption":"DistriMob e-shuttlebussen"},"image":{"@id":"https:\/\/distrimob.be\/de\/#\/schema\/logo\/image\/"}}]}},"_links":{"self":[{"href":"https:\/\/distrimob.be\/de\/wp-json\/wp\/v2\/pages\/1042","targetHints":{"allow":["GET"]}}],"collection":[{"href":"https:\/\/distrimob.be\/de\/wp-json\/wp\/v2\/pages"}],"about":[{"href":"https:\/\/distrimob.be\/de\/wp-json\/wp\/v2\/types\/page"}],"author":[{"embeddable":true,"href":"https:\/\/distrimob.be\/de\/wp-json\/wp\/v2\/users\/1"}],"replies":[{"embeddable":true,"href":"https:\/\/distrimob.be\/de\/wp-json\/wp\/v2\/comments?post=1042"}],"version-history":[{"count":25,"href":"https:\/\/distrimob.be\/de\/wp-json\/wp\/v2\/pages\/1042\/revisions"}],"predecessor-version":[{"id":2086,"href":"https:\/\/distrimob.be\/de\/wp-json\/wp\/v2\/pages\/1042\/revisions\/2086"}],"wp:attachment":[{"href":"https:\/\/distrimob.be\/de\/wp-json\/wp\/v2\/media?parent=1042"}],"curies":[{"name":"wp","href":"https:\/\/api.w.org\/{rel}","templated":true}]}}