{"id":1046,"date":"2021-06-23T09:23:50","date_gmt":"2021-06-23T09:23:50","guid":{"rendered":"https:\/\/distrimob.be\/distrimob-app\/"},"modified":"2024-01-19T13:42:34","modified_gmt":"2024-01-19T13:42:34","slug":"distrimob-app","status":"publish","type":"page","link":"https:\/\/distrimob.be\/de\/distrimob-app\/","title":{"rendered":"Distrimob App"},"content":{"rendered":"\t\t<div data-elementor-type=\"wp-page\" data-elementor-id=\"1046\" class=\"elementor elementor-1046 elementor-51\" data-elementor-post-type=\"page\">\n\t\t\t\t\t\t<section class=\"elementor-section elementor-top-section elementor-element elementor-element-1d0f45b7 elementor-section-boxed elementor-section-height-default elementor-section-height-default elementor-invisible\" data-id=\"1d0f45b7\" data-element_type=\"section\" data-e-type=\"section\" data-settings=\"{&quot;background_background&quot;:&quot;classic&quot;,&quot;animation&quot;:&quot;fadeIn&quot;}\">\n\t\t\t\t\t\t<div class=\"elementor-container elementor-column-gap-default\">\n\t\t\t\t\t<div class=\"elementor-column elementor-col-50 elementor-top-column elementor-element elementor-element-2a393c7a\" data-id=\"2a393c7a\" data-element_type=\"column\" data-e-type=\"column\">\n\t\t\t<div class=\"elementor-widget-wrap elementor-element-populated\">\n\t\t\t\t\t\t<div class=\"elementor-element elementor-element-1dd9e395 elementor-widget elementor-widget-heading\" data-id=\"1dd9e395\" data-element_type=\"widget\" data-e-type=\"widget\" data-widget_type=\"heading.default\">\n\t\t\t\t<div class=\"elementor-widget-container\">\n\t\t\t\t\t<h1 class=\"elementor-heading-title elementor-size-default\"><span style=\"color:#03ccf1\">Tracking <\/span> von unseren E-Shuttlebussen mit der Distrimob App<\/h1>\t\t\t\t<\/div>\n\t\t\t\t<\/div>\n\t\t\t\t<div class=\"elementor-element elementor-element-6c51cd7 elementor-widget elementor-widget-heading\" data-id=\"6c51cd7\" data-element_type=\"widget\" data-e-type=\"widget\" data-widget_type=\"heading.default\">\n\t\t\t\t<div class=\"elementor-widget-container\">\n\t\t\t\t\t<h2 class=\"elementor-heading-title elementor-size-default\">Unsere E-Shuttlebusse sind mit einem Tracking-System ausgestattet, das mit einer praktischen App verkn\u00fcpft ist<\/h2>\t\t\t\t<\/div>\n\t\t\t\t<\/div>\n\t\t\t\t<div class=\"elementor-element elementor-element-4356b843 elementor-widget elementor-widget-text-editor\" data-id=\"4356b843\" data-element_type=\"widget\" data-e-type=\"widget\" data-widget_type=\"text-editor.default\">\n\t\t\t\t<div class=\"elementor-widget-container\">\n\t\t\t\t\t\t\t\t\t<p>Diese App erm\u00f6glicht es unseren Fahrg\u00e4sten, jederzeit zu pr\u00fcfen, wo sich ihr E-Bus befindet. Auf diese Weise wissen sie genau, wie viel Zeit ihnen noch bleibt, um die Haltestelle zu erreichen. Au\u00dferdem k\u00f6nnen sie auf der Karte sehen, wo sich die n\u00e4chste Haltestelle befindet. Dies hat f\u00fcr den Benutzer nur Vorteile, da er dank dieser Echtzeit-Information keine Hektik und keine Eile mehr versp\u00fcrt und den E-Bus nicht mehr verpasst. Praktisch, nicht wahr?<\/p>\n\t\t\t\t\t\t\t\t<\/div>\n\t\t\t\t<\/div>\n\t\t\t\t\t<\/div>\n\t\t<\/div>\n\t\t\t\t<div class=\"elementor-column elementor-col-50 elementor-top-column elementor-element elementor-element-340031b\" data-id=\"340031b\" data-element_type=\"column\" data-e-type=\"column\">\n\t\t\t<div class=\"elementor-widget-wrap elementor-element-populated\">\n\t\t\t\t\t\t<div class=\"elementor-element elementor-element-e2512ea elementor-widget elementor-widget-image\" data-id=\"e2512ea\" data-element_type=\"widget\" data-e-type=\"widget\" data-widget_type=\"image.default\">\n\t\t\t\t<div class=\"elementor-widget-container\">\n\t\t\t\t\t\t\t\t\t\t\t\t\t\t\t<img fetchpriority=\"high\" decoding=\"async\" width=\"459\" height=\"533\" src=\"https:\/\/distrimob.be\/wp-content\/uploads\/2021\/08\/distrimob-app.png\" class=\"attachment-large size-large wp-image-945\" alt=\"\" srcset=\"https:\/\/distrimob.be\/wp-content\/uploads\/2021\/08\/distrimob-app.png 459w, https:\/\/distrimob.be\/wp-content\/uploads\/2021\/08\/distrimob-app-258x300.png 258w\" sizes=\"(max-width: 459px) 100vw, 459px\" \/>\t\t\t\t\t\t\t\t\t\t\t\t\t\t\t<\/div>\n\t\t\t\t<\/div>\n\t\t\t\t\t<\/div>\n\t\t<\/div>\n\t\t\t\t\t<\/div>\n\t\t<\/section>\n\t\t\t\t<section class=\"elementor-section elementor-top-section elementor-element elementor-element-37d245c0 elementor-reverse-tablet elementor-reverse-mobile elementor-section-boxed elementor-section-height-default elementor-section-height-default elementor-invisible\" data-id=\"37d245c0\" data-element_type=\"section\" data-e-type=\"section\" data-settings=\"{&quot;background_background&quot;:&quot;classic&quot;,&quot;animation&quot;:&quot;fadeIn&quot;}\">\n\t\t\t\t\t\t<div class=\"elementor-container elementor-column-gap-no\">\n\t\t\t\t\t<div class=\"elementor-column elementor-col-50 elementor-top-column elementor-element elementor-element-152be249\" data-id=\"152be249\" data-element_type=\"column\" data-e-type=\"column\" data-settings=\"{&quot;background_background&quot;:&quot;classic&quot;}\">\n\t\t\t<div class=\"elementor-widget-wrap elementor-element-populated\">\n\t\t\t\t\t\t<div class=\"elementor-element elementor-element-52a26f38 elementor-widget elementor-widget-spacer\" data-id=\"52a26f38\" data-element_type=\"widget\" data-e-type=\"widget\" data-widget_type=\"spacer.default\">\n\t\t\t\t<div class=\"elementor-widget-container\">\n\t\t\t\t\t\t\t<div class=\"elementor-spacer\">\n\t\t\t<div class=\"elementor-spacer-inner\"><\/div>\n\t\t<\/div>\n\t\t\t\t\t\t<\/div>\n\t\t\t\t<\/div>\n\t\t\t\t\t<\/div>\n\t\t<\/div>\n\t\t\t\t<div class=\"elementor-column elementor-col-50 elementor-top-column elementor-element elementor-element-4a13c3a3\" data-id=\"4a13c3a3\" data-element_type=\"column\" data-e-type=\"column\" data-settings=\"{&quot;background_background&quot;:&quot;classic&quot;}\">\n\t\t\t<div class=\"elementor-widget-wrap elementor-element-populated\">\n\t\t\t\t\t\t<div class=\"elementor-element elementor-element-139d36ee elementor-view-default elementor-widget elementor-widget-icon\" data-id=\"139d36ee\" data-element_type=\"widget\" data-e-type=\"widget\" data-widget_type=\"icon.default\">\n\t\t\t\t<div class=\"elementor-widget-container\">\n\t\t\t\t\t\t\t<div class=\"elementor-icon-wrapper\">\n\t\t\t<div class=\"elementor-icon\">\n\t\t\t<svg xmlns=\"http:\/\/www.w3.org\/2000\/svg\" xmlns:xlink=\"http:\/\/www.w3.org\/1999\/xlink\" id=\"Laag_1\" x=\"0px\" y=\"0px\" viewBox=\"0 0 1841.9 382.9\" xml:space=\"preserve\"><path fill-rule=\"evenodd\" fill=\"#3EBEE4\" d=\"M388.1,60.6c-14.6-15-32.3-26.7-51.7-34.5l-3.8-1.3h-148c-11.3,0-20.5,9.2-20.5,20.5  v46.2c0,7.9-6.4,14.2-14.2,14.2H48.5c-14.6,0.3-26.2,12.3-26,26.8c-0.1,14.6,11.5,26.6,26.1,27.1h101.3c7.9,0,14.2,6.4,14.2,14.2v35  c0,7.9-6.4,14.2-14.2,14.2H48.5c-14.6,0.3-26.2,12.2-26,26.8c-0.1,14.6,11.5,26.6,26.1,27.1h101.3c7.9,0,14.2,6.4,14.2,14.2v32.9  c0,18.7,15.2,33.9,33.9,33.9h133.5c14.5-0.3,26.1-12.2,25.9-26.8c0.1-14.6-11.4-26.6-26-27.2H230c-7.9,0-14.2-6.4-14.2-14.2V93  c0-7.9,6.4-14.2,14.2-14.2h89.8c2.3,0,4.6,0.6,6.7,1.7c10.9,5.8,20.8,13.5,29.2,22.6c21.7,24.1,32.8,55.9,30.8,88.2  c-0.7,31.8,12.2,62.3,35.4,84c20.7,18.1,44.1,28,71.6,27.8l1300-0.3c14.6-0.3,26.2-12.3,26-26.8c0.1-14.6-11.5-26.6-26.1-27.1  l-1299.3,0.3c-36.8,0.1-56.6-24.2-55.9-58.6C439.2,142.3,421.2,95.6,388.1,60.6z\"><\/path><\/svg>\t\t\t<\/div>\n\t\t<\/div>\n\t\t\t\t\t\t<\/div>\n\t\t\t\t<\/div>\n\t\t\t\t<div class=\"elementor-element elementor-element-2d3cd311 elementor-widget elementor-widget-heading\" data-id=\"2d3cd311\" data-element_type=\"widget\" data-e-type=\"widget\" data-widget_type=\"heading.default\">\n\t\t\t\t<div class=\"elementor-widget-container\">\n\t\t\t\t\t<h2 class=\"elementor-heading-title elementor-size-default\">Auf Veranstaltungen und Sehensw\u00fcrdigkeiten hinweisen mithilfe der Distrimob App<\/h2>\t\t\t\t<\/div>\n\t\t\t\t<\/div>\n\t\t\t\t<div class=\"elementor-element elementor-element-4ea4a343 elementor-widget elementor-widget-text-editor\" data-id=\"4ea4a343\" data-element_type=\"widget\" data-e-type=\"widget\" data-widget_type=\"text-editor.default\">\n\t\t\t\t<div class=\"elementor-widget-container\">\n\t\t\t\t\t\t\t\t\t<p>Mit der Distrimob App bieten wir Ihnen als Stadt oder Gemeinde die M\u00f6glichkeit, Informationen \u00fcber Veranstaltungen, Museen, Sehensw\u00fcrdigkeiten, Gesch\u00e4fte oder einfach nur praktische Dinge wie \u00f6ffentliche Toiletten mit Ihren Fahrg\u00e4sten zu teilen. Diese Informationen sind ganz einfach auf dem Smartphone abrufbar und bieten einen absoluten Mehrwert f\u00fcr die Nutzer, die ihren Einkaufsbummel im Stadtzentrum in Kombination mit der Shuttlebus-Route der Stadt planen k\u00f6nnen.<\/p>\n\t\t\t\t\t\t\t\t<\/div>\n\t\t\t\t<\/div>\n\t\t\t\t\t<\/div>\n\t\t<\/div>\n\t\t\t\t\t<\/div>\n\t\t<\/section>\n\t\t\t\t<section class=\"elementor-section elementor-top-section elementor-element elementor-element-7d97f7d9 elementor-section-boxed elementor-section-height-default elementor-section-height-default elementor-invisible\" data-id=\"7d97f7d9\" data-element_type=\"section\" data-e-type=\"section\" data-settings=\"{&quot;background_background&quot;:&quot;classic&quot;,&quot;animation&quot;:&quot;fadeIn&quot;}\">\n\t\t\t\t\t\t<div class=\"elementor-container elementor-column-gap-no\">\n\t\t\t\t\t<div class=\"elementor-column elementor-col-50 elementor-top-column elementor-element elementor-element-2da12b60\" data-id=\"2da12b60\" data-element_type=\"column\" data-e-type=\"column\" data-settings=\"{&quot;background_background&quot;:&quot;classic&quot;}\">\n\t\t\t<div class=\"elementor-widget-wrap elementor-element-populated\">\n\t\t\t\t\t\t<div class=\"elementor-element elementor-element-44c27b78 elementor-view-default elementor-widget elementor-widget-icon\" data-id=\"44c27b78\" data-element_type=\"widget\" data-e-type=\"widget\" data-widget_type=\"icon.default\">\n\t\t\t\t<div class=\"elementor-widget-container\">\n\t\t\t\t\t\t\t<div class=\"elementor-icon-wrapper\">\n\t\t\t<div class=\"elementor-icon\">\n\t\t\t<svg xmlns=\"http:\/\/www.w3.org\/2000\/svg\" xmlns:xlink=\"http:\/\/www.w3.org\/1999\/xlink\" id=\"Laag_1\" x=\"0px\" y=\"0px\" viewBox=\"0 0 1841.9 382.9\" xml:space=\"preserve\"><path fill-rule=\"evenodd\" fill=\"#3EBEE4\" d=\"M388.1,60.6c-14.6-15-32.3-26.7-51.7-34.5l-3.8-1.3h-148c-11.3,0-20.5,9.2-20.5,20.5  v46.2c0,7.9-6.4,14.2-14.2,14.2H48.5c-14.6,0.3-26.2,12.3-26,26.8c-0.1,14.6,11.5,26.6,26.1,27.1h101.3c7.9,0,14.2,6.4,14.2,14.2v35  c0,7.9-6.4,14.2-14.2,14.2H48.5c-14.6,0.3-26.2,12.2-26,26.8c-0.1,14.6,11.5,26.6,26.1,27.1h101.3c7.9,0,14.2,6.4,14.2,14.2v32.9  c0,18.7,15.2,33.9,33.9,33.9h133.5c14.5-0.3,26.1-12.2,25.9-26.8c0.1-14.6-11.4-26.6-26-27.2H230c-7.9,0-14.2-6.4-14.2-14.2V93  c0-7.9,6.4-14.2,14.2-14.2h89.8c2.3,0,4.6,0.6,6.7,1.7c10.9,5.8,20.8,13.5,29.2,22.6c21.7,24.1,32.8,55.9,30.8,88.2  c-0.7,31.8,12.2,62.3,35.4,84c20.7,18.1,44.1,28,71.6,27.8l1300-0.3c14.6-0.3,26.2-12.3,26-26.8c0.1-14.6-11.5-26.6-26.1-27.1  l-1299.3,0.3c-36.8,0.1-56.6-24.2-55.9-58.6C439.2,142.3,421.2,95.6,388.1,60.6z\"><\/path><\/svg>\t\t\t<\/div>\n\t\t<\/div>\n\t\t\t\t\t\t<\/div>\n\t\t\t\t<\/div>\n\t\t\t\t<div class=\"elementor-element elementor-element-130c6ad3 elementor-widget elementor-widget-heading\" data-id=\"130c6ad3\" data-element_type=\"widget\" data-e-type=\"widget\" data-widget_type=\"heading.default\">\n\t\t\t\t<div class=\"elementor-widget-container\">\n\t\t\t\t\t<h2 class=\"elementor-heading-title elementor-size-default\">Distrimob App \u00fcberall herunterladen<\/h2>\t\t\t\t<\/div>\n\t\t\t\t<\/div>\n\t\t\t\t<div class=\"elementor-element elementor-element-5477a536 elementor-widget elementor-widget-text-editor\" data-id=\"5477a536\" data-element_type=\"widget\" data-e-type=\"widget\" data-widget_type=\"text-editor.default\">\n\t\t\t\t<div class=\"elementor-widget-container\">\n\t\t\t\t\t\t\t\t\t<p>Die Distrimob App kann einfach im Android und Apple App Store heruntergeladen werden. Mit Hilfe eines QR-Codes kann die App \u00fcberall zum Download bereitgestellt werden, z.B. anhand eines Aufklebers am E-Bus, an den Haltestellen, an strategischen Orten entlang der Strecke und nat\u00fcrlich online auf Ihrer eigenen Website.<\/p>\n\t\t\t\t\t\t\t\t<\/div>\n\t\t\t\t<\/div>\n\t\t\t\t\t<\/div>\n\t\t<\/div>\n\t\t\t\t<div class=\"elementor-column elementor-col-50 elementor-top-column elementor-element elementor-element-36b9f7c9\" data-id=\"36b9f7c9\" data-element_type=\"column\" data-e-type=\"column\" data-settings=\"{&quot;background_background&quot;:&quot;classic&quot;}\">\n\t\t\t<div class=\"elementor-widget-wrap elementor-element-populated\">\n\t\t\t\t\t<div class=\"elementor-background-overlay\"><\/div>\n\t\t\t\t\t\t<section class=\"elementor-section elementor-inner-section elementor-element elementor-element-d1aae43 elementor-section-boxed elementor-section-height-default elementor-section-height-default\" data-id=\"d1aae43\" data-element_type=\"section\" data-e-type=\"section\">\n\t\t\t\t\t\t<div class=\"elementor-container elementor-column-gap-default\">\n\t\t\t\t\t<div class=\"elementor-column elementor-col-50 elementor-inner-column elementor-element elementor-element-ea30bf1\" data-id=\"ea30bf1\" data-element_type=\"column\" data-e-type=\"column\">\n\t\t\t<div class=\"elementor-widget-wrap elementor-element-populated\">\n\t\t\t\t\t\t<div class=\"elementor-element elementor-element-ab5f695 elementor-widget elementor-widget-image\" data-id=\"ab5f695\" data-element_type=\"widget\" data-e-type=\"widget\" data-widget_type=\"image.default\">\n\t\t\t\t<div class=\"elementor-widget-container\">\n\t\t\t\t\t\t\t\t\t\t\t\t\t\t\t<img decoding=\"async\" width=\"254\" height=\"510\" src=\"https:\/\/distrimob.be\/wp-content\/uploads\/2021\/08\/DistriMob-e-shuttlebussen-app-1.png\" class=\"attachment-large size-large wp-image-948\" alt=\"\" srcset=\"https:\/\/distrimob.be\/wp-content\/uploads\/2021\/08\/DistriMob-e-shuttlebussen-app-1.png 254w, https:\/\/distrimob.be\/wp-content\/uploads\/2021\/08\/DistriMob-e-shuttlebussen-app-1-149x300.png 149w\" sizes=\"(max-width: 254px) 100vw, 254px\" \/>\t\t\t\t\t\t\t\t\t\t\t\t\t\t\t<\/div>\n\t\t\t\t<\/div>\n\t\t\t\t\t<\/div>\n\t\t<\/div>\n\t\t\t\t<div class=\"elementor-column elementor-col-50 elementor-inner-column elementor-element elementor-element-e9cbc7a\" data-id=\"e9cbc7a\" data-element_type=\"column\" data-e-type=\"column\">\n\t\t\t<div class=\"elementor-widget-wrap elementor-element-populated\">\n\t\t\t\t\t\t<div class=\"elementor-element elementor-element-fa64301 elementor-widget elementor-widget-image\" data-id=\"fa64301\" data-element_type=\"widget\" data-e-type=\"widget\" data-widget_type=\"image.default\">\n\t\t\t\t<div class=\"elementor-widget-container\">\n\t\t\t\t\t\t\t\t\t\t\t\t\t\t\t<img decoding=\"async\" width=\"254\" height=\"510\" src=\"https:\/\/distrimob.be\/wp-content\/uploads\/2021\/08\/DistriMob-e-shuttlebussen-app-2.png\" class=\"attachment-large size-large wp-image-949\" alt=\"\" srcset=\"https:\/\/distrimob.be\/wp-content\/uploads\/2021\/08\/DistriMob-e-shuttlebussen-app-2.png 254w, https:\/\/distrimob.be\/wp-content\/uploads\/2021\/08\/DistriMob-e-shuttlebussen-app-2-149x300.png 149w\" sizes=\"(max-width: 254px) 100vw, 254px\" \/>\t\t\t\t\t\t\t\t\t\t\t\t\t\t\t<\/div>\n\t\t\t\t<\/div>\n\t\t\t\t\t<\/div>\n\t\t<\/div>\n\t\t\t\t\t<\/div>\n\t\t<\/section>\n\t\t\t\t\t<\/div>\n\t\t<\/div>\n\t\t\t\t\t<\/div>\n\t\t<\/section>\n\t\t\t\t<\/div>\n\t\t","protected":false},"excerpt":{"rendered":"<p>Tracking von unseren E-Shuttlebussen mit der Distrimob App Unsere E-Shuttlebusse sind mit einem Tracking-System ausgestattet, das mit einer praktischen App verkn\u00fcpft ist Diese App erm\u00f6glicht es unseren Fahrg\u00e4sten, jederzeit zu pr\u00fcfen, wo sich ihr E-Bus befindet. Auf diese Weise wissen sie genau, wie viel Zeit ihnen noch bleibt, um die Haltestelle zu erreichen. Au\u00dferdem k\u00f6nnen [&hellip;]<\/p>\n","protected":false},"author":1,"featured_media":0,"parent":0,"menu_order":0,"comment_status":"closed","ping_status":"closed","template":"elementor_header_footer","meta":{"footnotes":""},"class_list":["post-1046","page","type-page","status-publish","hentry"],"yoast_head":"<!-- This site is optimized with the Yoast SEO plugin v26.9 - https:\/\/yoast.com\/product\/yoast-seo-wordpress\/ -->\n<title>DistriMob E-Shuttlebusse: App f\u00fcr elektrische \u00f6ffentliche Verkehrsmittel<\/title>\n<meta name=\"description\" content=\"Die DistriMob App bietet Echtzeit-Informationen \u00fcber den Standort und die Route der E-Shuttlebusse und hebt Veranstaltungen und Sehensw\u00fcrdigkeiten hervor.\" \/>\n<meta name=\"robots\" content=\"index, follow, max-snippet:-1, max-image-preview:large, max-video-preview:-1\" \/>\n<link rel=\"canonical\" href=\"https:\/\/distrimob.be\/de\/distrimob-app\/\" \/>\n<meta property=\"og:locale\" content=\"de_DE\" \/>\n<meta property=\"og:type\" content=\"article\" \/>\n<meta property=\"og:title\" content=\"DistriMob E-Shuttlebusse: App f\u00fcr elektrische \u00f6ffentliche Verkehrsmittel\" \/>\n<meta property=\"og:description\" content=\"Die DistriMob App bietet Echtzeit-Informationen \u00fcber den Standort und die Route der E-Shuttlebusse und hebt Veranstaltungen und Sehensw\u00fcrdigkeiten hervor.\" \/>\n<meta property=\"og:url\" content=\"https:\/\/distrimob.be\/de\/distrimob-app\/\" \/>\n<meta property=\"og:site_name\" content=\"DistriMob e-shuttlebus\" \/>\n<meta property=\"article:modified_time\" content=\"2024-01-19T13:42:34+00:00\" \/>\n<meta property=\"og:image\" content=\"https:\/\/distrimob.be\/wp-content\/uploads\/2021\/08\/distrimob-app.png\" \/>\n<meta name=\"twitter:card\" content=\"summary_large_image\" \/>\n<meta name=\"twitter:label1\" content=\"Gesch\u00e4tzte Lesezeit\" \/>\n\t<meta name=\"twitter:data1\" content=\"1\u00a0Minute\" \/>\n<script type=\"application\/ld+json\" class=\"yoast-schema-graph\">{\"@context\":\"https:\/\/schema.org\",\"@graph\":[{\"@type\":\"WebPage\",\"@id\":\"https:\/\/distrimob.be\/de\/distrimob-app\/\",\"url\":\"https:\/\/distrimob.be\/de\/distrimob-app\/\",\"name\":\"DistriMob E-Shuttlebusse: App f\u00fcr elektrische \u00f6ffentliche Verkehrsmittel\",\"isPartOf\":{\"@id\":\"https:\/\/distrimob.be\/de\/#website\"},\"primaryImageOfPage\":{\"@id\":\"https:\/\/distrimob.be\/de\/distrimob-app\/#primaryimage\"},\"image\":{\"@id\":\"https:\/\/distrimob.be\/de\/distrimob-app\/#primaryimage\"},\"thumbnailUrl\":\"https:\/\/distrimob.be\/wp-content\/uploads\/2021\/08\/distrimob-app.png\",\"datePublished\":\"2021-06-23T09:23:50+00:00\",\"dateModified\":\"2024-01-19T13:42:34+00:00\",\"description\":\"Die DistriMob App bietet Echtzeit-Informationen \u00fcber den Standort und die Route der E-Shuttlebusse und hebt Veranstaltungen und Sehensw\u00fcrdigkeiten hervor.\",\"breadcrumb\":{\"@id\":\"https:\/\/distrimob.be\/de\/distrimob-app\/#breadcrumb\"},\"inLanguage\":\"de\",\"potentialAction\":[{\"@type\":\"ReadAction\",\"target\":[\"https:\/\/distrimob.be\/de\/distrimob-app\/\"]}]},{\"@type\":\"ImageObject\",\"inLanguage\":\"de\",\"@id\":\"https:\/\/distrimob.be\/de\/distrimob-app\/#primaryimage\",\"url\":\"https:\/\/distrimob.be\/wp-content\/uploads\/2021\/08\/distrimob-app.png\",\"contentUrl\":\"https:\/\/distrimob.be\/wp-content\/uploads\/2021\/08\/distrimob-app.png\"},{\"@type\":\"BreadcrumbList\",\"@id\":\"https:\/\/distrimob.be\/de\/distrimob-app\/#breadcrumb\",\"itemListElement\":[{\"@type\":\"ListItem\",\"position\":1,\"name\":\"Home\",\"item\":\"https:\/\/distrimob.be\/de\/\"},{\"@type\":\"ListItem\",\"position\":2,\"name\":\"Distrimob App\"}]},{\"@type\":\"WebSite\",\"@id\":\"https:\/\/distrimob.be\/de\/#website\",\"url\":\"https:\/\/distrimob.be\/de\/\",\"name\":\"DistriMob e-shuttlebus\",\"description\":\"Elektrisch openbaar vervoer op maat\",\"publisher\":{\"@id\":\"https:\/\/distrimob.be\/de\/#organization\"},\"potentialAction\":[{\"@type\":\"SearchAction\",\"target\":{\"@type\":\"EntryPoint\",\"urlTemplate\":\"https:\/\/distrimob.be\/de\/?s={search_term_string}\"},\"query-input\":{\"@type\":\"PropertyValueSpecification\",\"valueRequired\":true,\"valueName\":\"search_term_string\"}}],\"inLanguage\":\"de\"},{\"@type\":\"Organization\",\"@id\":\"https:\/\/distrimob.be\/de\/#organization\",\"name\":\"DistriMob e-shuttlebussen\",\"url\":\"https:\/\/distrimob.be\/de\/\",\"logo\":{\"@type\":\"ImageObject\",\"inLanguage\":\"de\",\"@id\":\"https:\/\/distrimob.be\/de\/#\/schema\/logo\/image\/\",\"url\":\"https:\/\/distrimob.be\/wp-content\/uploads\/2021\/07\/Distrimob-logo.png\",\"contentUrl\":\"https:\/\/distrimob.be\/wp-content\/uploads\/2021\/07\/Distrimob-logo.png\",\"width\":542,\"height\":163,\"caption\":\"DistriMob e-shuttlebussen\"},\"image\":{\"@id\":\"https:\/\/distrimob.be\/de\/#\/schema\/logo\/image\/\"}}]}<\/script>\n<!-- \/ Yoast SEO plugin. -->","yoast_head_json":{"title":"DistriMob E-Shuttlebusse: App f\u00fcr elektrische \u00f6ffentliche Verkehrsmittel","description":"Die DistriMob App bietet Echtzeit-Informationen \u00fcber den Standort und die Route der E-Shuttlebusse und hebt Veranstaltungen und Sehensw\u00fcrdigkeiten hervor.","robots":{"index":"index","follow":"follow","max-snippet":"max-snippet:-1","max-image-preview":"max-image-preview:large","max-video-preview":"max-video-preview:-1"},"canonical":"https:\/\/distrimob.be\/de\/distrimob-app\/","og_locale":"de_DE","og_type":"article","og_title":"DistriMob E-Shuttlebusse: App f\u00fcr elektrische \u00f6ffentliche Verkehrsmittel","og_description":"Die DistriMob App bietet Echtzeit-Informationen \u00fcber den Standort und die Route der E-Shuttlebusse und hebt Veranstaltungen und Sehensw\u00fcrdigkeiten hervor.","og_url":"https:\/\/distrimob.be\/de\/distrimob-app\/","og_site_name":"DistriMob e-shuttlebus","article_modified_time":"2024-01-19T13:42:34+00:00","og_image":[{"url":"https:\/\/distrimob.be\/wp-content\/uploads\/2021\/08\/distrimob-app.png","type":"","width":"","height":""}],"twitter_card":"summary_large_image","twitter_misc":{"Gesch\u00e4tzte Lesezeit":"1\u00a0Minute"},"schema":{"@context":"https:\/\/schema.org","@graph":[{"@type":"WebPage","@id":"https:\/\/distrimob.be\/de\/distrimob-app\/","url":"https:\/\/distrimob.be\/de\/distrimob-app\/","name":"DistriMob E-Shuttlebusse: App f\u00fcr elektrische \u00f6ffentliche Verkehrsmittel","isPartOf":{"@id":"https:\/\/distrimob.be\/de\/#website"},"primaryImageOfPage":{"@id":"https:\/\/distrimob.be\/de\/distrimob-app\/#primaryimage"},"image":{"@id":"https:\/\/distrimob.be\/de\/distrimob-app\/#primaryimage"},"thumbnailUrl":"https:\/\/distrimob.be\/wp-content\/uploads\/2021\/08\/distrimob-app.png","datePublished":"2021-06-23T09:23:50+00:00","dateModified":"2024-01-19T13:42:34+00:00","description":"Die DistriMob App bietet Echtzeit-Informationen \u00fcber den Standort und die Route der E-Shuttlebusse und hebt Veranstaltungen und Sehensw\u00fcrdigkeiten hervor.","breadcrumb":{"@id":"https:\/\/distrimob.be\/de\/distrimob-app\/#breadcrumb"},"inLanguage":"de","potentialAction":[{"@type":"ReadAction","target":["https:\/\/distrimob.be\/de\/distrimob-app\/"]}]},{"@type":"ImageObject","inLanguage":"de","@id":"https:\/\/distrimob.be\/de\/distrimob-app\/#primaryimage","url":"https:\/\/distrimob.be\/wp-content\/uploads\/2021\/08\/distrimob-app.png","contentUrl":"https:\/\/distrimob.be\/wp-content\/uploads\/2021\/08\/distrimob-app.png"},{"@type":"BreadcrumbList","@id":"https:\/\/distrimob.be\/de\/distrimob-app\/#breadcrumb","itemListElement":[{"@type":"ListItem","position":1,"name":"Home","item":"https:\/\/distrimob.be\/de\/"},{"@type":"ListItem","position":2,"name":"Distrimob App"}]},{"@type":"WebSite","@id":"https:\/\/distrimob.be\/de\/#website","url":"https:\/\/distrimob.be\/de\/","name":"DistriMob e-shuttlebus","description":"Elektrisch openbaar vervoer op maat","publisher":{"@id":"https:\/\/distrimob.be\/de\/#organization"},"potentialAction":[{"@type":"SearchAction","target":{"@type":"EntryPoint","urlTemplate":"https:\/\/distrimob.be\/de\/?s={search_term_string}"},"query-input":{"@type":"PropertyValueSpecification","valueRequired":true,"valueName":"search_term_string"}}],"inLanguage":"de"},{"@type":"Organization","@id":"https:\/\/distrimob.be\/de\/#organization","name":"DistriMob e-shuttlebussen","url":"https:\/\/distrimob.be\/de\/","logo":{"@type":"ImageObject","inLanguage":"de","@id":"https:\/\/distrimob.be\/de\/#\/schema\/logo\/image\/","url":"https:\/\/distrimob.be\/wp-content\/uploads\/2021\/07\/Distrimob-logo.png","contentUrl":"https:\/\/distrimob.be\/wp-content\/uploads\/2021\/07\/Distrimob-logo.png","width":542,"height":163,"caption":"DistriMob e-shuttlebussen"},"image":{"@id":"https:\/\/distrimob.be\/de\/#\/schema\/logo\/image\/"}}]}},"_links":{"self":[{"href":"https:\/\/distrimob.be\/de\/wp-json\/wp\/v2\/pages\/1046","targetHints":{"allow":["GET"]}}],"collection":[{"href":"https:\/\/distrimob.be\/de\/wp-json\/wp\/v2\/pages"}],"about":[{"href":"https:\/\/distrimob.be\/de\/wp-json\/wp\/v2\/types\/page"}],"author":[{"embeddable":true,"href":"https:\/\/distrimob.be\/de\/wp-json\/wp\/v2\/users\/1"}],"replies":[{"embeddable":true,"href":"https:\/\/distrimob.be\/de\/wp-json\/wp\/v2\/comments?post=1046"}],"version-history":[{"count":12,"href":"https:\/\/distrimob.be\/de\/wp-json\/wp\/v2\/pages\/1046\/revisions"}],"predecessor-version":[{"id":1841,"href":"https:\/\/distrimob.be\/de\/wp-json\/wp\/v2\/pages\/1046\/revisions\/1841"}],"wp:attachment":[{"href":"https:\/\/distrimob.be\/de\/wp-json\/wp\/v2\/media?parent=1046"}],"curies":[{"name":"wp","href":"https:\/\/api.w.org\/{rel}","templated":true}]}}