{"id":1559,"date":"2023-01-31T06:16:53","date_gmt":"2023-01-31T06:16:53","guid":{"rendered":"https:\/\/distrimob.be\/blog\/"},"modified":"2023-01-31T06:24:54","modified_gmt":"2023-01-31T06:24:54","slug":"blog","status":"publish","type":"page","link":"https:\/\/distrimob.be\/de\/blog\/","title":{"rendered":"Blog"},"content":{"rendered":"\t\t<div data-elementor-type=\"wp-page\" data-elementor-id=\"1559\" class=\"elementor elementor-1559 elementor-1548\" data-elementor-post-type=\"page\">\n\t\t\t\t\t\t<section class=\"elementor-section elementor-top-section elementor-element elementor-element-6365e2c2 elementor-section-boxed elementor-section-height-default elementor-section-height-default elementor-invisible\" data-id=\"6365e2c2\" data-element_type=\"section\" data-e-type=\"section\" data-settings=\"{&quot;background_background&quot;:&quot;classic&quot;,&quot;animation&quot;:&quot;fadeIn&quot;}\">\n\t\t\t\t\t\t<div class=\"elementor-container elementor-column-gap-default\">\n\t\t\t\t\t<div class=\"elementor-column elementor-col-50 elementor-top-column elementor-element elementor-element-4f7144a7\" data-id=\"4f7144a7\" data-element_type=\"column\" data-e-type=\"column\">\n\t\t\t<div class=\"elementor-widget-wrap elementor-element-populated\">\n\t\t\t\t\t\t<div class=\"elementor-element elementor-element-5d7290ce elementor-widget elementor-widget-heading\" data-id=\"5d7290ce\" data-element_type=\"widget\" data-e-type=\"widget\" data-widget_type=\"heading.default\">\n\t\t\t\t<div class=\"elementor-widget-container\">\n\t\t\t\t\t<h1 class=\"elementor-heading-title elementor-size-default\"><span style=\"color:#03ccf1\"> Distrimob<\/span> blog<\/h1>\t\t\t\t<\/div>\n\t\t\t\t<\/div>\n\t\t\t\t<div class=\"elementor-element elementor-element-764eef28 elementor-widget elementor-widget-heading\" data-id=\"764eef28\" data-element_type=\"widget\" data-e-type=\"widget\" data-widget_type=\"heading.default\">\n\t\t\t\t<div class=\"elementor-widget-container\">\n\t\t\t\t\t<h3 class=\"elementor-heading-title elementor-size-default\">Nachrichten Electric Shuttle<\/h3>\t\t\t\t<\/div>\n\t\t\t\t<\/div>\n\t\t\t\t\t<\/div>\n\t\t<\/div>\n\t\t\t\t<div class=\"elementor-column elementor-col-50 elementor-top-column elementor-element elementor-element-38543af2 elementor-hidden-phone\" data-id=\"38543af2\" data-element_type=\"column\" data-e-type=\"column\">\n\t\t\t<div class=\"elementor-widget-wrap elementor-element-populated\">\n\t\t\t\t\t\t<div class=\"elementor-element elementor-element-3876b4aa elementor-view-default elementor-widget elementor-widget-icon\" data-id=\"3876b4aa\" data-element_type=\"widget\" data-e-type=\"widget\" id=\"distirmob-icon\" data-widget_type=\"icon.default\">\n\t\t\t\t<div class=\"elementor-widget-container\">\n\t\t\t\t\t\t\t<div class=\"elementor-icon-wrapper\">\n\t\t\t<div class=\"elementor-icon\">\n\t\t\t<svg xmlns=\"http:\/\/www.w3.org\/2000\/svg\" xmlns:xlink=\"http:\/\/www.w3.org\/1999\/xlink\" id=\"Laag_1\" x=\"0px\" y=\"0px\" viewBox=\"0 0 1841.9 382.9\" xml:space=\"preserve\"><path fill-rule=\"evenodd\" fill=\"#3EBEE4\" d=\"M388.1,60.6c-14.6-15-32.3-26.7-51.7-34.5l-3.8-1.3h-148c-11.3,0-20.5,9.2-20.5,20.5  v46.2c0,7.9-6.4,14.2-14.2,14.2H48.5c-14.6,0.3-26.2,12.3-26,26.8c-0.1,14.6,11.5,26.6,26.1,27.1h101.3c7.9,0,14.2,6.4,14.2,14.2v35  c0,7.9-6.4,14.2-14.2,14.2H48.5c-14.6,0.3-26.2,12.2-26,26.8c-0.1,14.6,11.5,26.6,26.1,27.1h101.3c7.9,0,14.2,6.4,14.2,14.2v32.9  c0,18.7,15.2,33.9,33.9,33.9h133.5c14.5-0.3,26.1-12.2,25.9-26.8c0.1-14.6-11.4-26.6-26-27.2H230c-7.9,0-14.2-6.4-14.2-14.2V93  c0-7.9,6.4-14.2,14.2-14.2h89.8c2.3,0,4.6,0.6,6.7,1.7c10.9,5.8,20.8,13.5,29.2,22.6c21.7,24.1,32.8,55.9,30.8,88.2  c-0.7,31.8,12.2,62.3,35.4,84c20.7,18.1,44.1,28,71.6,27.8l1300-0.3c14.6-0.3,26.2-12.3,26-26.8c0.1-14.6-11.5-26.6-26.1-27.1  l-1299.3,0.3c-36.8,0.1-56.6-24.2-55.9-58.6C439.2,142.3,421.2,95.6,388.1,60.6z\"><\/path><\/svg>\t\t\t<\/div>\n\t\t<\/div>\n\t\t\t\t\t\t<\/div>\n\t\t\t\t<\/div>\n\t\t\t\t\t<\/div>\n\t\t<\/div>\n\t\t\t\t\t<\/div>\n\t\t<\/section>\n\t\t\t\t<section class=\"elementor-section elementor-top-section elementor-element elementor-element-5771f7f7 elementor-section-boxed elementor-section-height-default elementor-section-height-default elementor-invisible\" data-id=\"5771f7f7\" data-element_type=\"section\" data-e-type=\"section\" data-settings=\"{&quot;background_background&quot;:&quot;classic&quot;,&quot;animation&quot;:&quot;fadeIn&quot;}\">\n\t\t\t\t\t\t<div class=\"elementor-container elementor-column-gap-no\">\n\t\t\t\t\t<div class=\"elementor-column elementor-col-100 elementor-top-column elementor-element elementor-element-358d8606\" data-id=\"358d8606\" data-element_type=\"column\" data-e-type=\"column\" data-settings=\"{&quot;background_background&quot;:&quot;classic&quot;}\">\n\t\t\t<div class=\"elementor-widget-wrap elementor-element-populated\">\n\t\t\t\t\t\t<div class=\"elementor-element elementor-element-cbf4541 elementor-grid-2 elementor-grid-tablet-2 elementor-grid-mobile-1 elementor-posts--thumbnail-top elementor-widget elementor-widget-posts\" data-id=\"cbf4541\" data-element_type=\"widget\" data-e-type=\"widget\" data-settings=\"{&quot;classic_columns&quot;:&quot;2&quot;,&quot;classic_columns_tablet&quot;:&quot;2&quot;,&quot;classic_columns_mobile&quot;:&quot;1&quot;,&quot;classic_row_gap&quot;:{&quot;unit&quot;:&quot;px&quot;,&quot;size&quot;:35,&quot;sizes&quot;:[]},&quot;classic_row_gap_tablet&quot;:{&quot;unit&quot;:&quot;px&quot;,&quot;size&quot;:&quot;&quot;,&quot;sizes&quot;:[]},&quot;classic_row_gap_mobile&quot;:{&quot;unit&quot;:&quot;px&quot;,&quot;size&quot;:&quot;&quot;,&quot;sizes&quot;:[]}}\" data-widget_type=\"posts.classic\">\n\t\t\t\t<div class=\"elementor-widget-container\">\n\t\t\t\t\t\t\t<div class=\"elementor-posts-container elementor-posts elementor-posts--skin-classic elementor-grid\" role=\"list\">\n\t\t\t\t<article class=\"elementor-post elementor-grid-item post-1567 post type-post status-publish format-standard has-post-thumbnail hentry category-unkategorisiert\" role=\"listitem\">\n\t\t\t\t<a class=\"elementor-post__thumbnail__link\" href=\"https:\/\/distrimob.be\/de\/kunst-und-nachhaltigkeit-verbinden-sich-in-der-brafa-art-fair-und-im-kh\/\" tabindex=\"-1\" >\n\t\t\t<div class=\"elementor-post__thumbnail\"><img fetchpriority=\"high\" decoding=\"async\" width=\"768\" height=\"576\" src=\"https:\/\/distrimob.be\/wp-content\/uploads\/2023\/01\/Distrimob-home-768x576.jpg\" class=\"attachment-medium_large size-medium_large wp-image-1499\" alt=\"\" srcset=\"https:\/\/distrimob.be\/wp-content\/uploads\/2023\/01\/Distrimob-home-768x576.jpg 768w, https:\/\/distrimob.be\/wp-content\/uploads\/2023\/01\/Distrimob-home-300x225.jpg 300w, https:\/\/distrimob.be\/wp-content\/uploads\/2023\/01\/Distrimob-home-1024x768.jpg 1024w, https:\/\/distrimob.be\/wp-content\/uploads\/2023\/01\/Distrimob-home-1536x1152.jpg 1536w, https:\/\/distrimob.be\/wp-content\/uploads\/2023\/01\/Distrimob-home-2048x1536.jpg 2048w\" sizes=\"(max-width: 768px) 100vw, 768px\" \/><\/div>\n\t\t<\/a>\n\t\t\t\t<div class=\"elementor-post__text\">\n\t\t\t\t<h3 class=\"elementor-post__title\">\n\t\t\t<a href=\"https:\/\/distrimob.be\/de\/kunst-und-nachhaltigkeit-verbinden-sich-in-der-brafa-art-fair-und-im-kh\/\" >\n\t\t\t\tKunst und Nachhaltigkeit verbinden sich in der BRAFA Art Fair und im KH\t\t\t<\/a>\n\t\t<\/h3>\n\t\t\t\t<div class=\"elementor-post__meta-data\">\n\t\t\t\t\t<span class=\"elementor-post-date\">\n\t\t\t31 Januar 2023\t\t<\/span>\n\t\t\t\t<\/div>\n\t\t\t\t<div class=\"elementor-post__excerpt\">\n\t\t\t<p>Die BRAFA Art Fair, eine der f\u00fchrenden Kunst- und Antiquit\u00e4tenmessen in Europa, ist nach einer Pause aufgrund der Covid-19-Pandemie wieder da. Unter der Leitung von Direktorin Beatrix Bourdon, einer stolzen Kneisterin, findet die diesj\u00e4hrige Messe in den Pal\u00e4sten 3 und 4 des Heysel in Br\u00fcssel statt.<\/p>\n\t\t<\/div>\n\t\t\n\t\t<a class=\"elementor-post__read-more\" href=\"https:\/\/distrimob.be\/de\/kunst-und-nachhaltigkeit-verbinden-sich-in-der-brafa-art-fair-und-im-kh\/\" aria-label=\"Read more about Kunst und Nachhaltigkeit verbinden sich in der BRAFA Art Fair und im KH\" tabindex=\"-1\" >\n\t\t\tLesen Sie weiter \u00bb\t\t<\/a>\n\n\t\t\t\t<\/div>\n\t\t\t\t<\/article>\n\t\t\t\t<\/div>\n\t\t\n\t\t\t\t\t\t<\/div>\n\t\t\t\t<\/div>\n\t\t\t\t\t<\/div>\n\t\t<\/div>\n\t\t\t\t\t<\/div>\n\t\t<\/section>\n\t\t\t\t<\/div>\n\t\t","protected":false},"excerpt":{"rendered":"<p>Distrimob blog Nachrichten Electric Shuttle<\/p>\n","protected":false},"author":1,"featured_media":0,"parent":0,"menu_order":0,"comment_status":"closed","ping_status":"closed","template":"","meta":{"footnotes":""},"class_list":["post-1559","page","type-page","status-publish","hentry"],"yoast_head":"<!-- This site is optimized with the Yoast SEO plugin v26.9 - https:\/\/yoast.com\/product\/yoast-seo-wordpress\/ -->\n<title>Blog - DistriMob e-shuttlebus<\/title>\n<meta name=\"robots\" content=\"index, follow, max-snippet:-1, max-image-preview:large, max-video-preview:-1\" \/>\n<link rel=\"canonical\" href=\"https:\/\/distrimob.be\/de\/blog\/\" \/>\n<meta property=\"og:locale\" content=\"de_DE\" \/>\n<meta property=\"og:type\" content=\"article\" \/>\n<meta property=\"og:title\" content=\"Blog - DistriMob e-shuttlebus\" \/>\n<meta property=\"og:description\" content=\"Distrimob blog Nachrichten Electric Shuttle\" \/>\n<meta property=\"og:url\" content=\"https:\/\/distrimob.be\/de\/blog\/\" \/>\n<meta property=\"og:site_name\" content=\"DistriMob e-shuttlebus\" \/>\n<meta property=\"article:modified_time\" content=\"2023-01-31T06:24:54+00:00\" \/>\n<meta name=\"twitter:card\" content=\"summary_large_image\" \/>\n<script type=\"application\/ld+json\" class=\"yoast-schema-graph\">{\"@context\":\"https:\/\/schema.org\",\"@graph\":[{\"@type\":\"WebPage\",\"@id\":\"https:\/\/distrimob.be\/de\/blog\/\",\"url\":\"https:\/\/distrimob.be\/de\/blog\/\",\"name\":\"Blog - DistriMob e-shuttlebus\",\"isPartOf\":{\"@id\":\"https:\/\/distrimob.be\/de\/#website\"},\"datePublished\":\"2023-01-31T06:16:53+00:00\",\"dateModified\":\"2023-01-31T06:24:54+00:00\",\"breadcrumb\":{\"@id\":\"https:\/\/distrimob.be\/de\/blog\/#breadcrumb\"},\"inLanguage\":\"de\",\"potentialAction\":[{\"@type\":\"ReadAction\",\"target\":[\"https:\/\/distrimob.be\/de\/blog\/\"]}]},{\"@type\":\"BreadcrumbList\",\"@id\":\"https:\/\/distrimob.be\/de\/blog\/#breadcrumb\",\"itemListElement\":[{\"@type\":\"ListItem\",\"position\":1,\"name\":\"Home\",\"item\":\"https:\/\/distrimob.be\/de\/\"},{\"@type\":\"ListItem\",\"position\":2,\"name\":\"Blog\"}]},{\"@type\":\"WebSite\",\"@id\":\"https:\/\/distrimob.be\/de\/#website\",\"url\":\"https:\/\/distrimob.be\/de\/\",\"name\":\"DistriMob e-shuttlebus\",\"description\":\"Elektrisch openbaar vervoer op maat\",\"publisher\":{\"@id\":\"https:\/\/distrimob.be\/de\/#organization\"},\"potentialAction\":[{\"@type\":\"SearchAction\",\"target\":{\"@type\":\"EntryPoint\",\"urlTemplate\":\"https:\/\/distrimob.be\/de\/?s={search_term_string}\"},\"query-input\":{\"@type\":\"PropertyValueSpecification\",\"valueRequired\":true,\"valueName\":\"search_term_string\"}}],\"inLanguage\":\"de\"},{\"@type\":\"Organization\",\"@id\":\"https:\/\/distrimob.be\/de\/#organization\",\"name\":\"DistriMob e-shuttlebussen\",\"url\":\"https:\/\/distrimob.be\/de\/\",\"logo\":{\"@type\":\"ImageObject\",\"inLanguage\":\"de\",\"@id\":\"https:\/\/distrimob.be\/de\/#\/schema\/logo\/image\/\",\"url\":\"https:\/\/distrimob.be\/wp-content\/uploads\/2021\/07\/Distrimob-logo.png\",\"contentUrl\":\"https:\/\/distrimob.be\/wp-content\/uploads\/2021\/07\/Distrimob-logo.png\",\"width\":542,\"height\":163,\"caption\":\"DistriMob e-shuttlebussen\"},\"image\":{\"@id\":\"https:\/\/distrimob.be\/de\/#\/schema\/logo\/image\/\"}}]}<\/script>\n<!-- \/ Yoast SEO plugin. -->","yoast_head_json":{"title":"Blog - DistriMob e-shuttlebus","robots":{"index":"index","follow":"follow","max-snippet":"max-snippet:-1","max-image-preview":"max-image-preview:large","max-video-preview":"max-video-preview:-1"},"canonical":"https:\/\/distrimob.be\/de\/blog\/","og_locale":"de_DE","og_type":"article","og_title":"Blog - DistriMob e-shuttlebus","og_description":"Distrimob blog Nachrichten Electric Shuttle","og_url":"https:\/\/distrimob.be\/de\/blog\/","og_site_name":"DistriMob e-shuttlebus","article_modified_time":"2023-01-31T06:24:54+00:00","twitter_card":"summary_large_image","schema":{"@context":"https:\/\/schema.org","@graph":[{"@type":"WebPage","@id":"https:\/\/distrimob.be\/de\/blog\/","url":"https:\/\/distrimob.be\/de\/blog\/","name":"Blog - DistriMob e-shuttlebus","isPartOf":{"@id":"https:\/\/distrimob.be\/de\/#website"},"datePublished":"2023-01-31T06:16:53+00:00","dateModified":"2023-01-31T06:24:54+00:00","breadcrumb":{"@id":"https:\/\/distrimob.be\/de\/blog\/#breadcrumb"},"inLanguage":"de","potentialAction":[{"@type":"ReadAction","target":["https:\/\/distrimob.be\/de\/blog\/"]}]},{"@type":"BreadcrumbList","@id":"https:\/\/distrimob.be\/de\/blog\/#breadcrumb","itemListElement":[{"@type":"ListItem","position":1,"name":"Home","item":"https:\/\/distrimob.be\/de\/"},{"@type":"ListItem","position":2,"name":"Blog"}]},{"@type":"WebSite","@id":"https:\/\/distrimob.be\/de\/#website","url":"https:\/\/distrimob.be\/de\/","name":"DistriMob e-shuttlebus","description":"Elektrisch openbaar vervoer op maat","publisher":{"@id":"https:\/\/distrimob.be\/de\/#organization"},"potentialAction":[{"@type":"SearchAction","target":{"@type":"EntryPoint","urlTemplate":"https:\/\/distrimob.be\/de\/?s={search_term_string}"},"query-input":{"@type":"PropertyValueSpecification","valueRequired":true,"valueName":"search_term_string"}}],"inLanguage":"de"},{"@type":"Organization","@id":"https:\/\/distrimob.be\/de\/#organization","name":"DistriMob e-shuttlebussen","url":"https:\/\/distrimob.be\/de\/","logo":{"@type":"ImageObject","inLanguage":"de","@id":"https:\/\/distrimob.be\/de\/#\/schema\/logo\/image\/","url":"https:\/\/distrimob.be\/wp-content\/uploads\/2021\/07\/Distrimob-logo.png","contentUrl":"https:\/\/distrimob.be\/wp-content\/uploads\/2021\/07\/Distrimob-logo.png","width":542,"height":163,"caption":"DistriMob e-shuttlebussen"},"image":{"@id":"https:\/\/distrimob.be\/de\/#\/schema\/logo\/image\/"}}]}},"_links":{"self":[{"href":"https:\/\/distrimob.be\/de\/wp-json\/wp\/v2\/pages\/1559","targetHints":{"allow":["GET"]}}],"collection":[{"href":"https:\/\/distrimob.be\/de\/wp-json\/wp\/v2\/pages"}],"about":[{"href":"https:\/\/distrimob.be\/de\/wp-json\/wp\/v2\/types\/page"}],"author":[{"embeddable":true,"href":"https:\/\/distrimob.be\/de\/wp-json\/wp\/v2\/users\/1"}],"replies":[{"embeddable":true,"href":"https:\/\/distrimob.be\/de\/wp-json\/wp\/v2\/comments?post=1559"}],"version-history":[{"count":3,"href":"https:\/\/distrimob.be\/de\/wp-json\/wp\/v2\/pages\/1559\/revisions"}],"predecessor-version":[{"id":1564,"href":"https:\/\/distrimob.be\/de\/wp-json\/wp\/v2\/pages\/1559\/revisions\/1564"}],"wp:attachment":[{"href":"https:\/\/distrimob.be\/de\/wp-json\/wp\/v2\/media?parent=1559"}],"curies":[{"name":"wp","href":"https:\/\/api.w.org\/{rel}","templated":true}]}}