{"id":1078,"date":"2022-11-14T18:32:29","date_gmt":"2022-11-14T18:32:29","guid":{"rendered":"https:\/\/distrimob.be\/transport\/"},"modified":"2025-08-05T08:59:42","modified_gmt":"2025-08-05T08:59:42","slug":"transport","status":"publish","type":"page","link":"https:\/\/distrimob.be\/fr\/transport\/","title":{"rendered":"Transport"},"content":{"rendered":"\t\t<div data-elementor-type=\"wp-page\" data-elementor-id=\"1078\" class=\"elementor elementor-1078 elementor-720\" data-elementor-post-type=\"page\">\n\t\t\t\t\t\t<section class=\"elementor-section elementor-top-section elementor-element elementor-element-1bfecc96 elementor-section-boxed elementor-section-height-default elementor-section-height-default elementor-invisible\" data-id=\"1bfecc96\" data-element_type=\"section\" data-e-type=\"section\" data-settings=\"{&quot;background_background&quot;:&quot;classic&quot;,&quot;animation&quot;:&quot;fadeIn&quot;}\">\n\t\t\t\t\t\t<div class=\"elementor-container elementor-column-gap-default\">\n\t\t\t\t\t<div class=\"elementor-column elementor-col-50 elementor-top-column elementor-element elementor-element-2fe45a7\" data-id=\"2fe45a7\" data-element_type=\"column\" data-e-type=\"column\">\n\t\t\t<div class=\"elementor-widget-wrap elementor-element-populated\">\n\t\t\t\t\t\t<div class=\"elementor-element elementor-element-187c298a elementor-widget elementor-widget-heading\" data-id=\"187c298a\" data-element_type=\"widget\" data-e-type=\"widget\" data-widget_type=\"heading.default\">\n\t\t\t\t<div class=\"elementor-widget-container\">\n\t\t\t\t\t<h1 class=\"elementor-heading-title elementor-size-default\">Transport <span style=\"color:#03ccf1\">Distrimob<\/span><\/h1>\t\t\t\t<\/div>\n\t\t\t\t<\/div>\n\t\t\t\t<div class=\"elementor-element elementor-element-5a86237c elementor-widget elementor-widget-heading\" data-id=\"5a86237c\" data-element_type=\"widget\" data-e-type=\"widget\" data-widget_type=\"heading.default\">\n\t\t\t\t<div class=\"elementor-widget-container\">\n\t\t\t\t\t<h3 class=\"elementor-heading-title elementor-size-default\">Avec des camions innovants, nous livrons nos bus \u00e9lectriques Distrimob modernes sur site.<\/h3>\t\t\t\t<\/div>\n\t\t\t\t<\/div>\n\t\t\t\t<div class=\"elementor-element elementor-element-695005f3 elementor-widget elementor-widget-text-editor\" data-id=\"695005f3\" data-element_type=\"widget\" data-e-type=\"widget\" data-widget_type=\"text-editor.default\">\n\t\t\t\t<div class=\"elementor-widget-container\">\n\t\t\t\t\t\t\t\t\t<p>Nous garantissons un transport discret \u00e0 l&rsquo;aide de notre transport ouvert ou ferm\u00e9 \u00e0 travers l&rsquo;Europe.<\/p>\n\t\t\t\t\t\t\t\t<\/div>\n\t\t\t\t<\/div>\n\t\t\t\t\t<\/div>\n\t\t<\/div>\n\t\t\t\t<div class=\"elementor-column elementor-col-50 elementor-top-column elementor-element elementor-element-30aece37 elementor-hidden-phone\" data-id=\"30aece37\" data-element_type=\"column\" data-e-type=\"column\">\n\t\t\t<div class=\"elementor-widget-wrap elementor-element-populated\">\n\t\t\t\t\t\t<div class=\"elementor-element elementor-element-6639dd1d elementor-view-default elementor-widget elementor-widget-icon\" data-id=\"6639dd1d\" data-element_type=\"widget\" data-e-type=\"widget\" id=\"distirmob-icon\" data-widget_type=\"icon.default\">\n\t\t\t\t<div class=\"elementor-widget-container\">\n\t\t\t\t\t\t\t<div class=\"elementor-icon-wrapper\">\n\t\t\t<div class=\"elementor-icon\">\n\t\t\t<svg xmlns=\"http:\/\/www.w3.org\/2000\/svg\" xmlns:xlink=\"http:\/\/www.w3.org\/1999\/xlink\" id=\"Laag_1\" x=\"0px\" y=\"0px\" viewBox=\"0 0 1841.9 382.9\" xml:space=\"preserve\"><path fill-rule=\"evenodd\" fill=\"#3EBEE4\" d=\"M388.1,60.6c-14.6-15-32.3-26.7-51.7-34.5l-3.8-1.3h-148c-11.3,0-20.5,9.2-20.5,20.5  v46.2c0,7.9-6.4,14.2-14.2,14.2H48.5c-14.6,0.3-26.2,12.3-26,26.8c-0.1,14.6,11.5,26.6,26.1,27.1h101.3c7.9,0,14.2,6.4,14.2,14.2v35  c0,7.9-6.4,14.2-14.2,14.2H48.5c-14.6,0.3-26.2,12.2-26,26.8c-0.1,14.6,11.5,26.6,26.1,27.1h101.3c7.9,0,14.2,6.4,14.2,14.2v32.9  c0,18.7,15.2,33.9,33.9,33.9h133.5c14.5-0.3,26.1-12.2,25.9-26.8c0.1-14.6-11.4-26.6-26-27.2H230c-7.9,0-14.2-6.4-14.2-14.2V93  c0-7.9,6.4-14.2,14.2-14.2h89.8c2.3,0,4.6,0.6,6.7,1.7c10.9,5.8,20.8,13.5,29.2,22.6c21.7,24.1,32.8,55.9,30.8,88.2  c-0.7,31.8,12.2,62.3,35.4,84c20.7,18.1,44.1,28,71.6,27.8l1300-0.3c14.6-0.3,26.2-12.3,26-26.8c0.1-14.6-11.5-26.6-26.1-27.1  l-1299.3,0.3c-36.8,0.1-56.6-24.2-55.9-58.6C439.2,142.3,421.2,95.6,388.1,60.6z\"><\/path><\/svg>\t\t\t<\/div>\n\t\t<\/div>\n\t\t\t\t\t\t<\/div>\n\t\t\t\t<\/div>\n\t\t\t\t\t<\/div>\n\t\t<\/div>\n\t\t\t\t\t<\/div>\n\t\t<\/section>\n\t\t\t\t<section class=\"elementor-section elementor-top-section elementor-element elementor-element-3982f056 elementor-reverse-tablet elementor-section-boxed elementor-section-height-default elementor-section-height-default elementor-invisible\" data-id=\"3982f056\" data-element_type=\"section\" data-e-type=\"section\" data-settings=\"{&quot;background_background&quot;:&quot;classic&quot;,&quot;animation&quot;:&quot;fadeIn&quot;}\">\n\t\t\t\t\t\t<div class=\"elementor-container elementor-column-gap-no\">\n\t\t\t\t\t<div class=\"elementor-column elementor-col-33 elementor-top-column elementor-element elementor-element-17eecb20\" data-id=\"17eecb20\" data-element_type=\"column\" data-e-type=\"column\" data-settings=\"{&quot;background_background&quot;:&quot;classic&quot;}\">\n\t\t\t<div class=\"elementor-widget-wrap elementor-element-populated\">\n\t\t\t\t\t\t<div class=\"elementor-element elementor-element-5b9ee19 elementor-widget__width-initial elementor-widget elementor-widget-video\" data-id=\"5b9ee19\" data-element_type=\"widget\" data-e-type=\"widget\" data-settings=\"{&quot;video_type&quot;:&quot;hosted&quot;,&quot;controls&quot;:&quot;yes&quot;}\" data-widget_type=\"video.default\">\n\t\t\t\t<div class=\"elementor-widget-container\">\n\t\t\t\t\t\t\t<div class=\"e-hosted-video elementor-wrapper elementor-open-inline\">\n\t\t\t\t\t<video class=\"elementor-video\" src=\"https:\/\/distrimob.be\/wp-content\/uploads\/2023\/01\/Distrimob-Transport.mp4\" controls=\"\" preload=\"metadata\" controlsList=\"nodownload\"><\/video>\n\t\t\t\t<\/div>\n\t\t\t\t\t\t<\/div>\n\t\t\t\t<\/div>\n\t\t\t\t\t<\/div>\n\t\t<\/div>\n\t\t\t\t<div class=\"elementor-column elementor-col-33 elementor-top-column elementor-element elementor-element-e9a7430\" data-id=\"e9a7430\" data-element_type=\"column\" data-e-type=\"column\" data-settings=\"{&quot;background_background&quot;:&quot;classic&quot;}\">\n\t\t\t<div class=\"elementor-widget-wrap elementor-element-populated\">\n\t\t\t\t\t\t<div class=\"elementor-element elementor-element-038fd5b elementor-widget__width-initial elementor-widget elementor-widget-video\" data-id=\"038fd5b\" data-element_type=\"widget\" data-e-type=\"widget\" data-settings=\"{&quot;video_type&quot;:&quot;hosted&quot;,&quot;controls&quot;:&quot;yes&quot;}\" data-widget_type=\"video.default\">\n\t\t\t\t<div class=\"elementor-widget-container\">\n\t\t\t\t\t\t\t<div class=\"e-hosted-video elementor-wrapper elementor-open-inline\">\n\t\t\t\t\t<video class=\"elementor-video\" src=\"https:\/\/distrimob.be\/wp-content\/uploads\/2025\/08\/Filmpje-transport.mp4\" controls=\"\" preload=\"metadata\" controlsList=\"nodownload\"><\/video>\n\t\t\t\t<\/div>\n\t\t\t\t\t\t<\/div>\n\t\t\t\t<\/div>\n\t\t\t\t\t<\/div>\n\t\t<\/div>\n\t\t\t\t<div class=\"elementor-column elementor-col-33 elementor-top-column elementor-element elementor-element-62c9dce2\" data-id=\"62c9dce2\" data-element_type=\"column\" data-e-type=\"column\" data-settings=\"{&quot;background_background&quot;:&quot;classic&quot;}\">\n\t\t\t<div class=\"elementor-widget-wrap elementor-element-populated\">\n\t\t\t\t\t\t<div class=\"elementor-element elementor-element-11bd7a1 elementor-widget elementor-widget-text-editor\" data-id=\"11bd7a1\" data-element_type=\"widget\" data-e-type=\"widget\" data-widget_type=\"text-editor.default\">\n\t\t\t\t<div class=\"elementor-widget-container\">\n\t\t\t\t\t\t\t\t\t<p>Gr\u00e2ce \u00e0 la qualit\u00e9 moderne \u00e9lev\u00e9e des bus Distrimob, nous proposons un transport de qualit\u00e9 avec du mat\u00e9riel de transport bien entretenu (un transport ouvert ou ferm\u00e9 n&rsquo;est pas un probl\u00e8me).<\/p>\n\t\t\t\t\t\t\t\t<\/div>\n\t\t\t\t<\/div>\n\t\t\t\t<div class=\"elementor-element elementor-element-494f0d3 elementor-icon-list--layout-traditional elementor-list-item-link-full_width elementor-widget elementor-widget-icon-list\" data-id=\"494f0d3\" data-element_type=\"widget\" data-e-type=\"widget\" data-widget_type=\"icon-list.default\">\n\t\t\t\t<div class=\"elementor-widget-container\">\n\t\t\t\t\t\t\t<ul class=\"elementor-icon-list-items\">\n\t\t\t\t\t\t\t<li class=\"elementor-icon-list-item\">\n\t\t\t\t\t\t\t\t\t\t\t<span class=\"elementor-icon-list-icon\">\n\t\t\t\t\t\t\t<i aria-hidden=\"true\" class=\"fas fa-check\"><\/i>\t\t\t\t\t\t<\/span>\n\t\t\t\t\t\t\t\t\t\t<span class=\"elementor-icon-list-text\">Un service personnalis\u00e9 par du personnel exp\u00e9riment\u00e9 est offert dans nos bus \u00e9lectriques<\/span>\n\t\t\t\t\t\t\t\t\t<\/li>\n\t\t\t\t\t\t\t\t<li class=\"elementor-icon-list-item\">\n\t\t\t\t\t\t\t\t\t\t\t<span class=\"elementor-icon-list-icon\">\n\t\t\t\t\t\t\t<i aria-hidden=\"true\" class=\"fas fa-check\"><\/i>\t\t\t\t\t\t<\/span>\n\t\t\t\t\t\t\t\t\t\t<span class=\"elementor-icon-list-text\">Grand bus \u00e9lectrique ou minibus \u00e9lectrique \u2013 toujours le m\u00eame mode op\u00e9ratoire<\/span>\n\t\t\t\t\t\t\t\t\t<\/li>\n\t\t\t\t\t\t\t\t<li class=\"elementor-icon-list-item\">\n\t\t\t\t\t\t\t\t\t\t\t<span class=\"elementor-icon-list-icon\">\n\t\t\t\t\t\t\t<i aria-hidden=\"true\" class=\"fas fa-check\"><\/i>\t\t\t\t\t\t<\/span>\n\t\t\t\t\t\t\t\t\t\t<span class=\"elementor-icon-list-text\">Nous garantissons un service de livraison 24\/7 pour une livraison rapide et efficace<\/span>\n\t\t\t\t\t\t\t\t\t<\/li>\n\t\t\t\t\t\t<\/ul>\n\t\t\t\t\t\t<\/div>\n\t\t\t\t<\/div>\n\t\t\t\t<div class=\"elementor-element elementor-element-2e97705c elementor-widget elementor-widget-text-editor\" data-id=\"2e97705c\" data-element_type=\"widget\" data-e-type=\"widget\" data-widget_type=\"text-editor.default\">\n\t\t\t\t<div class=\"elementor-widget-container\">\n\t\t\t\t\t\t\t\t\t<p>Notre syst\u00e8me d&rsquo;information innovant avec lequel chaque camion est \u00e9quip\u00e9 nous permet d&rsquo;indiquer avec pr\u00e9cision \u00e0 quelle heure le bus \u00e9lectrique sera livr\u00e9 sur votre site.<\/p>\n\t\t\t\t\t\t\t\t<\/div>\n\t\t\t\t<\/div>\n\t\t\t\t\t<\/div>\n\t\t<\/div>\n\t\t\t\t\t<\/div>\n\t\t<\/section>\n\t\t\t\t<section class=\"elementor-section elementor-top-section elementor-element elementor-element-6eb5353d elementor-reverse-tablet elementor-reverse-mobile elementor-section-boxed elementor-section-height-default elementor-section-height-default elementor-invisible\" data-id=\"6eb5353d\" data-element_type=\"section\" data-e-type=\"section\" data-settings=\"{&quot;background_background&quot;:&quot;classic&quot;,&quot;animation&quot;:&quot;fadeIn&quot;}\">\n\t\t\t\t\t\t<div class=\"elementor-container elementor-column-gap-no\">\n\t\t\t\t\t<div class=\"elementor-column elementor-col-100 elementor-top-column elementor-element elementor-element-71a0ba0f\" data-id=\"71a0ba0f\" data-element_type=\"column\" data-e-type=\"column\">\n\t\t\t<div class=\"elementor-widget-wrap elementor-element-populated\">\n\t\t\t\t\t\t<div class=\"elementor-element elementor-element-981e5a9 elementor-widget__width-initial elementor-widget elementor-widget-video\" data-id=\"981e5a9\" data-element_type=\"widget\" data-e-type=\"widget\" data-settings=\"{&quot;video_type&quot;:&quot;hosted&quot;,&quot;controls&quot;:&quot;yes&quot;}\" data-widget_type=\"video.default\">\n\t\t\t\t<div class=\"elementor-widget-container\">\n\t\t\t\t\t\t\t<div class=\"e-hosted-video elementor-wrapper elementor-open-inline\">\n\t\t\t\t\t<video class=\"elementor-video\" src=\"https:\/\/distrimob.be\/wp-content\/uploads\/2022\/11\/transport-ed605c.mp4\" controls=\"\" preload=\"metadata\" controlsList=\"nodownload\"><\/video>\n\t\t\t\t<\/div>\n\t\t\t\t\t\t<\/div>\n\t\t\t\t<\/div>\n\t\t\t\t<div class=\"elementor-element elementor-element-a2be45c elementor-widget elementor-widget-gallery\" data-id=\"a2be45c\" data-element_type=\"widget\" data-e-type=\"widget\" data-settings=\"{&quot;columns_mobile&quot;:2,&quot;gap&quot;:{&quot;unit&quot;:&quot;px&quot;,&quot;size&quot;:1,&quot;sizes&quot;:[]},&quot;gap_tablet&quot;:{&quot;unit&quot;:&quot;px&quot;,&quot;size&quot;:1,&quot;sizes&quot;:[]},&quot;gap_mobile&quot;:{&quot;unit&quot;:&quot;px&quot;,&quot;size&quot;:1,&quot;sizes&quot;:[]},&quot;columns&quot;:2,&quot;lazyload&quot;:&quot;yes&quot;,&quot;gallery_layout&quot;:&quot;grid&quot;,&quot;columns_tablet&quot;:2,&quot;link_to&quot;:&quot;file&quot;,&quot;aspect_ratio&quot;:&quot;3:2&quot;,&quot;overlay_background&quot;:&quot;yes&quot;,&quot;content_hover_animation&quot;:&quot;fade-in&quot;}\" data-widget_type=\"gallery.default\">\n\t\t\t\t<div class=\"elementor-widget-container\">\n\t\t\t\t\t\t\t<div class=\"elementor-gallery__container\">\n\t\t\t\t\t\t\t<a class=\"e-gallery-item elementor-gallery-item elementor-animated-content\" href=\"https:\/\/distrimob.be\/wp-content\/uploads\/2022\/11\/Distrimob-transport-1.jpg\" data-elementor-open-lightbox=\"yes\" data-elementor-lightbox-slideshow=\"a2be45c\" data-e-action-hash=\"#elementor-action%3Aaction%3Dlightbox%26settings%3DeyJpZCI6ODY0LCJ1cmwiOiJodHRwczpcL1wvZGlzdHJpbW9iLmJlXC93cC1jb250ZW50XC91cGxvYWRzXC8yMDIyXC8xMVwvRGlzdHJpbW9iLXRyYW5zcG9ydC0xLmpwZyIsInNsaWRlc2hvdyI6ImEyYmU0NWMifQ%3D%3D\">\n\t\t\t\t\t<div class=\"e-gallery-image elementor-gallery-item__image\" data-thumbnail=\"https:\/\/distrimob.be\/wp-content\/uploads\/2022\/11\/Distrimob-transport-1-768x512.jpg\" data-width=\"768\" data-height=\"512\" aria-label=\"\" role=\"img\" ><\/div>\n\t\t\t\t\t\t\t\t\t\t\t<div class=\"elementor-gallery-item__overlay\"><\/div>\n\t\t\t\t\t\t\t\t\t\t\t\t\t\t<\/a>\n\t\t\t\t\t\t\t<a class=\"e-gallery-item elementor-gallery-item elementor-animated-content\" href=\"https:\/\/distrimob.be\/wp-content\/uploads\/2025\/08\/04.jpg\" data-elementor-open-lightbox=\"yes\" data-elementor-lightbox-slideshow=\"a2be45c\" data-e-action-hash=\"#elementor-action%3Aaction%3Dlightbox%26settings%3DeyJpZCI6MjA0MCwidXJsIjoiaHR0cHM6XC9cL2Rpc3RyaW1vYi5iZVwvd3AtY29udGVudFwvdXBsb2Fkc1wvMjAyNVwvMDhcLzA0LmpwZyIsInNsaWRlc2hvdyI6ImEyYmU0NWMifQ%3D%3D\">\n\t\t\t\t\t<div class=\"e-gallery-image elementor-gallery-item__image\" data-thumbnail=\"https:\/\/distrimob.be\/wp-content\/uploads\/2025\/08\/04-768x512.jpg\" data-width=\"768\" data-height=\"512\" aria-label=\"\" role=\"img\" ><\/div>\n\t\t\t\t\t\t\t\t\t\t\t<div class=\"elementor-gallery-item__overlay\"><\/div>\n\t\t\t\t\t\t\t\t\t\t\t\t\t\t<\/a>\n\t\t\t\t\t\t\t<a class=\"e-gallery-item elementor-gallery-item elementor-animated-content\" href=\"https:\/\/distrimob.be\/wp-content\/uploads\/2022\/11\/Distrimob-transport-3.jpg\" data-elementor-open-lightbox=\"yes\" data-elementor-lightbox-slideshow=\"a2be45c\" data-e-action-hash=\"#elementor-action%3Aaction%3Dlightbox%26settings%3DeyJpZCI6ODY2LCJ1cmwiOiJodHRwczpcL1wvZGlzdHJpbW9iLmJlXC93cC1jb250ZW50XC91cGxvYWRzXC8yMDIyXC8xMVwvRGlzdHJpbW9iLXRyYW5zcG9ydC0zLmpwZyIsInNsaWRlc2hvdyI6ImEyYmU0NWMifQ%3D%3D\">\n\t\t\t\t\t<div class=\"e-gallery-image elementor-gallery-item__image\" data-thumbnail=\"https:\/\/distrimob.be\/wp-content\/uploads\/2022\/11\/Distrimob-transport-3-768x512.jpg\" data-width=\"768\" data-height=\"512\" aria-label=\"\" role=\"img\" ><\/div>\n\t\t\t\t\t\t\t\t\t\t\t<div class=\"elementor-gallery-item__overlay\"><\/div>\n\t\t\t\t\t\t\t\t\t\t\t\t\t\t<\/a>\n\t\t\t\t\t\t\t<a class=\"e-gallery-item elementor-gallery-item elementor-animated-content\" href=\"https:\/\/distrimob.be\/wp-content\/uploads\/2022\/11\/Distrimob-22-04.jpg\" data-elementor-open-lightbox=\"yes\" data-elementor-lightbox-slideshow=\"a2be45c\" data-e-action-hash=\"#elementor-action%3Aaction%3Dlightbox%26settings%3DeyJpZCI6ODc3LCJ1cmwiOiJodHRwczpcL1wvZGlzdHJpbW9iLmJlXC93cC1jb250ZW50XC91cGxvYWRzXC8yMDIyXC8xMVwvRGlzdHJpbW9iLTIyLTA0LmpwZyIsInNsaWRlc2hvdyI6ImEyYmU0NWMifQ%3D%3D\">\n\t\t\t\t\t<div class=\"e-gallery-image elementor-gallery-item__image\" data-thumbnail=\"https:\/\/distrimob.be\/wp-content\/uploads\/2022\/11\/Distrimob-22-04-768x476.jpg\" data-width=\"768\" data-height=\"476\" aria-label=\"\" role=\"img\" ><\/div>\n\t\t\t\t\t\t\t\t\t\t\t<div class=\"elementor-gallery-item__overlay\"><\/div>\n\t\t\t\t\t\t\t\t\t\t\t\t\t\t<\/a>\n\t\t\t\t\t\t\t<a class=\"e-gallery-item elementor-gallery-item elementor-animated-content\" href=\"https:\/\/distrimob.be\/wp-content\/uploads\/2025\/08\/06.jpg\" data-elementor-open-lightbox=\"yes\" data-elementor-lightbox-slideshow=\"a2be45c\" data-e-action-hash=\"#elementor-action%3Aaction%3Dlightbox%26settings%3DeyJpZCI6MjA0MywidXJsIjoiaHR0cHM6XC9cL2Rpc3RyaW1vYi5iZVwvd3AtY29udGVudFwvdXBsb2Fkc1wvMjAyNVwvMDhcLzA2LmpwZyIsInNsaWRlc2hvdyI6ImEyYmU0NWMifQ%3D%3D\">\n\t\t\t\t\t<div class=\"e-gallery-image elementor-gallery-item__image\" data-thumbnail=\"https:\/\/distrimob.be\/wp-content\/uploads\/2025\/08\/06-768x512.jpg\" data-width=\"768\" data-height=\"512\" aria-label=\"\" role=\"img\" ><\/div>\n\t\t\t\t\t\t\t\t\t\t\t<div class=\"elementor-gallery-item__overlay\"><\/div>\n\t\t\t\t\t\t\t\t\t\t\t\t\t\t<\/a>\n\t\t\t\t\t\t\t<a class=\"e-gallery-item elementor-gallery-item elementor-animated-content\" href=\"https:\/\/distrimob.be\/wp-content\/uploads\/2022\/11\/Distrimob-transport-6.jpg\" data-elementor-open-lightbox=\"yes\" data-elementor-lightbox-slideshow=\"a2be45c\" data-e-action-hash=\"#elementor-action%3Aaction%3Dlightbox%26settings%3DeyJpZCI6ODUwLCJ1cmwiOiJodHRwczpcL1wvZGlzdHJpbW9iLmJlXC93cC1jb250ZW50XC91cGxvYWRzXC8yMDIyXC8xMVwvRGlzdHJpbW9iLXRyYW5zcG9ydC02LmpwZyIsInNsaWRlc2hvdyI6ImEyYmU0NWMifQ%3D%3D\">\n\t\t\t\t\t<div class=\"e-gallery-image elementor-gallery-item__image\" data-thumbnail=\"https:\/\/distrimob.be\/wp-content\/uploads\/2022\/11\/Distrimob-transport-6-768x512.jpg\" data-width=\"768\" data-height=\"512\" aria-label=\"\" role=\"img\" ><\/div>\n\t\t\t\t\t\t\t\t\t\t\t<div class=\"elementor-gallery-item__overlay\"><\/div>\n\t\t\t\t\t\t\t\t\t\t\t\t\t\t<\/a>\n\t\t\t\t\t<\/div>\n\t\t\t\t\t<\/div>\n\t\t\t\t<\/div>\n\t\t\t\t\t<\/div>\n\t\t<\/div>\n\t\t\t\t\t<\/div>\n\t\t<\/section>\n\t\t\t\t<\/div>\n\t\t","protected":false},"excerpt":{"rendered":"<p>Transport Distrimob Avec des camions innovants, nous livrons nos bus \u00e9lectriques Distrimob modernes sur site. Nous garantissons un transport discret \u00e0 l&rsquo;aide de notre transport ouvert ou ferm\u00e9 \u00e0 travers l&rsquo;Europe. https:\/\/distrimob.be\/wp-content\/uploads\/2023\/01\/Distrimob-Transport.mp4https:\/\/distrimob.be\/wp-content\/uploads\/2025\/08\/Filmpje-transport.mp4 Gr\u00e2ce \u00e0 la qualit\u00e9 moderne \u00e9lev\u00e9e des bus Distrimob, nous proposons un transport de qualit\u00e9 avec du mat\u00e9riel de transport bien entretenu (un [&hellip;]<\/p>\n","protected":false},"author":1,"featured_media":0,"parent":0,"menu_order":0,"comment_status":"closed","ping_status":"closed","template":"elementor_header_footer","meta":{"footnotes":""},"class_list":["post-1078","page","type-page","status-publish","hentry"],"yoast_head":"<!-- This site is optimized with the Yoast SEO plugin v26.9 - https:\/\/yoast.com\/product\/yoast-seo-wordpress\/ -->\n<title>Transport Distrimob - Bus \u00e9lectriques DistriMob<\/title>\n<meta name=\"description\" content=\"Avec des camions innovants, nous livrons nos bus \u00e9lectriques Distrimob modernes sur site.\" \/>\n<meta name=\"robots\" content=\"index, follow, max-snippet:-1, max-image-preview:large, max-video-preview:-1\" \/>\n<link rel=\"canonical\" href=\"https:\/\/distrimob.be\/fr\/transport\/\" \/>\n<meta property=\"og:locale\" content=\"fr_FR\" \/>\n<meta property=\"og:type\" content=\"article\" \/>\n<meta property=\"og:title\" content=\"Transport Distrimob - Bus \u00e9lectriques DistriMob\" \/>\n<meta property=\"og:description\" content=\"Avec des camions innovants, nous livrons nos bus \u00e9lectriques Distrimob modernes sur site.\" \/>\n<meta property=\"og:url\" content=\"https:\/\/distrimob.be\/fr\/transport\/\" \/>\n<meta property=\"og:site_name\" content=\"DistriMob e-shuttlebus\" \/>\n<meta property=\"article:modified_time\" content=\"2025-08-05T08:59:42+00:00\" \/>\n<meta name=\"twitter:card\" content=\"summary_large_image\" \/>\n<meta name=\"twitter:label1\" content=\"Dur\u00e9e de lecture est.\" \/>\n\t<meta name=\"twitter:data1\" content=\"1 minute\" \/>\n<script type=\"application\/ld+json\" class=\"yoast-schema-graph\">{\"@context\":\"https:\/\/schema.org\",\"@graph\":[{\"@type\":\"WebPage\",\"@id\":\"https:\/\/distrimob.be\/fr\/transport\/\",\"url\":\"https:\/\/distrimob.be\/fr\/transport\/\",\"name\":\"Transport Distrimob - Bus \u00e9lectriques DistriMob\",\"isPartOf\":{\"@id\":\"https:\/\/distrimob.be\/fr\/#website\"},\"datePublished\":\"2022-11-14T18:32:29+00:00\",\"dateModified\":\"2025-08-05T08:59:42+00:00\",\"description\":\"Avec des camions innovants, nous livrons nos bus \u00e9lectriques Distrimob modernes sur site.\",\"breadcrumb\":{\"@id\":\"https:\/\/distrimob.be\/fr\/transport\/#breadcrumb\"},\"inLanguage\":\"fr-BE\",\"potentialAction\":[{\"@type\":\"ReadAction\",\"target\":[\"https:\/\/distrimob.be\/fr\/transport\/\"]}]},{\"@type\":\"BreadcrumbList\",\"@id\":\"https:\/\/distrimob.be\/fr\/transport\/#breadcrumb\",\"itemListElement\":[{\"@type\":\"ListItem\",\"position\":1,\"name\":\"Home\",\"item\":\"https:\/\/distrimob.be\/fr\/\"},{\"@type\":\"ListItem\",\"position\":2,\"name\":\"Transport\"}]},{\"@type\":\"WebSite\",\"@id\":\"https:\/\/distrimob.be\/fr\/#website\",\"url\":\"https:\/\/distrimob.be\/fr\/\",\"name\":\"DistriMob e-shuttlebus\",\"description\":\"Elektrisch openbaar vervoer op maat\",\"publisher\":{\"@id\":\"https:\/\/distrimob.be\/fr\/#organization\"},\"potentialAction\":[{\"@type\":\"SearchAction\",\"target\":{\"@type\":\"EntryPoint\",\"urlTemplate\":\"https:\/\/distrimob.be\/fr\/?s={search_term_string}\"},\"query-input\":{\"@type\":\"PropertyValueSpecification\",\"valueRequired\":true,\"valueName\":\"search_term_string\"}}],\"inLanguage\":\"fr-BE\"},{\"@type\":\"Organization\",\"@id\":\"https:\/\/distrimob.be\/fr\/#organization\",\"name\":\"DistriMob e-shuttlebussen\",\"url\":\"https:\/\/distrimob.be\/fr\/\",\"logo\":{\"@type\":\"ImageObject\",\"inLanguage\":\"fr-BE\",\"@id\":\"https:\/\/distrimob.be\/fr\/#\/schema\/logo\/image\/\",\"url\":\"https:\/\/distrimob.be\/wp-content\/uploads\/2021\/07\/Distrimob-logo.png\",\"contentUrl\":\"https:\/\/distrimob.be\/wp-content\/uploads\/2021\/07\/Distrimob-logo.png\",\"width\":542,\"height\":163,\"caption\":\"DistriMob e-shuttlebussen\"},\"image\":{\"@id\":\"https:\/\/distrimob.be\/fr\/#\/schema\/logo\/image\/\"}}]}<\/script>\n<!-- \/ Yoast SEO plugin. -->","yoast_head_json":{"title":"Transport Distrimob - Bus \u00e9lectriques DistriMob","description":"Avec des camions innovants, nous livrons nos bus \u00e9lectriques Distrimob modernes sur site.","robots":{"index":"index","follow":"follow","max-snippet":"max-snippet:-1","max-image-preview":"max-image-preview:large","max-video-preview":"max-video-preview:-1"},"canonical":"https:\/\/distrimob.be\/fr\/transport\/","og_locale":"fr_FR","og_type":"article","og_title":"Transport Distrimob - Bus \u00e9lectriques DistriMob","og_description":"Avec des camions innovants, nous livrons nos bus \u00e9lectriques Distrimob modernes sur site.","og_url":"https:\/\/distrimob.be\/fr\/transport\/","og_site_name":"DistriMob e-shuttlebus","article_modified_time":"2025-08-05T08:59:42+00:00","twitter_card":"summary_large_image","twitter_misc":{"Dur\u00e9e de lecture est.":"1 minute"},"schema":{"@context":"https:\/\/schema.org","@graph":[{"@type":"WebPage","@id":"https:\/\/distrimob.be\/fr\/transport\/","url":"https:\/\/distrimob.be\/fr\/transport\/","name":"Transport Distrimob - Bus \u00e9lectriques DistriMob","isPartOf":{"@id":"https:\/\/distrimob.be\/fr\/#website"},"datePublished":"2022-11-14T18:32:29+00:00","dateModified":"2025-08-05T08:59:42+00:00","description":"Avec des camions innovants, nous livrons nos bus \u00e9lectriques Distrimob modernes sur site.","breadcrumb":{"@id":"https:\/\/distrimob.be\/fr\/transport\/#breadcrumb"},"inLanguage":"fr-BE","potentialAction":[{"@type":"ReadAction","target":["https:\/\/distrimob.be\/fr\/transport\/"]}]},{"@type":"BreadcrumbList","@id":"https:\/\/distrimob.be\/fr\/transport\/#breadcrumb","itemListElement":[{"@type":"ListItem","position":1,"name":"Home","item":"https:\/\/distrimob.be\/fr\/"},{"@type":"ListItem","position":2,"name":"Transport"}]},{"@type":"WebSite","@id":"https:\/\/distrimob.be\/fr\/#website","url":"https:\/\/distrimob.be\/fr\/","name":"DistriMob e-shuttlebus","description":"Elektrisch openbaar vervoer op maat","publisher":{"@id":"https:\/\/distrimob.be\/fr\/#organization"},"potentialAction":[{"@type":"SearchAction","target":{"@type":"EntryPoint","urlTemplate":"https:\/\/distrimob.be\/fr\/?s={search_term_string}"},"query-input":{"@type":"PropertyValueSpecification","valueRequired":true,"valueName":"search_term_string"}}],"inLanguage":"fr-BE"},{"@type":"Organization","@id":"https:\/\/distrimob.be\/fr\/#organization","name":"DistriMob e-shuttlebussen","url":"https:\/\/distrimob.be\/fr\/","logo":{"@type":"ImageObject","inLanguage":"fr-BE","@id":"https:\/\/distrimob.be\/fr\/#\/schema\/logo\/image\/","url":"https:\/\/distrimob.be\/wp-content\/uploads\/2021\/07\/Distrimob-logo.png","contentUrl":"https:\/\/distrimob.be\/wp-content\/uploads\/2021\/07\/Distrimob-logo.png","width":542,"height":163,"caption":"DistriMob e-shuttlebussen"},"image":{"@id":"https:\/\/distrimob.be\/fr\/#\/schema\/logo\/image\/"}}]}},"_links":{"self":[{"href":"https:\/\/distrimob.be\/fr\/wp-json\/wp\/v2\/pages\/1078","targetHints":{"allow":["GET"]}}],"collection":[{"href":"https:\/\/distrimob.be\/fr\/wp-json\/wp\/v2\/pages"}],"about":[{"href":"https:\/\/distrimob.be\/fr\/wp-json\/wp\/v2\/types\/page"}],"author":[{"embeddable":true,"href":"https:\/\/distrimob.be\/fr\/wp-json\/wp\/v2\/users\/1"}],"replies":[{"embeddable":true,"href":"https:\/\/distrimob.be\/fr\/wp-json\/wp\/v2\/comments?post=1078"}],"version-history":[{"count":13,"href":"https:\/\/distrimob.be\/fr\/wp-json\/wp\/v2\/pages\/1078\/revisions"}],"predecessor-version":[{"id":2110,"href":"https:\/\/distrimob.be\/fr\/wp-json\/wp\/v2\/pages\/1078\/revisions\/2110"}],"wp:attachment":[{"href":"https:\/\/distrimob.be\/fr\/wp-json\/wp\/v2\/media?parent=1078"}],"curies":[{"name":"wp","href":"https:\/\/api.w.org\/{rel}","templated":true}]}}