{"id":1088,"date":"2021-06-23T09:24:01","date_gmt":"2021-06-23T09:24:01","guid":{"rendered":"https:\/\/distrimob.be\/references\/"},"modified":"2025-11-26T07:27:41","modified_gmt":"2025-11-26T07:27:41","slug":"references","status":"publish","type":"page","link":"https:\/\/distrimob.be\/fr\/references\/","title":{"rendered":"R\u00e9f\u00e9rences"},"content":{"rendered":"\t\t<div data-elementor-type=\"wp-page\" data-elementor-id=\"1088\" class=\"elementor elementor-1088 elementor-53\" data-elementor-post-type=\"page\">\n\t\t\t\t\t\t<section class=\"elementor-section elementor-top-section elementor-element elementor-element-7c8b1145 elementor-section-boxed elementor-section-height-default elementor-section-height-default elementor-invisible\" data-id=\"7c8b1145\" data-element_type=\"section\" data-e-type=\"section\" data-settings=\"{&quot;background_background&quot;:&quot;classic&quot;,&quot;animation&quot;:&quot;fadeIn&quot;}\">\n\t\t\t\t\t\t<div class=\"elementor-container elementor-column-gap-default\">\n\t\t\t\t\t<div class=\"elementor-column elementor-col-50 elementor-top-column elementor-element elementor-element-2f71bc05\" data-id=\"2f71bc05\" data-element_type=\"column\" data-e-type=\"column\">\n\t\t\t<div class=\"elementor-widget-wrap elementor-element-populated\">\n\t\t\t\t\t\t<div class=\"elementor-element elementor-element-4589285d elementor-widget elementor-widget-heading\" data-id=\"4589285d\" data-element_type=\"widget\" data-e-type=\"widget\" data-widget_type=\"heading.default\">\n\t\t\t\t<div class=\"elementor-widget-container\">\n\t\t\t\t\t<h1 class=\"elementor-heading-title elementor-size-default\"><span style=\"color:#03ccf1\">DistriMob<\/span>   dans le paysage urbain<\/h1>\t\t\t\t<\/div>\n\t\t\t\t<\/div>\n\t\t\t\t<div class=\"elementor-element elementor-element-4f423219 elementor-widget elementor-widget-heading\" data-id=\"4f423219\" data-element_type=\"widget\" data-e-type=\"widget\" data-widget_type=\"heading.default\">\n\t\t\t\t<div class=\"elementor-widget-container\">\n\t\t\t\t\t<h2 class=\"elementor-heading-title elementor-size-default\">Optez pour un transport de personnes \u00e9cologique et de qualit\u00e9<\/h2>\t\t\t\t<\/div>\n\t\t\t\t<\/div>\n\t\t\t\t<div class=\"elementor-element elementor-element-3f91e768 elementor-widget elementor-widget-text-editor\" data-id=\"3f91e768\" data-element_type=\"widget\" data-e-type=\"widget\" data-widget_type=\"text-editor.default\">\n\t\t\t\t<div class=\"elementor-widget-container\">\n\t\t\t\t\t\t\t\t\t<p>Les bus \u00e9lectriques de Distrimob colorent les rues de villes et de communes. Voici des exemples concrets de notre transport public \u00e9lectrique sur mesure.<\/p>\n\t\t\t\t\t\t\t\t<\/div>\n\t\t\t\t<\/div>\n\t\t\t\t\t<\/div>\n\t\t<\/div>\n\t\t\t\t<div class=\"elementor-column elementor-col-50 elementor-top-column elementor-element elementor-element-6bb312d5 elementor-hidden-phone\" data-id=\"6bb312d5\" data-element_type=\"column\" data-e-type=\"column\">\n\t\t\t<div class=\"elementor-widget-wrap elementor-element-populated\">\n\t\t\t\t\t\t<div class=\"elementor-element elementor-element-a8d055f elementor-widget elementor-widget-image\" data-id=\"a8d055f\" data-element_type=\"widget\" data-e-type=\"widget\" data-widget_type=\"image.default\">\n\t\t\t\t<div class=\"elementor-widget-container\">\n\t\t\t\t\t\t\t\t\t\t\t\t\t\t\t<img fetchpriority=\"high\" decoding=\"async\" width=\"567\" height=\"540\" src=\"https:\/\/distrimob.be\/wp-content\/uploads\/2021\/07\/bg-icon.png\" class=\"attachment-large size-large wp-image-826\" alt=\"\" srcset=\"https:\/\/distrimob.be\/wp-content\/uploads\/2021\/07\/bg-icon.png 567w, https:\/\/distrimob.be\/wp-content\/uploads\/2021\/07\/bg-icon-300x286.png 300w\" sizes=\"(max-width: 567px) 100vw, 567px\" \/>\t\t\t\t\t\t\t\t\t\t\t\t\t\t\t<\/div>\n\t\t\t\t<\/div>\n\t\t\t\t\t<\/div>\n\t\t<\/div>\n\t\t\t\t\t<\/div>\n\t\t<\/section>\n\t\t\t\t<section class=\"elementor-section elementor-top-section elementor-element elementor-element-6c94be0d elementor-section-boxed elementor-section-height-default elementor-section-height-default elementor-invisible\" data-id=\"6c94be0d\" data-element_type=\"section\" data-e-type=\"section\" data-settings=\"{&quot;background_background&quot;:&quot;classic&quot;,&quot;animation&quot;:&quot;fadeIn&quot;}\">\n\t\t\t\t\t\t<div class=\"elementor-container elementor-column-gap-no\">\n\t\t\t\t\t<div class=\"elementor-column elementor-col-50 elementor-top-column elementor-element elementor-element-b6d3303\" data-id=\"b6d3303\" data-element_type=\"column\" data-e-type=\"column\" data-settings=\"{&quot;background_background&quot;:&quot;classic&quot;}\">\n\t\t\t<div class=\"elementor-widget-wrap elementor-element-populated\">\n\t\t\t\t\t\t<div class=\"elementor-element elementor-element-608d31b4 elementor-view-default elementor-widget elementor-widget-icon\" data-id=\"608d31b4\" data-element_type=\"widget\" data-e-type=\"widget\" data-widget_type=\"icon.default\">\n\t\t\t\t<div class=\"elementor-widget-container\">\n\t\t\t\t\t\t\t<div class=\"elementor-icon-wrapper\">\n\t\t\t<div class=\"elementor-icon\">\n\t\t\t<svg xmlns=\"http:\/\/www.w3.org\/2000\/svg\" xmlns:xlink=\"http:\/\/www.w3.org\/1999\/xlink\" id=\"Laag_1\" x=\"0px\" y=\"0px\" viewBox=\"0 0 1841.9 382.9\" xml:space=\"preserve\"><path fill-rule=\"evenodd\" fill=\"#3EBEE4\" d=\"M388.1,60.6c-14.6-15-32.3-26.7-51.7-34.5l-3.8-1.3h-148c-11.3,0-20.5,9.2-20.5,20.5  v46.2c0,7.9-6.4,14.2-14.2,14.2H48.5c-14.6,0.3-26.2,12.3-26,26.8c-0.1,14.6,11.5,26.6,26.1,27.1h101.3c7.9,0,14.2,6.4,14.2,14.2v35  c0,7.9-6.4,14.2-14.2,14.2H48.5c-14.6,0.3-26.2,12.2-26,26.8c-0.1,14.6,11.5,26.6,26.1,27.1h101.3c7.9,0,14.2,6.4,14.2,14.2v32.9  c0,18.7,15.2,33.9,33.9,33.9h133.5c14.5-0.3,26.1-12.2,25.9-26.8c0.1-14.6-11.4-26.6-26-27.2H230c-7.9,0-14.2-6.4-14.2-14.2V93  c0-7.9,6.4-14.2,14.2-14.2h89.8c2.3,0,4.6,0.6,6.7,1.7c10.9,5.8,20.8,13.5,29.2,22.6c21.7,24.1,32.8,55.9,30.8,88.2  c-0.7,31.8,12.2,62.3,35.4,84c20.7,18.1,44.1,28,71.6,27.8l1300-0.3c14.6-0.3,26.2-12.3,26-26.8c0.1-14.6-11.5-26.6-26.1-27.1  l-1299.3,0.3c-36.8,0.1-56.6-24.2-55.9-58.6C439.2,142.3,421.2,95.6,388.1,60.6z\"><\/path><\/svg>\t\t\t<\/div>\n\t\t<\/div>\n\t\t\t\t\t\t<\/div>\n\t\t\t\t<\/div>\n\t\t\t\t<div class=\"elementor-element elementor-element-551a0ae elementor-widget elementor-widget-text-editor\" data-id=\"551a0ae\" data-element_type=\"widget\" data-e-type=\"widget\" data-widget_type=\"text-editor.default\">\n\t\t\t\t<div class=\"elementor-widget-container\">\n\t\t\t\t\t\t\t\t\t<p>Conjointement avec Distrimob, l\u2019administration communale de Knokke-Heist a men\u00e9 un projet pilote avec des minibus \u00e9lectriques en compl\u00e9ment des transports publics. Les minibus relient \u00e0 horaires fixes les principales rues commer\u00e7antes de Knokke-Heist. C\u2019est ainsi qu\u2019est n\u00e9 le nom de <em>Bus de shopping<\/em>.<\/p>\n\t\t\t\t\t\t\t\t<\/div>\n\t\t\t\t<\/div>\n\t\t\t\t<div class=\"elementor-element elementor-element-de64d33 elementor-widget elementor-widget-text-editor\" data-id=\"de64d33\" data-element_type=\"widget\" data-e-type=\"widget\" data-widget_type=\"text-editor.default\">\n\t\t\t\t<div class=\"elementor-widget-container\">\n\t\t\t\t\t\t\t\t\t<p>Ces minibus \u00e9lectriques de shopping sont une solution de mobilit\u00e9 id\u00e9ale. Ils sont compacts, maniables et 100% \u00e9lectriques, et contribuent ainsi \u00e0 maintenir la puret\u00e9 de l\u2019air dans le centre-ville. Les minibus ont \u00e9t\u00e9 soumis \u00e0 des tests pouss\u00e9s et approuv\u00e9s, tant par les passagers que par l\u2019administration communale et la province.<\/p>\n\t\t\t\t\t\t\t\t<\/div>\n\t\t\t\t<\/div>\n\t\t\t\t\t<\/div>\n\t\t<\/div>\n\t\t\t\t<div class=\"elementor-column elementor-col-50 elementor-top-column elementor-element elementor-element-2831aeea\" data-id=\"2831aeea\" data-element_type=\"column\" data-e-type=\"column\" data-settings=\"{&quot;background_background&quot;:&quot;classic&quot;}\">\n\t\t\t<div class=\"elementor-widget-wrap elementor-element-populated\">\n\t\t\t\t\t\t<div class=\"elementor-element elementor-element-2071011 elementor-widget elementor-widget-text-editor\" data-id=\"2071011\" data-element_type=\"widget\" data-e-type=\"widget\" data-widget_type=\"text-editor.default\">\n\t\t\t\t<div class=\"elementor-widget-container\">\n\t\t\t\t\t\t\t\t\t<p>Aujourd\u2019hui, cet exemple fait tache d\u2019huile dans plusieurs villes. Distrimob fournit \u00e9galement le bus de shopping dans le centre de Louvain. Les minibus sont \u00e9galement adapt\u00e9s aux saisons. Des minibus ferm\u00e9s roulent en hiver et des mod\u00e8les ouverts sont utilis\u00e9s l&rsquo;\u00e9t\u00e9. Dans tous les cas, il s&rsquo;agit de v\u00e9hicules \u00e9lectriques. Cette collaboration avec Liefst Leuven satisfait \u00e9galement les commer\u00e7ants.<\/p>\n\t\t\t\t\t\t\t\t<\/div>\n\t\t\t\t<\/div>\n\t\t\t\t<div class=\"elementor-element elementor-element-bd7d3fb elementor-widget elementor-widget-heading\" data-id=\"bd7d3fb\" data-element_type=\"widget\" data-e-type=\"widget\" data-widget_type=\"heading.default\">\n\t\t\t\t<div class=\"elementor-widget-container\">\n\t\t\t\t\t<h3 class=\"elementor-heading-title elementor-size-default\">Nos activit\u00e9s ne se limitent pas \u00e0 l\u2019entretien de bus de shopping. Exploitants de parkings, organisateurs d\u2019\u00e9v\u00e9nements et organismes internationaux font \u00e9galement appel aux services de Distrimob.<\/h3>\t\t\t\t<\/div>\n\t\t\t\t<\/div>\n\t\t\t\t<div class=\"elementor-element elementor-element-76f8d10 elementor-widget-divider--view-line elementor-widget elementor-widget-divider\" data-id=\"76f8d10\" data-element_type=\"widget\" data-e-type=\"widget\" data-widget_type=\"divider.default\">\n\t\t\t\t<div class=\"elementor-widget-container\">\n\t\t\t\t\t\t\t<div class=\"elementor-divider\">\n\t\t\t<span class=\"elementor-divider-separator\">\n\t\t\t\t\t\t<\/span>\n\t\t<\/div>\n\t\t\t\t\t\t<\/div>\n\t\t\t\t<\/div>\n\t\t\t\t<div class=\"elementor-element elementor-element-4358b22 elementor-widget elementor-widget-heading\" data-id=\"4358b22\" data-element_type=\"widget\" data-e-type=\"widget\" data-widget_type=\"heading.default\">\n\t\t\t\t<div class=\"elementor-widget-container\">\n\t\t\t\t\t<h3 class=\"elementor-heading-title elementor-size-default\">BUS DISTRIMOB FACILITENT L\u2019ACC\u00c8S AU PARC NATUREL DU ZWIN.<\/h3>\t\t\t\t<\/div>\n\t\t\t\t<\/div>\n\t\t\t\t<div class=\"elementor-element elementor-element-77c76d3 elementor-widget elementor-widget-text-editor\" data-id=\"77c76d3\" data-element_type=\"widget\" data-e-type=\"widget\" data-widget_type=\"text-editor.default\">\n\t\t\t\t<div class=\"elementor-widget-container\">\n\t\t\t\t\t\t\t\t\t<p>Dans un environnement avec peu de solutions de transport et de transports publics, les minibus \u00e9lectriques Distrimob peuvent \u00eatre utilis\u00e9s pour faciliter l\u2019acc\u00e8s \u00e0 la zone \u00e9loign\u00e9e.<\/p>\n\t\t\t\t\t\t\t\t<\/div>\n\t\t\t\t<\/div>\n\t\t\t\t\t<\/div>\n\t\t<\/div>\n\t\t\t\t\t<\/div>\n\t\t<\/section>\n\t\t\t\t<section class=\"elementor-section elementor-top-section elementor-element elementor-element-1fc3f0e9 elementor-reverse-tablet elementor-reverse-mobile elementor-section-boxed elementor-section-height-default elementor-section-height-default elementor-invisible\" data-id=\"1fc3f0e9\" data-element_type=\"section\" data-e-type=\"section\" data-settings=\"{&quot;background_background&quot;:&quot;classic&quot;,&quot;animation&quot;:&quot;fadeIn&quot;}\">\n\t\t\t\t\t\t<div class=\"elementor-container elementor-column-gap-no\">\n\t\t\t\t\t<div class=\"elementor-column elementor-col-100 elementor-top-column elementor-element elementor-element-72cff08c\" data-id=\"72cff08c\" data-element_type=\"column\" data-e-type=\"column\">\n\t\t\t<div class=\"elementor-widget-wrap elementor-element-populated\">\n\t\t\t\t\t\t<div class=\"elementor-element elementor-element-6cd48da elementor-widget elementor-widget-gallery\" data-id=\"6cd48da\" data-element_type=\"widget\" data-e-type=\"widget\" data-settings=\"{&quot;columns_mobile&quot;:2,&quot;gap&quot;:{&quot;unit&quot;:&quot;px&quot;,&quot;size&quot;:1,&quot;sizes&quot;:[]},&quot;gap_tablet&quot;:{&quot;unit&quot;:&quot;px&quot;,&quot;size&quot;:1,&quot;sizes&quot;:[]},&quot;gap_mobile&quot;:{&quot;unit&quot;:&quot;px&quot;,&quot;size&quot;:1,&quot;sizes&quot;:[]},&quot;columns&quot;:1,&quot;lazyload&quot;:&quot;yes&quot;,&quot;gallery_layout&quot;:&quot;grid&quot;,&quot;columns_tablet&quot;:2,&quot;link_to&quot;:&quot;file&quot;,&quot;aspect_ratio&quot;:&quot;3:2&quot;,&quot;overlay_background&quot;:&quot;yes&quot;,&quot;content_hover_animation&quot;:&quot;fade-in&quot;}\" data-widget_type=\"gallery.default\">\n\t\t\t\t<div class=\"elementor-widget-container\">\n\t\t\t\t\t\t\t<div class=\"elementor-gallery__container\">\n\t\t\t\t\t\t\t<a class=\"e-gallery-item elementor-gallery-item elementor-animated-content\" href=\"https:\/\/distrimob.be\/wp-content\/uploads\/2025\/08\/01.jpg\" data-elementor-open-lightbox=\"yes\" data-elementor-lightbox-slideshow=\"6cd48da\" data-e-action-hash=\"#elementor-action%3Aaction%3Dlightbox%26settings%3DeyJpZCI6MjA1MiwidXJsIjoiaHR0cHM6XC9cL2Rpc3RyaW1vYi5iZVwvd3AtY29udGVudFwvdXBsb2Fkc1wvMjAyNVwvMDhcLzAxLmpwZyIsInNsaWRlc2hvdyI6IjZjZDQ4ZGEifQ%3D%3D\">\n\t\t\t\t\t<div class=\"e-gallery-image elementor-gallery-item__image\" data-thumbnail=\"https:\/\/distrimob.be\/wp-content\/uploads\/2025\/08\/01-768x512.jpg\" data-width=\"768\" data-height=\"512\" aria-label=\"\" role=\"img\" ><\/div>\n\t\t\t\t\t\t\t\t\t\t\t<div class=\"elementor-gallery-item__overlay\"><\/div>\n\t\t\t\t\t\t\t\t\t\t\t\t\t\t<\/a>\n\t\t\t\t\t<\/div>\n\t\t\t\t\t<\/div>\n\t\t\t\t<\/div>\n\t\t\t\t\t<\/div>\n\t\t<\/div>\n\t\t\t\t\t<\/div>\n\t\t<\/section>\n\t\t\t\t<\/div>\n\t\t","protected":false},"excerpt":{"rendered":"<p>DistriMob dans le paysage urbain Optez pour un transport de personnes \u00e9cologique et de qualit\u00e9 Les bus \u00e9lectriques de Distrimob colorent les rues de villes et de communes. Voici des exemples concrets de notre transport public \u00e9lectrique sur mesure. Conjointement avec Distrimob, l\u2019administration communale de Knokke-Heist a men\u00e9 un projet pilote avec des minibus \u00e9lectriques [&hellip;]<\/p>\n","protected":false},"author":1,"featured_media":0,"parent":0,"menu_order":0,"comment_status":"closed","ping_status":"closed","template":"elementor_header_footer","meta":{"footnotes":""},"class_list":["post-1088","page","type-page","status-publish","hentry"],"yoast_head":"<!-- This site is optimized with the Yoast SEO plugin v26.9 - https:\/\/yoast.com\/product\/yoast-seo-wordpress\/ -->\n<title>Bus \u00e9lectriques Distrimob : transport de personnes \u00e9cologique et de qualit\u00e9<\/title>\n<meta name=\"description\" content=\"Distrimob dans le paysage urbain. Voici des photos de nos bus \u00e9lectriques en action : utilis\u00e9s pour le transport public \u00e9lectrique sur mesure.\" \/>\n<meta name=\"robots\" content=\"index, follow, max-snippet:-1, max-image-preview:large, max-video-preview:-1\" \/>\n<link rel=\"canonical\" href=\"https:\/\/distrimob.be\/fr\/references\/\" \/>\n<meta property=\"og:locale\" content=\"fr_FR\" \/>\n<meta property=\"og:type\" content=\"article\" \/>\n<meta property=\"og:title\" content=\"Bus \u00e9lectriques Distrimob : transport de personnes \u00e9cologique et de qualit\u00e9\" \/>\n<meta property=\"og:description\" content=\"Distrimob dans le paysage urbain. Voici des photos de nos bus \u00e9lectriques en action : utilis\u00e9s pour le transport public \u00e9lectrique sur mesure.\" \/>\n<meta property=\"og:url\" content=\"https:\/\/distrimob.be\/fr\/references\/\" \/>\n<meta property=\"og:site_name\" content=\"DistriMob e-shuttlebus\" \/>\n<meta property=\"article:modified_time\" content=\"2025-11-26T07:27:41+00:00\" \/>\n<meta property=\"og:image\" content=\"https:\/\/distrimob.be\/wp-content\/uploads\/2021\/07\/bg-icon.png\" \/>\n\t<meta property=\"og:image:width\" content=\"567\" \/>\n\t<meta property=\"og:image:height\" content=\"540\" \/>\n\t<meta property=\"og:image:type\" content=\"image\/png\" \/>\n<meta name=\"twitter:card\" content=\"summary_large_image\" \/>\n<meta name=\"twitter:label1\" content=\"Dur\u00e9e de lecture est.\" \/>\n\t<meta name=\"twitter:data1\" content=\"1 minute\" \/>\n<script type=\"application\/ld+json\" class=\"yoast-schema-graph\">{\"@context\":\"https:\/\/schema.org\",\"@graph\":[{\"@type\":\"WebPage\",\"@id\":\"https:\/\/distrimob.be\/fr\/references\/\",\"url\":\"https:\/\/distrimob.be\/fr\/references\/\",\"name\":\"Bus \u00e9lectriques Distrimob : transport de personnes \u00e9cologique et de qualit\u00e9\",\"isPartOf\":{\"@id\":\"https:\/\/distrimob.be\/fr\/#website\"},\"primaryImageOfPage\":{\"@id\":\"https:\/\/distrimob.be\/fr\/references\/#primaryimage\"},\"image\":{\"@id\":\"https:\/\/distrimob.be\/fr\/references\/#primaryimage\"},\"thumbnailUrl\":\"https:\/\/distrimob.be\/wp-content\/uploads\/2021\/07\/bg-icon.png\",\"datePublished\":\"2021-06-23T09:24:01+00:00\",\"dateModified\":\"2025-11-26T07:27:41+00:00\",\"description\":\"Distrimob dans le paysage urbain. Voici des photos de nos bus \u00e9lectriques en action : utilis\u00e9s pour le transport public \u00e9lectrique sur mesure.\",\"breadcrumb\":{\"@id\":\"https:\/\/distrimob.be\/fr\/references\/#breadcrumb\"},\"inLanguage\":\"fr-BE\",\"potentialAction\":[{\"@type\":\"ReadAction\",\"target\":[\"https:\/\/distrimob.be\/fr\/references\/\"]}]},{\"@type\":\"ImageObject\",\"inLanguage\":\"fr-BE\",\"@id\":\"https:\/\/distrimob.be\/fr\/references\/#primaryimage\",\"url\":\"https:\/\/distrimob.be\/wp-content\/uploads\/2021\/07\/bg-icon.png\",\"contentUrl\":\"https:\/\/distrimob.be\/wp-content\/uploads\/2021\/07\/bg-icon.png\"},{\"@type\":\"BreadcrumbList\",\"@id\":\"https:\/\/distrimob.be\/fr\/references\/#breadcrumb\",\"itemListElement\":[{\"@type\":\"ListItem\",\"position\":1,\"name\":\"Home\",\"item\":\"https:\/\/distrimob.be\/fr\/\"},{\"@type\":\"ListItem\",\"position\":2,\"name\":\"R\u00e9f\u00e9rences\"}]},{\"@type\":\"WebSite\",\"@id\":\"https:\/\/distrimob.be\/fr\/#website\",\"url\":\"https:\/\/distrimob.be\/fr\/\",\"name\":\"DistriMob e-shuttlebus\",\"description\":\"Elektrisch openbaar vervoer op maat\",\"publisher\":{\"@id\":\"https:\/\/distrimob.be\/fr\/#organization\"},\"potentialAction\":[{\"@type\":\"SearchAction\",\"target\":{\"@type\":\"EntryPoint\",\"urlTemplate\":\"https:\/\/distrimob.be\/fr\/?s={search_term_string}\"},\"query-input\":{\"@type\":\"PropertyValueSpecification\",\"valueRequired\":true,\"valueName\":\"search_term_string\"}}],\"inLanguage\":\"fr-BE\"},{\"@type\":\"Organization\",\"@id\":\"https:\/\/distrimob.be\/fr\/#organization\",\"name\":\"DistriMob e-shuttlebussen\",\"url\":\"https:\/\/distrimob.be\/fr\/\",\"logo\":{\"@type\":\"ImageObject\",\"inLanguage\":\"fr-BE\",\"@id\":\"https:\/\/distrimob.be\/fr\/#\/schema\/logo\/image\/\",\"url\":\"https:\/\/distrimob.be\/wp-content\/uploads\/2021\/07\/Distrimob-logo.png\",\"contentUrl\":\"https:\/\/distrimob.be\/wp-content\/uploads\/2021\/07\/Distrimob-logo.png\",\"width\":542,\"height\":163,\"caption\":\"DistriMob e-shuttlebussen\"},\"image\":{\"@id\":\"https:\/\/distrimob.be\/fr\/#\/schema\/logo\/image\/\"}}]}<\/script>\n<!-- \/ Yoast SEO plugin. -->","yoast_head_json":{"title":"Bus \u00e9lectriques Distrimob : transport de personnes \u00e9cologique et de qualit\u00e9","description":"Distrimob dans le paysage urbain. Voici des photos de nos bus \u00e9lectriques en action : utilis\u00e9s pour le transport public \u00e9lectrique sur mesure.","robots":{"index":"index","follow":"follow","max-snippet":"max-snippet:-1","max-image-preview":"max-image-preview:large","max-video-preview":"max-video-preview:-1"},"canonical":"https:\/\/distrimob.be\/fr\/references\/","og_locale":"fr_FR","og_type":"article","og_title":"Bus \u00e9lectriques Distrimob : transport de personnes \u00e9cologique et de qualit\u00e9","og_description":"Distrimob dans le paysage urbain. Voici des photos de nos bus \u00e9lectriques en action : utilis\u00e9s pour le transport public \u00e9lectrique sur mesure.","og_url":"https:\/\/distrimob.be\/fr\/references\/","og_site_name":"DistriMob e-shuttlebus","article_modified_time":"2025-11-26T07:27:41+00:00","og_image":[{"width":567,"height":540,"url":"https:\/\/distrimob.be\/wp-content\/uploads\/2021\/07\/bg-icon.png","type":"image\/png"}],"twitter_card":"summary_large_image","twitter_misc":{"Dur\u00e9e de lecture est.":"1 minute"},"schema":{"@context":"https:\/\/schema.org","@graph":[{"@type":"WebPage","@id":"https:\/\/distrimob.be\/fr\/references\/","url":"https:\/\/distrimob.be\/fr\/references\/","name":"Bus \u00e9lectriques Distrimob : transport de personnes \u00e9cologique et de qualit\u00e9","isPartOf":{"@id":"https:\/\/distrimob.be\/fr\/#website"},"primaryImageOfPage":{"@id":"https:\/\/distrimob.be\/fr\/references\/#primaryimage"},"image":{"@id":"https:\/\/distrimob.be\/fr\/references\/#primaryimage"},"thumbnailUrl":"https:\/\/distrimob.be\/wp-content\/uploads\/2021\/07\/bg-icon.png","datePublished":"2021-06-23T09:24:01+00:00","dateModified":"2025-11-26T07:27:41+00:00","description":"Distrimob dans le paysage urbain. Voici des photos de nos bus \u00e9lectriques en action : utilis\u00e9s pour le transport public \u00e9lectrique sur mesure.","breadcrumb":{"@id":"https:\/\/distrimob.be\/fr\/references\/#breadcrumb"},"inLanguage":"fr-BE","potentialAction":[{"@type":"ReadAction","target":["https:\/\/distrimob.be\/fr\/references\/"]}]},{"@type":"ImageObject","inLanguage":"fr-BE","@id":"https:\/\/distrimob.be\/fr\/references\/#primaryimage","url":"https:\/\/distrimob.be\/wp-content\/uploads\/2021\/07\/bg-icon.png","contentUrl":"https:\/\/distrimob.be\/wp-content\/uploads\/2021\/07\/bg-icon.png"},{"@type":"BreadcrumbList","@id":"https:\/\/distrimob.be\/fr\/references\/#breadcrumb","itemListElement":[{"@type":"ListItem","position":1,"name":"Home","item":"https:\/\/distrimob.be\/fr\/"},{"@type":"ListItem","position":2,"name":"R\u00e9f\u00e9rences"}]},{"@type":"WebSite","@id":"https:\/\/distrimob.be\/fr\/#website","url":"https:\/\/distrimob.be\/fr\/","name":"DistriMob e-shuttlebus","description":"Elektrisch openbaar vervoer op maat","publisher":{"@id":"https:\/\/distrimob.be\/fr\/#organization"},"potentialAction":[{"@type":"SearchAction","target":{"@type":"EntryPoint","urlTemplate":"https:\/\/distrimob.be\/fr\/?s={search_term_string}"},"query-input":{"@type":"PropertyValueSpecification","valueRequired":true,"valueName":"search_term_string"}}],"inLanguage":"fr-BE"},{"@type":"Organization","@id":"https:\/\/distrimob.be\/fr\/#organization","name":"DistriMob e-shuttlebussen","url":"https:\/\/distrimob.be\/fr\/","logo":{"@type":"ImageObject","inLanguage":"fr-BE","@id":"https:\/\/distrimob.be\/fr\/#\/schema\/logo\/image\/","url":"https:\/\/distrimob.be\/wp-content\/uploads\/2021\/07\/Distrimob-logo.png","contentUrl":"https:\/\/distrimob.be\/wp-content\/uploads\/2021\/07\/Distrimob-logo.png","width":542,"height":163,"caption":"DistriMob e-shuttlebussen"},"image":{"@id":"https:\/\/distrimob.be\/fr\/#\/schema\/logo\/image\/"}}]}},"_links":{"self":[{"href":"https:\/\/distrimob.be\/fr\/wp-json\/wp\/v2\/pages\/1088","targetHints":{"allow":["GET"]}}],"collection":[{"href":"https:\/\/distrimob.be\/fr\/wp-json\/wp\/v2\/pages"}],"about":[{"href":"https:\/\/distrimob.be\/fr\/wp-json\/wp\/v2\/types\/page"}],"author":[{"embeddable":true,"href":"https:\/\/distrimob.be\/fr\/wp-json\/wp\/v2\/users\/1"}],"replies":[{"embeddable":true,"href":"https:\/\/distrimob.be\/fr\/wp-json\/wp\/v2\/comments?post=1088"}],"version-history":[{"count":15,"href":"https:\/\/distrimob.be\/fr\/wp-json\/wp\/v2\/pages\/1088\/revisions"}],"predecessor-version":[{"id":2071,"href":"https:\/\/distrimob.be\/fr\/wp-json\/wp\/v2\/pages\/1088\/revisions\/2071"}],"wp:attachment":[{"href":"https:\/\/distrimob.be\/fr\/wp-json\/wp\/v2\/media?parent=1088"}],"curies":[{"name":"wp","href":"https:\/\/api.w.org\/{rel}","templated":true}]}}