{"id":1090,"date":"2021-06-23T09:23:50","date_gmt":"2021-06-23T09:23:50","guid":{"rendered":"https:\/\/distrimob.be\/application-distrimob\/"},"modified":"2024-01-19T13:35:27","modified_gmt":"2024-01-19T13:35:27","slug":"application-distrimob","status":"publish","type":"page","link":"https:\/\/distrimob.be\/fr\/application-distrimob\/","title":{"rendered":"Application Distrimob"},"content":{"rendered":"\t\t<div data-elementor-type=\"wp-page\" data-elementor-id=\"1090\" class=\"elementor elementor-1090 elementor-51\" data-elementor-post-type=\"page\">\n\t\t\t\t\t\t<section class=\"elementor-section elementor-top-section elementor-element elementor-element-1d0f45b7 elementor-section-boxed elementor-section-height-default elementor-section-height-default elementor-invisible\" data-id=\"1d0f45b7\" data-element_type=\"section\" data-e-type=\"section\" data-settings=\"{&quot;background_background&quot;:&quot;classic&quot;,&quot;animation&quot;:&quot;fadeIn&quot;}\">\n\t\t\t\t\t\t<div class=\"elementor-container elementor-column-gap-default\">\n\t\t\t\t\t<div class=\"elementor-column elementor-col-50 elementor-top-column elementor-element elementor-element-2a393c7a\" data-id=\"2a393c7a\" data-element_type=\"column\" data-e-type=\"column\">\n\t\t\t<div class=\"elementor-widget-wrap elementor-element-populated\">\n\t\t\t\t\t\t<div class=\"elementor-element elementor-element-1dd9e395 elementor-widget elementor-widget-heading\" data-id=\"1dd9e395\" data-element_type=\"widget\" data-e-type=\"widget\" data-widget_type=\"heading.default\">\n\t\t\t\t<div class=\"elementor-widget-container\">\n\t\t\t\t\t<h1 class=\"elementor-heading-title elementor-size-default\"><span style=\"color:#03ccf1\">Suivez et tracez<\/span> nos bus \u00e9lectriques avec l'application Distrimob<\/h1>\t\t\t\t<\/div>\n\t\t\t\t<\/div>\n\t\t\t\t<div class=\"elementor-element elementor-element-6c51cd7 elementor-widget elementor-widget-heading\" data-id=\"6c51cd7\" data-element_type=\"widget\" data-e-type=\"widget\" data-widget_type=\"heading.default\">\n\t\t\t\t<div class=\"elementor-widget-container\">\n\t\t\t\t\t<h2 class=\"elementor-heading-title elementor-size-default\">Nos bus \u00e9lectriques sont \u00e9quip\u00e9s d\u2019un syst\u00e8me de tra\u00e7abilit\u00e9 connect\u00e9 \u00e0 une application pratique<\/h2>\t\t\t\t<\/div>\n\t\t\t\t<\/div>\n\t\t\t\t<div class=\"elementor-element elementor-element-4356b843 elementor-widget elementor-widget-text-editor\" data-id=\"4356b843\" data-element_type=\"widget\" data-e-type=\"widget\" data-widget_type=\"text-editor.default\">\n\t\t\t\t<div class=\"elementor-widget-container\">\n\t\t\t\t\t\t\t\t\t<p>Cette application permet \u00e0 nos voyageurs de consulter \u00e0 tout moment l\u2019emplacement en temps r\u00e9el de leur bus \u00e9lectrique. Ainsi, ils savent parfaitement combien de temps il leur reste pour atteindre l\u2019arr\u00eat. De plus, ils peuvent \u00e9galement voir l\u2019emplacement de l\u2019arr\u00eat le plus proche sur la carte. Cela n\u2019offre que des avantages \u00e0 l\u2019utilisateur, car il \u00e9vite de se pr\u00e9cipiter et ne rate plus jamais le bus \u00e9lectrique gr\u00e2ce \u00e0 ces informations en temps r\u00e9el. Pratique, n\u2019est-ce pas\u00a0?<\/p>\n\t\t\t\t\t\t\t\t<\/div>\n\t\t\t\t<\/div>\n\t\t\t\t\t<\/div>\n\t\t<\/div>\n\t\t\t\t<div class=\"elementor-column elementor-col-50 elementor-top-column elementor-element elementor-element-340031b\" data-id=\"340031b\" data-element_type=\"column\" data-e-type=\"column\">\n\t\t\t<div class=\"elementor-widget-wrap elementor-element-populated\">\n\t\t\t\t\t\t<div class=\"elementor-element elementor-element-e2512ea elementor-widget elementor-widget-image\" data-id=\"e2512ea\" data-element_type=\"widget\" data-e-type=\"widget\" data-widget_type=\"image.default\">\n\t\t\t\t<div class=\"elementor-widget-container\">\n\t\t\t\t\t\t\t\t\t\t\t\t\t\t\t<img fetchpriority=\"high\" decoding=\"async\" width=\"459\" height=\"533\" src=\"https:\/\/distrimob.be\/wp-content\/uploads\/2021\/08\/distrimob-app.png\" class=\"attachment-large size-large wp-image-844\" alt=\"\" srcset=\"https:\/\/distrimob.be\/wp-content\/uploads\/2021\/08\/distrimob-app.png 459w, https:\/\/distrimob.be\/wp-content\/uploads\/2021\/08\/distrimob-app-258x300.png 258w\" sizes=\"(max-width: 459px) 100vw, 459px\" \/>\t\t\t\t\t\t\t\t\t\t\t\t\t\t\t<\/div>\n\t\t\t\t<\/div>\n\t\t\t\t\t<\/div>\n\t\t<\/div>\n\t\t\t\t\t<\/div>\n\t\t<\/section>\n\t\t\t\t<section class=\"elementor-section elementor-top-section elementor-element elementor-element-37d245c0 elementor-reverse-tablet elementor-reverse-mobile elementor-section-boxed elementor-section-height-default elementor-section-height-default elementor-invisible\" data-id=\"37d245c0\" data-element_type=\"section\" data-e-type=\"section\" data-settings=\"{&quot;background_background&quot;:&quot;classic&quot;,&quot;animation&quot;:&quot;fadeIn&quot;}\">\n\t\t\t\t\t\t<div class=\"elementor-container elementor-column-gap-no\">\n\t\t\t\t\t<div class=\"elementor-column elementor-col-50 elementor-top-column elementor-element elementor-element-152be249\" data-id=\"152be249\" data-element_type=\"column\" data-e-type=\"column\" data-settings=\"{&quot;background_background&quot;:&quot;classic&quot;}\">\n\t\t\t<div class=\"elementor-widget-wrap elementor-element-populated\">\n\t\t\t\t\t\t<div class=\"elementor-element elementor-element-52a26f38 elementor-widget elementor-widget-spacer\" data-id=\"52a26f38\" data-element_type=\"widget\" data-e-type=\"widget\" data-widget_type=\"spacer.default\">\n\t\t\t\t<div class=\"elementor-widget-container\">\n\t\t\t\t\t\t\t<div class=\"elementor-spacer\">\n\t\t\t<div class=\"elementor-spacer-inner\"><\/div>\n\t\t<\/div>\n\t\t\t\t\t\t<\/div>\n\t\t\t\t<\/div>\n\t\t\t\t\t<\/div>\n\t\t<\/div>\n\t\t\t\t<div class=\"elementor-column elementor-col-50 elementor-top-column elementor-element elementor-element-4a13c3a3\" data-id=\"4a13c3a3\" data-element_type=\"column\" data-e-type=\"column\" data-settings=\"{&quot;background_background&quot;:&quot;classic&quot;}\">\n\t\t\t<div class=\"elementor-widget-wrap elementor-element-populated\">\n\t\t\t\t\t\t<div class=\"elementor-element elementor-element-139d36ee elementor-view-default elementor-widget elementor-widget-icon\" data-id=\"139d36ee\" data-element_type=\"widget\" data-e-type=\"widget\" data-widget_type=\"icon.default\">\n\t\t\t\t<div class=\"elementor-widget-container\">\n\t\t\t\t\t\t\t<div class=\"elementor-icon-wrapper\">\n\t\t\t<div class=\"elementor-icon\">\n\t\t\t<svg xmlns=\"http:\/\/www.w3.org\/2000\/svg\" xmlns:xlink=\"http:\/\/www.w3.org\/1999\/xlink\" id=\"Laag_1\" x=\"0px\" y=\"0px\" viewBox=\"0 0 1841.9 382.9\" xml:space=\"preserve\"><path fill-rule=\"evenodd\" fill=\"#3EBEE4\" d=\"M388.1,60.6c-14.6-15-32.3-26.7-51.7-34.5l-3.8-1.3h-148c-11.3,0-20.5,9.2-20.5,20.5  v46.2c0,7.9-6.4,14.2-14.2,14.2H48.5c-14.6,0.3-26.2,12.3-26,26.8c-0.1,14.6,11.5,26.6,26.1,27.1h101.3c7.9,0,14.2,6.4,14.2,14.2v35  c0,7.9-6.4,14.2-14.2,14.2H48.5c-14.6,0.3-26.2,12.2-26,26.8c-0.1,14.6,11.5,26.6,26.1,27.1h101.3c7.9,0,14.2,6.4,14.2,14.2v32.9  c0,18.7,15.2,33.9,33.9,33.9h133.5c14.5-0.3,26.1-12.2,25.9-26.8c0.1-14.6-11.4-26.6-26-27.2H230c-7.9,0-14.2-6.4-14.2-14.2V93  c0-7.9,6.4-14.2,14.2-14.2h89.8c2.3,0,4.6,0.6,6.7,1.7c10.9,5.8,20.8,13.5,29.2,22.6c21.7,24.1,32.8,55.9,30.8,88.2  c-0.7,31.8,12.2,62.3,35.4,84c20.7,18.1,44.1,28,71.6,27.8l1300-0.3c14.6-0.3,26.2-12.3,26-26.8c0.1-14.6-11.5-26.6-26.1-27.1  l-1299.3,0.3c-36.8,0.1-56.6-24.2-55.9-58.6C439.2,142.3,421.2,95.6,388.1,60.6z\"><\/path><\/svg>\t\t\t<\/div>\n\t\t<\/div>\n\t\t\t\t\t\t<\/div>\n\t\t\t\t<\/div>\n\t\t\t\t<div class=\"elementor-element elementor-element-2d3cd311 elementor-widget elementor-widget-heading\" data-id=\"2d3cd311\" data-element_type=\"widget\" data-e-type=\"widget\" data-widget_type=\"heading.default\">\n\t\t\t\t<div class=\"elementor-widget-container\">\n\t\t\t\t\t<h2 class=\"elementor-heading-title elementor-size-default\">Mettez en lumi\u00e8re des \u00e9v\u00e9nements et des curiosit\u00e9s gr\u00e2ce \u00e0 l\u2019application Distrimob<\/h2>\t\t\t\t<\/div>\n\t\t\t\t<\/div>\n\t\t\t\t<div class=\"elementor-element elementor-element-4ea4a343 elementor-widget elementor-widget-text-editor\" data-id=\"4ea4a343\" data-element_type=\"widget\" data-e-type=\"widget\" data-widget_type=\"text-editor.default\">\n\t\t\t\t<div class=\"elementor-widget-container\">\n\t\t\t\t\t\t\t\t\t<p>Dans l&rsquo;application Distrimob, nous offrons aux villes et communes la possibilit\u00e9 de partager des informations sur des \u00e9v\u00e9nements, mus\u00e9es, attractions, magasins ou simplement des choses pratiques, telles que des toilettes publiques, avec votre public. Ces informations sont tr\u00e8s facilement consultables sur le smartphone et apportent certainement une valeur ajout\u00e9e \u00e0 l\u2019utilisateur, qui peut planifier sa visite dans le centre-ville pour une journ\u00e9e de shopping en combinaison avec le trajet en bus dans la ville.<\/p>\n\t\t\t\t\t\t\t\t<\/div>\n\t\t\t\t<\/div>\n\t\t\t\t\t<\/div>\n\t\t<\/div>\n\t\t\t\t\t<\/div>\n\t\t<\/section>\n\t\t\t\t<section class=\"elementor-section elementor-top-section elementor-element elementor-element-7d97f7d9 elementor-section-boxed elementor-section-height-default elementor-section-height-default elementor-invisible\" data-id=\"7d97f7d9\" data-element_type=\"section\" data-e-type=\"section\" data-settings=\"{&quot;background_background&quot;:&quot;classic&quot;,&quot;animation&quot;:&quot;fadeIn&quot;}\">\n\t\t\t\t\t\t<div class=\"elementor-container elementor-column-gap-no\">\n\t\t\t\t\t<div class=\"elementor-column elementor-col-50 elementor-top-column elementor-element elementor-element-2da12b60\" data-id=\"2da12b60\" data-element_type=\"column\" data-e-type=\"column\" data-settings=\"{&quot;background_background&quot;:&quot;classic&quot;}\">\n\t\t\t<div class=\"elementor-widget-wrap elementor-element-populated\">\n\t\t\t\t\t\t<div class=\"elementor-element elementor-element-44c27b78 elementor-view-default elementor-widget elementor-widget-icon\" data-id=\"44c27b78\" data-element_type=\"widget\" data-e-type=\"widget\" data-widget_type=\"icon.default\">\n\t\t\t\t<div class=\"elementor-widget-container\">\n\t\t\t\t\t\t\t<div class=\"elementor-icon-wrapper\">\n\t\t\t<div class=\"elementor-icon\">\n\t\t\t<svg xmlns=\"http:\/\/www.w3.org\/2000\/svg\" xmlns:xlink=\"http:\/\/www.w3.org\/1999\/xlink\" id=\"Laag_1\" x=\"0px\" y=\"0px\" viewBox=\"0 0 1841.9 382.9\" xml:space=\"preserve\"><path fill-rule=\"evenodd\" fill=\"#3EBEE4\" d=\"M388.1,60.6c-14.6-15-32.3-26.7-51.7-34.5l-3.8-1.3h-148c-11.3,0-20.5,9.2-20.5,20.5  v46.2c0,7.9-6.4,14.2-14.2,14.2H48.5c-14.6,0.3-26.2,12.3-26,26.8c-0.1,14.6,11.5,26.6,26.1,27.1h101.3c7.9,0,14.2,6.4,14.2,14.2v35  c0,7.9-6.4,14.2-14.2,14.2H48.5c-14.6,0.3-26.2,12.2-26,26.8c-0.1,14.6,11.5,26.6,26.1,27.1h101.3c7.9,0,14.2,6.4,14.2,14.2v32.9  c0,18.7,15.2,33.9,33.9,33.9h133.5c14.5-0.3,26.1-12.2,25.9-26.8c0.1-14.6-11.4-26.6-26-27.2H230c-7.9,0-14.2-6.4-14.2-14.2V93  c0-7.9,6.4-14.2,14.2-14.2h89.8c2.3,0,4.6,0.6,6.7,1.7c10.9,5.8,20.8,13.5,29.2,22.6c21.7,24.1,32.8,55.9,30.8,88.2  c-0.7,31.8,12.2,62.3,35.4,84c20.7,18.1,44.1,28,71.6,27.8l1300-0.3c14.6-0.3,26.2-12.3,26-26.8c0.1-14.6-11.5-26.6-26.1-27.1  l-1299.3,0.3c-36.8,0.1-56.6-24.2-55.9-58.6C439.2,142.3,421.2,95.6,388.1,60.6z\"><\/path><\/svg>\t\t\t<\/div>\n\t\t<\/div>\n\t\t\t\t\t\t<\/div>\n\t\t\t\t<\/div>\n\t\t\t\t<div class=\"elementor-element elementor-element-130c6ad3 elementor-widget elementor-widget-heading\" data-id=\"130c6ad3\" data-element_type=\"widget\" data-e-type=\"widget\" data-widget_type=\"heading.default\">\n\t\t\t\t<div class=\"elementor-widget-container\">\n\t\t\t\t\t<h2 class=\"elementor-heading-title elementor-size-default\">T\u00e9l\u00e9chargez l'application Distrimob o\u00f9 que vous soyez<\/h2>\t\t\t\t<\/div>\n\t\t\t\t<\/div>\n\t\t\t\t<div class=\"elementor-element elementor-element-5477a536 elementor-widget elementor-widget-text-editor\" data-id=\"5477a536\" data-element_type=\"widget\" data-e-type=\"widget\" data-widget_type=\"text-editor.default\">\n\t\t\t\t<div class=\"elementor-widget-container\">\n\t\t\t\t\t\t\t\t\t<p>L\u2019application Distrimob est simplement t\u00e9l\u00e9chargeable dans la boutique d\u2019applications d&rsquo;Android et d&rsquo;Apple. Un code QR vous permet de rendre l\u2019application t\u00e9l\u00e9chargeable partout. Par exemple sur un autocollant sur le bus \u00e9lectrique, \u00e0 des arr\u00eats, \u00e0 des endroits strat\u00e9giques le long de l\u2019itin\u00e9raire et naturellement aussi en ligne sur votre propre site Web.<\/p>\n\t\t\t\t\t\t\t\t<\/div>\n\t\t\t\t<\/div>\n\t\t\t\t\t<\/div>\n\t\t<\/div>\n\t\t\t\t<div class=\"elementor-column elementor-col-50 elementor-top-column elementor-element elementor-element-36b9f7c9\" data-id=\"36b9f7c9\" data-element_type=\"column\" data-e-type=\"column\" data-settings=\"{&quot;background_background&quot;:&quot;classic&quot;}\">\n\t\t\t<div class=\"elementor-widget-wrap elementor-element-populated\">\n\t\t\t\t\t<div class=\"elementor-background-overlay\"><\/div>\n\t\t\t\t\t\t<section class=\"elementor-section elementor-inner-section elementor-element elementor-element-d1aae43 elementor-section-boxed elementor-section-height-default elementor-section-height-default\" data-id=\"d1aae43\" data-element_type=\"section\" data-e-type=\"section\">\n\t\t\t\t\t\t<div class=\"elementor-container elementor-column-gap-default\">\n\t\t\t\t\t<div class=\"elementor-column elementor-col-50 elementor-inner-column elementor-element elementor-element-ea30bf1\" data-id=\"ea30bf1\" data-element_type=\"column\" data-e-type=\"column\">\n\t\t\t<div class=\"elementor-widget-wrap elementor-element-populated\">\n\t\t\t\t\t\t<div class=\"elementor-element elementor-element-ab5f695 elementor-widget elementor-widget-image\" data-id=\"ab5f695\" data-element_type=\"widget\" data-e-type=\"widget\" data-widget_type=\"image.default\">\n\t\t\t\t<div class=\"elementor-widget-container\">\n\t\t\t\t\t\t\t\t\t\t\t\t\t\t\t<img decoding=\"async\" width=\"254\" height=\"510\" src=\"https:\/\/distrimob.be\/wp-content\/uploads\/2021\/08\/DistriMob-e-shuttlebussen-app-1.png\" class=\"attachment-large size-large wp-image-847\" alt=\"\" srcset=\"https:\/\/distrimob.be\/wp-content\/uploads\/2021\/08\/DistriMob-e-shuttlebussen-app-1.png 254w, https:\/\/distrimob.be\/wp-content\/uploads\/2021\/08\/DistriMob-e-shuttlebussen-app-1-149x300.png 149w\" sizes=\"(max-width: 254px) 100vw, 254px\" \/>\t\t\t\t\t\t\t\t\t\t\t\t\t\t\t<\/div>\n\t\t\t\t<\/div>\n\t\t\t\t\t<\/div>\n\t\t<\/div>\n\t\t\t\t<div class=\"elementor-column elementor-col-50 elementor-inner-column elementor-element elementor-element-e9cbc7a\" data-id=\"e9cbc7a\" data-element_type=\"column\" data-e-type=\"column\">\n\t\t\t<div class=\"elementor-widget-wrap elementor-element-populated\">\n\t\t\t\t\t\t<div class=\"elementor-element elementor-element-fa64301 elementor-widget elementor-widget-image\" data-id=\"fa64301\" data-element_type=\"widget\" data-e-type=\"widget\" data-widget_type=\"image.default\">\n\t\t\t\t<div class=\"elementor-widget-container\">\n\t\t\t\t\t\t\t\t\t\t\t\t\t\t\t<img decoding=\"async\" width=\"254\" height=\"510\" src=\"https:\/\/distrimob.be\/wp-content\/uploads\/2021\/08\/DistriMob-e-shuttlebussen-app-2.png\" class=\"attachment-large size-large wp-image-848\" alt=\"\" srcset=\"https:\/\/distrimob.be\/wp-content\/uploads\/2021\/08\/DistriMob-e-shuttlebussen-app-2.png 254w, https:\/\/distrimob.be\/wp-content\/uploads\/2021\/08\/DistriMob-e-shuttlebussen-app-2-149x300.png 149w\" sizes=\"(max-width: 254px) 100vw, 254px\" \/>\t\t\t\t\t\t\t\t\t\t\t\t\t\t\t<\/div>\n\t\t\t\t<\/div>\n\t\t\t\t\t<\/div>\n\t\t<\/div>\n\t\t\t\t\t<\/div>\n\t\t<\/section>\n\t\t\t\t\t<\/div>\n\t\t<\/div>\n\t\t\t\t\t<\/div>\n\t\t<\/section>\n\t\t\t\t<\/div>\n\t\t","protected":false},"excerpt":{"rendered":"<p>Suivez et tracez nos bus \u00e9lectriques avec l&rsquo;application Distrimob Nos bus \u00e9lectriques sont \u00e9quip\u00e9s d\u2019un syst\u00e8me de tra\u00e7abilit\u00e9 connect\u00e9 \u00e0 une application pratique Cette application permet \u00e0 nos voyageurs de consulter \u00e0 tout moment l\u2019emplacement en temps r\u00e9el de leur bus \u00e9lectrique. Ainsi, ils savent parfaitement combien de temps il leur reste pour atteindre l\u2019arr\u00eat. [&hellip;]<\/p>\n","protected":false},"author":1,"featured_media":0,"parent":0,"menu_order":0,"comment_status":"closed","ping_status":"closed","template":"elementor_header_footer","meta":{"footnotes":""},"class_list":["post-1090","page","type-page","status-publish","hentry"],"yoast_head":"<!-- This site is optimized with the Yoast SEO plugin v26.9 - https:\/\/yoast.com\/product\/yoast-seo-wordpress\/ -->\n<title>Bus \u00e9lectriques Distrimob : application de transport public \u00e9lectrique<\/title>\n<meta name=\"description\" content=\"L&#039;application Distrimob donne des informations en temps r\u00e9el sur l&#039;emplacement et l&#039;itin\u00e9raire des bus \u00e9lectriques et met en lumi\u00e8re des \u00e9v\u00e9nements et des curiosit\u00e9s.\" \/>\n<meta name=\"robots\" content=\"index, follow, max-snippet:-1, max-image-preview:large, max-video-preview:-1\" \/>\n<link rel=\"canonical\" href=\"https:\/\/distrimob.be\/fr\/application-distrimob\/\" \/>\n<meta property=\"og:locale\" content=\"fr_FR\" \/>\n<meta property=\"og:type\" content=\"article\" \/>\n<meta property=\"og:title\" content=\"Bus \u00e9lectriques Distrimob : application de transport public \u00e9lectrique\" \/>\n<meta property=\"og:description\" content=\"L&#039;application Distrimob donne des informations en temps r\u00e9el sur l&#039;emplacement et l&#039;itin\u00e9raire des bus \u00e9lectriques et met en lumi\u00e8re des \u00e9v\u00e9nements et des curiosit\u00e9s.\" \/>\n<meta property=\"og:url\" content=\"https:\/\/distrimob.be\/fr\/application-distrimob\/\" \/>\n<meta property=\"og:site_name\" content=\"DistriMob e-shuttlebus\" \/>\n<meta property=\"article:modified_time\" content=\"2024-01-19T13:35:27+00:00\" \/>\n<meta property=\"og:image\" content=\"https:\/\/distrimob.be\/wp-content\/uploads\/2021\/08\/distrimob-app.png\" \/>\n<meta name=\"twitter:card\" content=\"summary_large_image\" \/>\n<meta name=\"twitter:label1\" content=\"Dur\u00e9e de lecture est.\" \/>\n\t<meta name=\"twitter:data1\" content=\"1 minute\" \/>\n<script type=\"application\/ld+json\" class=\"yoast-schema-graph\">{\"@context\":\"https:\/\/schema.org\",\"@graph\":[{\"@type\":\"WebPage\",\"@id\":\"https:\/\/distrimob.be\/fr\/application-distrimob\/\",\"url\":\"https:\/\/distrimob.be\/fr\/application-distrimob\/\",\"name\":\"Bus \u00e9lectriques Distrimob : application de transport public \u00e9lectrique\",\"isPartOf\":{\"@id\":\"https:\/\/distrimob.be\/fr\/#website\"},\"primaryImageOfPage\":{\"@id\":\"https:\/\/distrimob.be\/fr\/application-distrimob\/#primaryimage\"},\"image\":{\"@id\":\"https:\/\/distrimob.be\/fr\/application-distrimob\/#primaryimage\"},\"thumbnailUrl\":\"https:\/\/distrimob.be\/wp-content\/uploads\/2021\/08\/distrimob-app.png\",\"datePublished\":\"2021-06-23T09:23:50+00:00\",\"dateModified\":\"2024-01-19T13:35:27+00:00\",\"description\":\"L'application Distrimob donne des informations en temps r\u00e9el sur l'emplacement et l'itin\u00e9raire des bus \u00e9lectriques et met en lumi\u00e8re des \u00e9v\u00e9nements et des curiosit\u00e9s.\",\"breadcrumb\":{\"@id\":\"https:\/\/distrimob.be\/fr\/application-distrimob\/#breadcrumb\"},\"inLanguage\":\"fr-BE\",\"potentialAction\":[{\"@type\":\"ReadAction\",\"target\":[\"https:\/\/distrimob.be\/fr\/application-distrimob\/\"]}]},{\"@type\":\"ImageObject\",\"inLanguage\":\"fr-BE\",\"@id\":\"https:\/\/distrimob.be\/fr\/application-distrimob\/#primaryimage\",\"url\":\"https:\/\/distrimob.be\/wp-content\/uploads\/2021\/08\/distrimob-app.png\",\"contentUrl\":\"https:\/\/distrimob.be\/wp-content\/uploads\/2021\/08\/distrimob-app.png\"},{\"@type\":\"BreadcrumbList\",\"@id\":\"https:\/\/distrimob.be\/fr\/application-distrimob\/#breadcrumb\",\"itemListElement\":[{\"@type\":\"ListItem\",\"position\":1,\"name\":\"Home\",\"item\":\"https:\/\/distrimob.be\/fr\/\"},{\"@type\":\"ListItem\",\"position\":2,\"name\":\"Application Distrimob\"}]},{\"@type\":\"WebSite\",\"@id\":\"https:\/\/distrimob.be\/fr\/#website\",\"url\":\"https:\/\/distrimob.be\/fr\/\",\"name\":\"DistriMob e-shuttlebus\",\"description\":\"Elektrisch openbaar vervoer op maat\",\"publisher\":{\"@id\":\"https:\/\/distrimob.be\/fr\/#organization\"},\"potentialAction\":[{\"@type\":\"SearchAction\",\"target\":{\"@type\":\"EntryPoint\",\"urlTemplate\":\"https:\/\/distrimob.be\/fr\/?s={search_term_string}\"},\"query-input\":{\"@type\":\"PropertyValueSpecification\",\"valueRequired\":true,\"valueName\":\"search_term_string\"}}],\"inLanguage\":\"fr-BE\"},{\"@type\":\"Organization\",\"@id\":\"https:\/\/distrimob.be\/fr\/#organization\",\"name\":\"DistriMob e-shuttlebussen\",\"url\":\"https:\/\/distrimob.be\/fr\/\",\"logo\":{\"@type\":\"ImageObject\",\"inLanguage\":\"fr-BE\",\"@id\":\"https:\/\/distrimob.be\/fr\/#\/schema\/logo\/image\/\",\"url\":\"https:\/\/distrimob.be\/wp-content\/uploads\/2021\/07\/Distrimob-logo.png\",\"contentUrl\":\"https:\/\/distrimob.be\/wp-content\/uploads\/2021\/07\/Distrimob-logo.png\",\"width\":542,\"height\":163,\"caption\":\"DistriMob e-shuttlebussen\"},\"image\":{\"@id\":\"https:\/\/distrimob.be\/fr\/#\/schema\/logo\/image\/\"}}]}<\/script>\n<!-- \/ Yoast SEO plugin. -->","yoast_head_json":{"title":"Bus \u00e9lectriques Distrimob : application de transport public \u00e9lectrique","description":"L'application Distrimob donne des informations en temps r\u00e9el sur l'emplacement et l'itin\u00e9raire des bus \u00e9lectriques et met en lumi\u00e8re des \u00e9v\u00e9nements et des curiosit\u00e9s.","robots":{"index":"index","follow":"follow","max-snippet":"max-snippet:-1","max-image-preview":"max-image-preview:large","max-video-preview":"max-video-preview:-1"},"canonical":"https:\/\/distrimob.be\/fr\/application-distrimob\/","og_locale":"fr_FR","og_type":"article","og_title":"Bus \u00e9lectriques Distrimob : application de transport public \u00e9lectrique","og_description":"L'application Distrimob donne des informations en temps r\u00e9el sur l'emplacement et l'itin\u00e9raire des bus \u00e9lectriques et met en lumi\u00e8re des \u00e9v\u00e9nements et des curiosit\u00e9s.","og_url":"https:\/\/distrimob.be\/fr\/application-distrimob\/","og_site_name":"DistriMob e-shuttlebus","article_modified_time":"2024-01-19T13:35:27+00:00","og_image":[{"url":"https:\/\/distrimob.be\/wp-content\/uploads\/2021\/08\/distrimob-app.png","type":"","width":"","height":""}],"twitter_card":"summary_large_image","twitter_misc":{"Dur\u00e9e de lecture est.":"1 minute"},"schema":{"@context":"https:\/\/schema.org","@graph":[{"@type":"WebPage","@id":"https:\/\/distrimob.be\/fr\/application-distrimob\/","url":"https:\/\/distrimob.be\/fr\/application-distrimob\/","name":"Bus \u00e9lectriques Distrimob : application de transport public \u00e9lectrique","isPartOf":{"@id":"https:\/\/distrimob.be\/fr\/#website"},"primaryImageOfPage":{"@id":"https:\/\/distrimob.be\/fr\/application-distrimob\/#primaryimage"},"image":{"@id":"https:\/\/distrimob.be\/fr\/application-distrimob\/#primaryimage"},"thumbnailUrl":"https:\/\/distrimob.be\/wp-content\/uploads\/2021\/08\/distrimob-app.png","datePublished":"2021-06-23T09:23:50+00:00","dateModified":"2024-01-19T13:35:27+00:00","description":"L'application Distrimob donne des informations en temps r\u00e9el sur l'emplacement et l'itin\u00e9raire des bus \u00e9lectriques et met en lumi\u00e8re des \u00e9v\u00e9nements et des curiosit\u00e9s.","breadcrumb":{"@id":"https:\/\/distrimob.be\/fr\/application-distrimob\/#breadcrumb"},"inLanguage":"fr-BE","potentialAction":[{"@type":"ReadAction","target":["https:\/\/distrimob.be\/fr\/application-distrimob\/"]}]},{"@type":"ImageObject","inLanguage":"fr-BE","@id":"https:\/\/distrimob.be\/fr\/application-distrimob\/#primaryimage","url":"https:\/\/distrimob.be\/wp-content\/uploads\/2021\/08\/distrimob-app.png","contentUrl":"https:\/\/distrimob.be\/wp-content\/uploads\/2021\/08\/distrimob-app.png"},{"@type":"BreadcrumbList","@id":"https:\/\/distrimob.be\/fr\/application-distrimob\/#breadcrumb","itemListElement":[{"@type":"ListItem","position":1,"name":"Home","item":"https:\/\/distrimob.be\/fr\/"},{"@type":"ListItem","position":2,"name":"Application Distrimob"}]},{"@type":"WebSite","@id":"https:\/\/distrimob.be\/fr\/#website","url":"https:\/\/distrimob.be\/fr\/","name":"DistriMob e-shuttlebus","description":"Elektrisch openbaar vervoer op maat","publisher":{"@id":"https:\/\/distrimob.be\/fr\/#organization"},"potentialAction":[{"@type":"SearchAction","target":{"@type":"EntryPoint","urlTemplate":"https:\/\/distrimob.be\/fr\/?s={search_term_string}"},"query-input":{"@type":"PropertyValueSpecification","valueRequired":true,"valueName":"search_term_string"}}],"inLanguage":"fr-BE"},{"@type":"Organization","@id":"https:\/\/distrimob.be\/fr\/#organization","name":"DistriMob e-shuttlebussen","url":"https:\/\/distrimob.be\/fr\/","logo":{"@type":"ImageObject","inLanguage":"fr-BE","@id":"https:\/\/distrimob.be\/fr\/#\/schema\/logo\/image\/","url":"https:\/\/distrimob.be\/wp-content\/uploads\/2021\/07\/Distrimob-logo.png","contentUrl":"https:\/\/distrimob.be\/wp-content\/uploads\/2021\/07\/Distrimob-logo.png","width":542,"height":163,"caption":"DistriMob e-shuttlebussen"},"image":{"@id":"https:\/\/distrimob.be\/fr\/#\/schema\/logo\/image\/"}}]}},"_links":{"self":[{"href":"https:\/\/distrimob.be\/fr\/wp-json\/wp\/v2\/pages\/1090","targetHints":{"allow":["GET"]}}],"collection":[{"href":"https:\/\/distrimob.be\/fr\/wp-json\/wp\/v2\/pages"}],"about":[{"href":"https:\/\/distrimob.be\/fr\/wp-json\/wp\/v2\/types\/page"}],"author":[{"embeddable":true,"href":"https:\/\/distrimob.be\/fr\/wp-json\/wp\/v2\/users\/1"}],"replies":[{"embeddable":true,"href":"https:\/\/distrimob.be\/fr\/wp-json\/wp\/v2\/comments?post=1090"}],"version-history":[{"count":6,"href":"https:\/\/distrimob.be\/fr\/wp-json\/wp\/v2\/pages\/1090\/revisions"}],"predecessor-version":[{"id":1826,"href":"https:\/\/distrimob.be\/fr\/wp-json\/wp\/v2\/pages\/1090\/revisions\/1826"}],"wp:attachment":[{"href":"https:\/\/distrimob.be\/fr\/wp-json\/wp\/v2\/media?parent=1090"}],"curies":[{"name":"wp","href":"https:\/\/api.w.org\/{rel}","templated":true}]}}