{"id":1094,"date":"2021-04-09T11:20:20","date_gmt":"2021-04-09T11:20:20","guid":{"rendered":"https:\/\/distrimob.be\/?page_id=1094"},"modified":"2025-08-05T07:13:57","modified_gmt":"2025-08-05T07:13:57","slug":"contact","status":"publish","type":"page","link":"https:\/\/distrimob.be\/fr\/contact\/","title":{"rendered":"Contact"},"content":{"rendered":"\t\t<div data-elementor-type=\"wp-page\" data-elementor-id=\"1094\" class=\"elementor elementor-1094 elementor-27\" data-elementor-post-type=\"page\">\n\t\t\t\t\t\t<section class=\"elementor-section elementor-top-section elementor-element elementor-element-21a291d8 elementor-section-full_width elementor-section-height-default elementor-section-height-default elementor-invisible\" data-id=\"21a291d8\" data-element_type=\"section\" data-e-type=\"section\" data-settings=\"{&quot;background_background&quot;:&quot;classic&quot;,&quot;animation&quot;:&quot;fadeIn&quot;}\">\n\t\t\t\t\t\t<div class=\"elementor-container elementor-column-gap-no\">\n\t\t\t\t\t<div class=\"elementor-column elementor-col-100 elementor-top-column elementor-element elementor-element-dc0d367\" data-id=\"dc0d367\" data-element_type=\"column\" data-e-type=\"column\">\n\t\t\t<div class=\"elementor-widget-wrap elementor-element-populated\">\n\t\t\t\t\t\t<div class=\"elementor-element elementor-element-f7d29b2 elementor-widget elementor-widget-google_maps\" data-id=\"f7d29b2\" data-element_type=\"widget\" data-e-type=\"widget\" data-widget_type=\"google_maps.default\">\n\t\t\t\t<div class=\"elementor-widget-container\">\n\t\t\t\t\t\t\t<div class=\"elementor-custom-embed\">\n\t\t\t<iframe loading=\"lazy\"\n\t\t\t\t\tsrc=\"https:\/\/maps.google.com\/maps?q=Nati%C3%ABnlaan%20213b%2C%208300%20Knokke-Heist%20&#038;t=m&#038;z=12&#038;output=embed&#038;iwloc=near\"\n\t\t\t\t\ttitle=\"Nati\u00ebnlaan 213b, 8300 Knokke-Heist \"\n\t\t\t\t\taria-label=\"Nati\u00ebnlaan 213b, 8300 Knokke-Heist \"\n\t\t\t><\/iframe>\n\t\t<\/div>\n\t\t\t\t\t\t<\/div>\n\t\t\t\t<\/div>\n\t\t\t\t\t<\/div>\n\t\t<\/div>\n\t\t\t\t\t<\/div>\n\t\t<\/section>\n\t\t\t\t<section class=\"elementor-section elementor-top-section elementor-element elementor-element-6ce65d4b elementor-section-boxed elementor-section-height-default elementor-section-height-default elementor-invisible\" data-id=\"6ce65d4b\" data-element_type=\"section\" data-e-type=\"section\" data-settings=\"{&quot;background_background&quot;:&quot;classic&quot;,&quot;animation&quot;:&quot;fadeIn&quot;}\">\n\t\t\t\t\t\t<div class=\"elementor-container elementor-column-gap-no\">\n\t\t\t\t\t<div class=\"elementor-column elementor-col-50 elementor-top-column elementor-element elementor-element-7dce4256\" data-id=\"7dce4256\" data-element_type=\"column\" data-e-type=\"column\" data-settings=\"{&quot;background_background&quot;:&quot;classic&quot;}\">\n\t\t\t<div class=\"elementor-widget-wrap elementor-element-populated\">\n\t\t\t\t\t\t<div class=\"elementor-element elementor-element-114d71ef elementor-view-default elementor-widget elementor-widget-icon\" data-id=\"114d71ef\" data-element_type=\"widget\" data-e-type=\"widget\" data-widget_type=\"icon.default\">\n\t\t\t\t<div class=\"elementor-widget-container\">\n\t\t\t\t\t\t\t<div class=\"elementor-icon-wrapper\">\n\t\t\t<div class=\"elementor-icon\">\n\t\t\t<svg xmlns=\"http:\/\/www.w3.org\/2000\/svg\" xmlns:xlink=\"http:\/\/www.w3.org\/1999\/xlink\" id=\"Laag_1\" x=\"0px\" y=\"0px\" viewBox=\"0 0 1841.9 382.9\" xml:space=\"preserve\"><path fill-rule=\"evenodd\" fill=\"#3EBEE4\" d=\"M388.1,60.6c-14.6-15-32.3-26.7-51.7-34.5l-3.8-1.3h-148c-11.3,0-20.5,9.2-20.5,20.5  v46.2c0,7.9-6.4,14.2-14.2,14.2H48.5c-14.6,0.3-26.2,12.3-26,26.8c-0.1,14.6,11.5,26.6,26.1,27.1h101.3c7.9,0,14.2,6.4,14.2,14.2v35  c0,7.9-6.4,14.2-14.2,14.2H48.5c-14.6,0.3-26.2,12.2-26,26.8c-0.1,14.6,11.5,26.6,26.1,27.1h101.3c7.9,0,14.2,6.4,14.2,14.2v32.9  c0,18.7,15.2,33.9,33.9,33.9h133.5c14.5-0.3,26.1-12.2,25.9-26.8c0.1-14.6-11.4-26.6-26-27.2H230c-7.9,0-14.2-6.4-14.2-14.2V93  c0-7.9,6.4-14.2,14.2-14.2h89.8c2.3,0,4.6,0.6,6.7,1.7c10.9,5.8,20.8,13.5,29.2,22.6c21.7,24.1,32.8,55.9,30.8,88.2  c-0.7,31.8,12.2,62.3,35.4,84c20.7,18.1,44.1,28,71.6,27.8l1300-0.3c14.6-0.3,26.2-12.3,26-26.8c0.1-14.6-11.5-26.6-26.1-27.1  l-1299.3,0.3c-36.8,0.1-56.6-24.2-55.9-58.6C439.2,142.3,421.2,95.6,388.1,60.6z\"><\/path><\/svg>\t\t\t<\/div>\n\t\t<\/div>\n\t\t\t\t\t\t<\/div>\n\t\t\t\t<\/div>\n\t\t\t\t<div class=\"elementor-element elementor-element-3b2f9252 elementor-widget elementor-widget-heading\" data-id=\"3b2f9252\" data-element_type=\"widget\" data-e-type=\"widget\" data-widget_type=\"heading.default\">\n\t\t\t\t<div class=\"elementor-widget-container\">\n\t\t\t\t\t<h2 class=\"elementor-heading-title elementor-size-default\">Contact DistriMob SARL<\/h2>\t\t\t\t<\/div>\n\t\t\t\t<\/div>\n\t\t\t\t<div class=\"elementor-element elementor-element-2e80c378 elementor-widget elementor-widget-text-editor\" data-id=\"2e80c378\" data-element_type=\"widget\" data-e-type=\"widget\" data-widget_type=\"text-editor.default\">\n\t\t\t\t<div class=\"elementor-widget-container\">\n\t\t\t\t\t\t\t\t\t<p>Chaque mission est diff\u00e9rente. Aucune ville ou commune ne se ressemble et il faut chaque fois adopter une approche personnelle. Heureusement, la flexibilit\u00e9, c\u2019est dans nos g\u00eanes. Contactez-nous sans engagement pour un entretien. Nous sommes certains de pouvoir r\u00e9pondre positivement \u00e0 votre demande avec notre offre de transport (public) \u00e9lectrique sur mesure.<\/p>\n\t\t\t\t\t\t\t\t<\/div>\n\t\t\t\t<\/div>\n\t\t\t\t<div class=\"elementor-element elementor-element-b7f825e elementor-align-start elementor-icon-list--layout-traditional elementor-list-item-link-full_width elementor-widget elementor-widget-icon-list\" data-id=\"b7f825e\" data-element_type=\"widget\" data-e-type=\"widget\" data-widget_type=\"icon-list.default\">\n\t\t\t\t<div class=\"elementor-widget-container\">\n\t\t\t\t\t\t\t<ul class=\"elementor-icon-list-items\">\n\t\t\t\t\t\t\t<li class=\"elementor-icon-list-item\">\n\t\t\t\t\t\t\t\t\t\t\t<span class=\"elementor-icon-list-icon\">\n\t\t\t\t\t\t\t<i aria-hidden=\"true\" class=\"fas fa-map-marker-alt\"><\/i>\t\t\t\t\t\t<\/span>\n\t\t\t\t\t\t\t\t\t\t<span class=\"elementor-icon-list-text\">Nati\u00ebnlaan 213b<\/span>\n\t\t\t\t\t\t\t\t\t<\/li>\n\t\t\t\t\t\t\t\t<li class=\"elementor-icon-list-item\">\n\t\t\t\t\t\t\t\t\t\t\t<span class=\"elementor-icon-list-icon\">\n\t\t\t\t\t\t\t<i aria-hidden=\"true\" class=\"fas fa-location-arrow\"><\/i>\t\t\t\t\t\t<\/span>\n\t\t\t\t\t\t\t\t\t\t<span class=\"elementor-icon-list-text\">8300 Knokke-Heist, Belgique<\/span>\n\t\t\t\t\t\t\t\t\t<\/li>\n\t\t\t\t\t\t<\/ul>\n\t\t\t\t\t\t<\/div>\n\t\t\t\t<\/div>\n\t\t\t\t<div class=\"elementor-element elementor-element-ebd8a68 elementor-align-start elementor-icon-list--layout-traditional elementor-list-item-link-full_width elementor-widget elementor-widget-icon-list\" data-id=\"ebd8a68\" data-element_type=\"widget\" data-e-type=\"widget\" data-widget_type=\"icon-list.default\">\n\t\t\t\t<div class=\"elementor-widget-container\">\n\t\t\t\t\t\t\t<ul class=\"elementor-icon-list-items\">\n\t\t\t\t\t\t\t<li class=\"elementor-icon-list-item\">\n\t\t\t\t\t\t\t\t\t\t\t<a href=\"mailto:adm@distrimob.be\">\n\n\t\t\t\t\t\t\t\t\t\t\t\t<span class=\"elementor-icon-list-icon\">\n\t\t\t\t\t\t\t<i aria-hidden=\"true\" class=\"fas fa-envelope\"><\/i>\t\t\t\t\t\t<\/span>\n\t\t\t\t\t\t\t\t\t\t<span class=\"elementor-icon-list-text\">adm@distrimob.be<\/span>\n\t\t\t\t\t\t\t\t\t\t\t<\/a>\n\t\t\t\t\t\t\t\t\t<\/li>\n\t\t\t\t\t\t<\/ul>\n\t\t\t\t\t\t<\/div>\n\t\t\t\t<\/div>\n\t\t\t\t\t<\/div>\n\t\t<\/div>\n\t\t\t\t<div class=\"elementor-column elementor-col-50 elementor-top-column elementor-element elementor-element-441dc07d\" data-id=\"441dc07d\" data-element_type=\"column\" data-e-type=\"column\" data-settings=\"{&quot;background_background&quot;:&quot;classic&quot;}\">\n\t\t\t<div class=\"elementor-widget-wrap elementor-element-populated\">\n\t\t\t\t\t\t<div class=\"elementor-element elementor-element-e82680b elementor-widget elementor-widget-heading\" data-id=\"e82680b\" data-element_type=\"widget\" data-e-type=\"widget\" data-widget_type=\"heading.default\">\n\t\t\t\t<div class=\"elementor-widget-container\">\n\t\t\t\t\t<h3 class=\"elementor-heading-title elementor-size-default\">Contactez-nous<\/h3>\t\t\t\t<\/div>\n\t\t\t\t<\/div>\n\t\t\t\t<div class=\"elementor-element elementor-element-a90f928 elementor-button-align-stretch elementor-widget elementor-widget-form\" data-id=\"a90f928\" data-element_type=\"widget\" data-e-type=\"widget\" data-settings=\"{&quot;step_next_label&quot;:&quot;Suivant&quot;,&quot;step_previous_label&quot;:&quot;Pr\\u00e9c\\u00e9dent&quot;,&quot;button_width&quot;:&quot;100&quot;,&quot;step_type&quot;:&quot;number_text&quot;,&quot;step_icon_shape&quot;:&quot;circle&quot;}\" data-widget_type=\"form.default\">\n\t\t\t\t<div class=\"elementor-widget-container\">\n\t\t\t\t\t\t\t<form class=\"elementor-form\" method=\"post\" name=\"formulaire de contact\" aria-label=\"formulaire de contact\">\n\t\t\t<input type=\"hidden\" name=\"post_id\" value=\"1094\"\/>\n\t\t\t<input type=\"hidden\" name=\"form_id\" value=\"a90f928\"\/>\n\t\t\t<input type=\"hidden\" name=\"referer_title\" value=\"DistriMob e-shuttlebus\" \/>\n\n\t\t\t\n\t\t\t<div class=\"elementor-form-fields-wrapper elementor-labels-\">\n\t\t\t\t\t\t\t\t<div class=\"elementor-field-type-text elementor-field-group elementor-column elementor-field-group-name elementor-col-100 elementor-field-required\">\n\t\t\t\t\t\t\t\t\t\t\t\t<label for=\"form-field-name\" class=\"elementor-field-label elementor-screen-only\">\n\t\t\t\t\t\t\t\tNom\t\t\t\t\t\t\t<\/label>\n\t\t\t\t\t\t\t\t\t\t\t\t\t\t<input size=\"1\" type=\"text\" name=\"form_fields[name]\" id=\"form-field-name\" class=\"elementor-field elementor-size-sm  elementor-field-textual\" placeholder=\"Nom *\" required=\"required\">\n\t\t\t\t\t\t\t\t\t\t\t<\/div>\n\t\t\t\t\t\t\t\t<div class=\"elementor-field-type-email elementor-field-group elementor-column elementor-field-group-email elementor-col-100 elementor-field-required\">\n\t\t\t\t\t\t\t\t\t\t\t\t<label for=\"form-field-email\" class=\"elementor-field-label elementor-screen-only\">\n\t\t\t\t\t\t\t\tE-mail\t\t\t\t\t\t\t<\/label>\n\t\t\t\t\t\t\t\t\t\t\t\t\t\t<input size=\"1\" type=\"email\" name=\"form_fields[email]\" id=\"form-field-email\" class=\"elementor-field elementor-size-sm  elementor-field-textual\" placeholder=\"E-mail *\" required=\"required\">\n\t\t\t\t\t\t\t\t\t\t\t<\/div>\n\t\t\t\t\t\t\t\t<div class=\"elementor-field-type-text elementor-field-group elementor-column elementor-field-group-onderwerp elementor-col-100 elementor-field-required\">\n\t\t\t\t\t\t\t\t\t\t\t\t<label for=\"form-field-onderwerp\" class=\"elementor-field-label elementor-screen-only\">\n\t\t\t\t\t\t\t\tObjet\t\t\t\t\t\t\t<\/label>\n\t\t\t\t\t\t\t\t\t\t\t\t\t\t<input size=\"1\" type=\"text\" name=\"form_fields[onderwerp]\" id=\"form-field-onderwerp\" class=\"elementor-field elementor-size-sm  elementor-field-textual\" placeholder=\"Objet *\" required=\"required\">\n\t\t\t\t\t\t\t\t\t\t\t<\/div>\n\t\t\t\t\t\t\t\t<div class=\"elementor-field-type-textarea elementor-field-group elementor-column elementor-field-group-message elementor-col-100 elementor-field-required\">\n\t\t\t\t\t\t\t\t\t\t\t\t<label for=\"form-field-message\" class=\"elementor-field-label elementor-screen-only\">\n\t\t\t\t\t\t\t\tMessage\t\t\t\t\t\t\t<\/label>\n\t\t\t\t\t\t<textarea class=\"elementor-field-textual elementor-field  elementor-size-sm\" name=\"form_fields[message]\" id=\"form-field-message\" rows=\"4\" placeholder=\"Message *\" required=\"required\"><\/textarea>\t\t\t\t<\/div>\n\t\t\t\t\t\t\t\t<div class=\"elementor-field-type-text\">\n\t\t\t\t\t<input size=\"1\" type=\"text\" name=\"form_fields[field_7d11cfc]\" id=\"form-field-field_7d11cfc\" class=\"elementor-field elementor-size-sm \" style=\"display:none !important;\">\t\t\t\t<\/div>\n\t\t\t\t\t\t\t\t<div class=\"elementor-field-type-recaptcha_v3 elementor-field-group elementor-column elementor-field-group-field_7a7dd73 elementor-col-100 recaptcha_v3-bottomright\">\n\t\t\t\t\t<div class=\"elementor-field\" id=\"form-field-field_7a7dd73\"><div class=\"elementor-g-recaptcha\" data-sitekey=\"6LdFGWsbAAAAAAAKbCCLP5KT2yROAlZ0mc0hbBVx\" data-type=\"v3\" data-action=\"Form\" data-badge=\"bottomright\" data-size=\"invisible\"><\/div><\/div>\t\t\t\t<\/div>\n\t\t\t\t\t\t\t\t<div class=\"elementor-field-group elementor-column elementor-field-type-submit elementor-col-100 e-form__buttons\">\n\t\t\t\t\t<button class=\"elementor-button elementor-size-sm\" type=\"submit\">\n\t\t\t\t\t\t<span class=\"elementor-button-content-wrapper\">\n\t\t\t\t\t\t\t\t\t\t\t\t\t\t\t\t\t\t\t\t\t\t<span class=\"elementor-button-text\">Envoyer<\/span>\n\t\t\t\t\t\t\t\t\t\t\t\t\t<\/span>\n\t\t\t\t\t<\/button>\n\t\t\t\t<\/div>\n\t\t\t<\/div>\n\t\t<\/form>\n\t\t\t\t\t\t<\/div>\n\t\t\t\t<\/div>\n\t\t\t\t\t<\/div>\n\t\t<\/div>\n\t\t\t\t\t<\/div>\n\t\t<\/section>\n\t\t\t\t<section class=\"elementor-section elementor-top-section elementor-element elementor-element-45ee3f2 elementor-section-boxed elementor-section-height-default elementor-section-height-default elementor-invisible\" data-id=\"45ee3f2\" data-element_type=\"section\" data-e-type=\"section\" data-settings=\"{&quot;background_background&quot;:&quot;classic&quot;,&quot;animation&quot;:&quot;fadeIn&quot;}\">\n\t\t\t\t\t\t<div class=\"elementor-container elementor-column-gap-no\">\n\t\t\t\t\t<div class=\"elementor-column elementor-col-100 elementor-top-column elementor-element elementor-element-74808c1\" data-id=\"74808c1\" data-element_type=\"column\" data-e-type=\"column\" data-settings=\"{&quot;background_background&quot;:&quot;classic&quot;}\">\n\t\t\t<div class=\"elementor-widget-wrap elementor-element-populated\">\n\t\t\t\t\t\t<div class=\"elementor-element elementor-element-be51775 elementor-widget elementor-widget-gallery\" data-id=\"be51775\" data-element_type=\"widget\" data-e-type=\"widget\" data-settings=\"{&quot;columns&quot;:3,&quot;columns_tablet&quot;:3,&quot;gap&quot;:{&quot;unit&quot;:&quot;px&quot;,&quot;size&quot;:2,&quot;sizes&quot;:[]},&quot;gap_tablet&quot;:{&quot;unit&quot;:&quot;px&quot;,&quot;size&quot;:2,&quot;sizes&quot;:[]},&quot;gap_mobile&quot;:{&quot;unit&quot;:&quot;px&quot;,&quot;size&quot;:2,&quot;sizes&quot;:[]},&quot;lazyload&quot;:&quot;yes&quot;,&quot;gallery_layout&quot;:&quot;grid&quot;,&quot;columns_mobile&quot;:1,&quot;link_to&quot;:&quot;file&quot;,&quot;aspect_ratio&quot;:&quot;3:2&quot;,&quot;overlay_background&quot;:&quot;yes&quot;,&quot;content_hover_animation&quot;:&quot;fade-in&quot;}\" data-widget_type=\"gallery.default\">\n\t\t\t\t<div class=\"elementor-widget-container\">\n\t\t\t\t\t\t\t<div class=\"elementor-gallery__container\">\n\t\t\t\t\t\t\t<a class=\"e-gallery-item elementor-gallery-item elementor-animated-content\" href=\"https:\/\/distrimob.be\/wp-content\/uploads\/2024\/02\/distrimob.jpg\" data-elementor-open-lightbox=\"yes\" data-elementor-lightbox-slideshow=\"be51775\" data-e-action-hash=\"#elementor-action%3Aaction%3Dlightbox%26settings%3DeyJpZCI6MTg4MiwidXJsIjoiaHR0cHM6XC9cL2Rpc3RyaW1vYi5iZVwvd3AtY29udGVudFwvdXBsb2Fkc1wvMjAyNFwvMDJcL2Rpc3RyaW1vYi5qcGciLCJzbGlkZXNob3ciOiJiZTUxNzc1In0%3D\">\n\t\t\t\t\t<div class=\"e-gallery-image elementor-gallery-item__image\" data-thumbnail=\"https:\/\/distrimob.be\/wp-content\/uploads\/2024\/02\/distrimob-768x512.jpg\" data-width=\"768\" data-height=\"512\" aria-label=\"\" role=\"img\" ><\/div>\n\t\t\t\t\t\t\t\t\t\t\t<div class=\"elementor-gallery-item__overlay\"><\/div>\n\t\t\t\t\t\t\t\t\t\t\t\t\t\t<\/a>\n\t\t\t\t\t\t\t<a class=\"e-gallery-item elementor-gallery-item elementor-animated-content\" href=\"https:\/\/distrimob.be\/wp-content\/uploads\/2023\/10\/distrimob-2.jpg\" data-elementor-open-lightbox=\"yes\" data-elementor-lightbox-slideshow=\"be51775\" data-e-action-hash=\"#elementor-action%3Aaction%3Dlightbox%26settings%3DeyJpZCI6MTc0MiwidXJsIjoiaHR0cHM6XC9cL2Rpc3RyaW1vYi5iZVwvd3AtY29udGVudFwvdXBsb2Fkc1wvMjAyM1wvMTBcL2Rpc3RyaW1vYi0yLmpwZyIsInNsaWRlc2hvdyI6ImJlNTE3NzUifQ%3D%3D\">\n\t\t\t\t\t<div class=\"e-gallery-image elementor-gallery-item__image\" data-thumbnail=\"https:\/\/distrimob.be\/wp-content\/uploads\/2023\/10\/distrimob-2-768x512.jpg\" data-width=\"768\" data-height=\"512\" aria-label=\"\" role=\"img\" ><\/div>\n\t\t\t\t\t\t\t\t\t\t\t<div class=\"elementor-gallery-item__overlay\"><\/div>\n\t\t\t\t\t\t\t\t\t\t\t\t\t\t<\/a>\n\t\t\t\t\t\t\t<a class=\"e-gallery-item elementor-gallery-item elementor-animated-content\" href=\"https:\/\/distrimob.be\/wp-content\/uploads\/2025\/08\/contact-3.jpg\" data-elementor-open-lightbox=\"yes\" data-elementor-lightbox-slideshow=\"be51775\" data-e-action-hash=\"#elementor-action%3Aaction%3Dlightbox%26settings%3DeyJpZCI6MjA1OCwidXJsIjoiaHR0cHM6XC9cL2Rpc3RyaW1vYi5iZVwvd3AtY29udGVudFwvdXBsb2Fkc1wvMjAyNVwvMDhcL2NvbnRhY3QtMy5qcGciLCJzbGlkZXNob3ciOiJiZTUxNzc1In0%3D\">\n\t\t\t\t\t<div class=\"e-gallery-image elementor-gallery-item__image\" data-thumbnail=\"https:\/\/distrimob.be\/wp-content\/uploads\/2025\/08\/contact-3-768x512.jpg\" data-width=\"768\" data-height=\"512\" aria-label=\"\" role=\"img\" ><\/div>\n\t\t\t\t\t\t\t\t\t\t\t<div class=\"elementor-gallery-item__overlay\"><\/div>\n\t\t\t\t\t\t\t\t\t\t\t\t\t\t<\/a>\n\t\t\t\t\t<\/div>\n\t\t\t\t\t<\/div>\n\t\t\t\t<\/div>\n\t\t\t\t\t<\/div>\n\t\t<\/div>\n\t\t\t\t\t<\/div>\n\t\t<\/section>\n\t\t\t\t<\/div>\n\t\t","protected":false},"excerpt":{"rendered":"<p>Contact DistriMob SARL Chaque mission est diff\u00e9rente. Aucune ville ou commune ne se ressemble et il faut chaque fois adopter une approche personnelle. Heureusement, la flexibilit\u00e9, c\u2019est dans nos g\u00eanes. Contactez-nous sans engagement pour un entretien. Nous sommes certains de pouvoir r\u00e9pondre positivement \u00e0 votre demande avec notre offre de transport (public) \u00e9lectrique sur mesure. [&hellip;]<\/p>\n","protected":false},"author":1,"featured_media":0,"parent":0,"menu_order":0,"comment_status":"closed","ping_status":"closed","template":"elementor_header_footer","meta":{"footnotes":""},"class_list":["post-1094","page","type-page","status-publish","hentry"],"yoast_head":"<!-- This site is optimized with the Yoast SEO plugin v26.9 - https:\/\/yoast.com\/product\/yoast-seo-wordpress\/ -->\n<title>Bus \u00e9lectriques Distrimob : contactez-nous sans engagement pour un entretien<\/title>\n<meta name=\"description\" content=\"Nous sommes certains de pouvoir r\u00e9pondre positivement \u00e0 votre demande avec notre offre de transport (public) \u00e9lectrique sur mesure.\" \/>\n<meta name=\"robots\" content=\"index, follow, max-snippet:-1, max-image-preview:large, max-video-preview:-1\" \/>\n<link rel=\"canonical\" href=\"https:\/\/distrimob.be\/fr\/contact\/\" \/>\n<meta property=\"og:locale\" content=\"fr_FR\" \/>\n<meta property=\"og:type\" content=\"article\" \/>\n<meta property=\"og:title\" content=\"Bus \u00e9lectriques Distrimob : contactez-nous sans engagement pour un entretien\" \/>\n<meta property=\"og:description\" content=\"Nous sommes certains de pouvoir r\u00e9pondre positivement \u00e0 votre demande avec notre offre de transport (public) \u00e9lectrique sur mesure.\" \/>\n<meta property=\"og:url\" content=\"https:\/\/distrimob.be\/fr\/contact\/\" \/>\n<meta property=\"og:site_name\" content=\"DistriMob e-shuttlebus\" \/>\n<meta property=\"article:modified_time\" content=\"2025-08-05T07:13:57+00:00\" \/>\n<meta name=\"twitter:card\" content=\"summary_large_image\" \/>\n<script type=\"application\/ld+json\" class=\"yoast-schema-graph\">{\"@context\":\"https:\/\/schema.org\",\"@graph\":[{\"@type\":\"WebPage\",\"@id\":\"https:\/\/distrimob.be\/fr\/contact\/\",\"url\":\"https:\/\/distrimob.be\/fr\/contact\/\",\"name\":\"Bus \u00e9lectriques Distrimob : contactez-nous sans engagement pour un entretien\",\"isPartOf\":{\"@id\":\"https:\/\/distrimob.be\/fr\/#website\"},\"datePublished\":\"2021-04-09T11:20:20+00:00\",\"dateModified\":\"2025-08-05T07:13:57+00:00\",\"description\":\"Nous sommes certains de pouvoir r\u00e9pondre positivement \u00e0 votre demande avec notre offre de transport (public) \u00e9lectrique sur mesure.\",\"breadcrumb\":{\"@id\":\"https:\/\/distrimob.be\/fr\/contact\/#breadcrumb\"},\"inLanguage\":\"fr-BE\",\"potentialAction\":[{\"@type\":\"ReadAction\",\"target\":[\"https:\/\/distrimob.be\/fr\/contact\/\"]}]},{\"@type\":\"BreadcrumbList\",\"@id\":\"https:\/\/distrimob.be\/fr\/contact\/#breadcrumb\",\"itemListElement\":[{\"@type\":\"ListItem\",\"position\":1,\"name\":\"Home\",\"item\":\"https:\/\/distrimob.be\/fr\/\"},{\"@type\":\"ListItem\",\"position\":2,\"name\":\"Contact\"}]},{\"@type\":\"WebSite\",\"@id\":\"https:\/\/distrimob.be\/fr\/#website\",\"url\":\"https:\/\/distrimob.be\/fr\/\",\"name\":\"DistriMob e-shuttlebus\",\"description\":\"Elektrisch openbaar vervoer op maat\",\"publisher\":{\"@id\":\"https:\/\/distrimob.be\/fr\/#organization\"},\"potentialAction\":[{\"@type\":\"SearchAction\",\"target\":{\"@type\":\"EntryPoint\",\"urlTemplate\":\"https:\/\/distrimob.be\/fr\/?s={search_term_string}\"},\"query-input\":{\"@type\":\"PropertyValueSpecification\",\"valueRequired\":true,\"valueName\":\"search_term_string\"}}],\"inLanguage\":\"fr-BE\"},{\"@type\":\"Organization\",\"@id\":\"https:\/\/distrimob.be\/fr\/#organization\",\"name\":\"DistriMob e-shuttlebussen\",\"url\":\"https:\/\/distrimob.be\/fr\/\",\"logo\":{\"@type\":\"ImageObject\",\"inLanguage\":\"fr-BE\",\"@id\":\"https:\/\/distrimob.be\/fr\/#\/schema\/logo\/image\/\",\"url\":\"https:\/\/distrimob.be\/wp-content\/uploads\/2021\/07\/Distrimob-logo.png\",\"contentUrl\":\"https:\/\/distrimob.be\/wp-content\/uploads\/2021\/07\/Distrimob-logo.png\",\"width\":542,\"height\":163,\"caption\":\"DistriMob e-shuttlebussen\"},\"image\":{\"@id\":\"https:\/\/distrimob.be\/fr\/#\/schema\/logo\/image\/\"}}]}<\/script>\n<!-- \/ Yoast SEO plugin. -->","yoast_head_json":{"title":"Bus \u00e9lectriques Distrimob : contactez-nous sans engagement pour un entretien","description":"Nous sommes certains de pouvoir r\u00e9pondre positivement \u00e0 votre demande avec notre offre de transport (public) \u00e9lectrique sur mesure.","robots":{"index":"index","follow":"follow","max-snippet":"max-snippet:-1","max-image-preview":"max-image-preview:large","max-video-preview":"max-video-preview:-1"},"canonical":"https:\/\/distrimob.be\/fr\/contact\/","og_locale":"fr_FR","og_type":"article","og_title":"Bus \u00e9lectriques Distrimob : contactez-nous sans engagement pour un entretien","og_description":"Nous sommes certains de pouvoir r\u00e9pondre positivement \u00e0 votre demande avec notre offre de transport (public) \u00e9lectrique sur mesure.","og_url":"https:\/\/distrimob.be\/fr\/contact\/","og_site_name":"DistriMob e-shuttlebus","article_modified_time":"2025-08-05T07:13:57+00:00","twitter_card":"summary_large_image","schema":{"@context":"https:\/\/schema.org","@graph":[{"@type":"WebPage","@id":"https:\/\/distrimob.be\/fr\/contact\/","url":"https:\/\/distrimob.be\/fr\/contact\/","name":"Bus \u00e9lectriques Distrimob : contactez-nous sans engagement pour un entretien","isPartOf":{"@id":"https:\/\/distrimob.be\/fr\/#website"},"datePublished":"2021-04-09T11:20:20+00:00","dateModified":"2025-08-05T07:13:57+00:00","description":"Nous sommes certains de pouvoir r\u00e9pondre positivement \u00e0 votre demande avec notre offre de transport (public) \u00e9lectrique sur mesure.","breadcrumb":{"@id":"https:\/\/distrimob.be\/fr\/contact\/#breadcrumb"},"inLanguage":"fr-BE","potentialAction":[{"@type":"ReadAction","target":["https:\/\/distrimob.be\/fr\/contact\/"]}]},{"@type":"BreadcrumbList","@id":"https:\/\/distrimob.be\/fr\/contact\/#breadcrumb","itemListElement":[{"@type":"ListItem","position":1,"name":"Home","item":"https:\/\/distrimob.be\/fr\/"},{"@type":"ListItem","position":2,"name":"Contact"}]},{"@type":"WebSite","@id":"https:\/\/distrimob.be\/fr\/#website","url":"https:\/\/distrimob.be\/fr\/","name":"DistriMob e-shuttlebus","description":"Elektrisch openbaar vervoer op maat","publisher":{"@id":"https:\/\/distrimob.be\/fr\/#organization"},"potentialAction":[{"@type":"SearchAction","target":{"@type":"EntryPoint","urlTemplate":"https:\/\/distrimob.be\/fr\/?s={search_term_string}"},"query-input":{"@type":"PropertyValueSpecification","valueRequired":true,"valueName":"search_term_string"}}],"inLanguage":"fr-BE"},{"@type":"Organization","@id":"https:\/\/distrimob.be\/fr\/#organization","name":"DistriMob e-shuttlebussen","url":"https:\/\/distrimob.be\/fr\/","logo":{"@type":"ImageObject","inLanguage":"fr-BE","@id":"https:\/\/distrimob.be\/fr\/#\/schema\/logo\/image\/","url":"https:\/\/distrimob.be\/wp-content\/uploads\/2021\/07\/Distrimob-logo.png","contentUrl":"https:\/\/distrimob.be\/wp-content\/uploads\/2021\/07\/Distrimob-logo.png","width":542,"height":163,"caption":"DistriMob e-shuttlebussen"},"image":{"@id":"https:\/\/distrimob.be\/fr\/#\/schema\/logo\/image\/"}}]}},"_links":{"self":[{"href":"https:\/\/distrimob.be\/fr\/wp-json\/wp\/v2\/pages\/1094","targetHints":{"allow":["GET"]}}],"collection":[{"href":"https:\/\/distrimob.be\/fr\/wp-json\/wp\/v2\/pages"}],"about":[{"href":"https:\/\/distrimob.be\/fr\/wp-json\/wp\/v2\/types\/page"}],"author":[{"embeddable":true,"href":"https:\/\/distrimob.be\/fr\/wp-json\/wp\/v2\/users\/1"}],"replies":[{"embeddable":true,"href":"https:\/\/distrimob.be\/fr\/wp-json\/wp\/v2\/comments?post=1094"}],"version-history":[{"count":12,"href":"https:\/\/distrimob.be\/fr\/wp-json\/wp\/v2\/pages\/1094\/revisions"}],"predecessor-version":[{"id":2074,"href":"https:\/\/distrimob.be\/fr\/wp-json\/wp\/v2\/pages\/1094\/revisions\/2074"}],"wp:attachment":[{"href":"https:\/\/distrimob.be\/fr\/wp-json\/wp\/v2\/media?parent=1094"}],"curies":[{"name":"wp","href":"https:\/\/api.w.org\/{rel}","templated":true}]}}